{"id":38066,"date":"2014-03-14T08:51:01","date_gmt":"2014-03-14T07:51:01","guid":{"rendered":"https:\/\/wirlitsch-arbeitsrecht.de\/imprint\/"},"modified":"2026-02-10T14:30:46","modified_gmt":"2026-02-10T13:30:46","slug":"imprint","status":"publish","type":"page","link":"https:\/\/wirlitsch-arbeitsrecht.de\/en\/imprint\/","title":{"rendered":"imprint"},"content":{"rendered":"<style>.elementor-38066 .elementor-element.elementor-element-1a5c38ed{margin-top:50px;margin-bottom:50px;}<\/style>\t\t<div data-elementor-type=\"wp-page\" data-elementor-id=\"38066\" class=\"elementor elementor-38066 elementor-59\" data-elementor-post-type=\"page\">\n\t\t\t\t\t\t<section class=\"elementor-section elementor-top-section elementor-element elementor-element-1a5c38ed elementor-section-boxed elementor-section-height-default elementor-section-height-default\" data-id=\"1a5c38ed\" data-element_type=\"section\">\n\t\t\t\t\t\t<div class=\"elementor-container elementor-column-gap-default\">\n\t\t\t\t\t<div class=\"elementor-column elementor-col-100 elementor-top-column elementor-element elementor-element-358ce201\" data-id=\"358ce201\" data-element_type=\"column\">\n\t\t\t<div class=\"elementor-widget-wrap elementor-element-populated\">\n\t\t\t\t\t\t<div class=\"elementor-element elementor-element-5a2b097 elementor-widget elementor-widget-html\" data-id=\"5a2b097\" data-element_type=\"widget\" data-widget_type=\"html.default\">\n\t\t\t\t<div class=\"elementor-widget-container\">\n\t\t\t\t\t<div id=\"main\" class=\"impressum-wrap\"><div class=\"impressum-container\"><style>.impressum-wrap{max-width:1100px;margin:0 auto;padding:24px 16px;font-family:inherit;color:#1a1a1a}\n      .impressum-container h2,.impressum-container h3,.impressum-container h4{margin:22px 0 10px;line-height:1.25}\n      .impressum-container p{margin:10px 0;line-height:1.7}\n      .impressum-container a{color:inherit;text-decoration:underline}\n      .impressum-box{border:1px solid rgba(0,0,0,.08);border-radius:12px;padding:18px 16px;margin:14px 0;background:#fff}\n      .impressum-grid{display:grid;grid-template-columns:1fr;gap:14px}\n      @media (min-width: 860px){.impressum-grid{grid-template-columns:1fr 1fr}}\n      .impressum-list{margin:10px 0 0;padding-left:18px;line-height:1.7}\n      .impressum-muted{opacity:.9}\n      .impressum-hr{height:1px;background:rgba(0,0,0,.08);margin:18px 0;border:0}\n    <\/style><h2>Webseitenbetreiber und Verantwortliche iSd \u00a7 55 Abs. 2 RStV und \u00a7 5 Nr. 1 TMG<\/h2><div class=\"impressum-box\"><p class=\"impressum-muted\">Verantwortlicher der Website www.wirlitsch-arbeitsrecht.de<\/p><p><strong>WIRLITSCH \u2013 KANZLEI F\u00dcR ARBEITSRECHT<\/strong><br\/>Michael Wirlitsch<br\/>Bruder-Klaus-Str. 54<br\/>78467 Konstanz\n  <\/p><p>Finanzamt Konstanz, Steuernummer: 09285\/33660<br\/>Umsatz-Steuernummer: DE 197244970<br\/>E-Mail: <a href=\"&#109;&#97;&#x69;l&#116;&#x6f;&#x3a;k&#97;&#x6e;&#x7a;l&#101;&#x69;&#x40;w&#105;&#x72;&#x6c;i&#116;&#x73;&#x63;h&#45;&#x61;r&#98;&#101;&#x69;t&#115;&#x72;&#x65;c&#104;&#x74;&#x2e;d&#101;\">&#x6b;&#x61;&#110;z&#x6c;&#x65;&#105;&#64;w&#x69;&#x72;&#108;i&#x74;&#x73;&#99;&#104;-&#x61;&#x72;&#98;e&#x69;&#x74;&#115;&#114;e&#x63;&#x68;&#116;&#46;&#x64;&#x65;<\/a><\/p><p>Alle in der Kanzlei t\u00e4tigen Rechtsanw\u00e4lte sind als Rechtsanw\u00e4lte in der Bundesrepublik Deutschland zugelassen und Mitglieder der zust\u00e4ndigen\n    <a href=\"https:\/\/www.rak-freiburg.de\" target=\"_blank\" rel=\"noopener noreferrer\">Rechtsanwaltskammer Freiburg<\/a>als Zulassungs- und Aufsichtsbeh\u00f6rde.\n  <\/p><p>Rechtsanwalt Michael D. Wirlitsch besitzt zus\u00e4tzlich die Zulassung als<br\/><strong>Fachanwalt f\u00fcr Arbeitsrecht<\/strong><\/p><\/div><div class=\"impressum-grid\"><div class=\"impressum-box\"><h3>Zust\u00e4ndige Aufsicht<\/h3><p>Rechtsanwaltskammer Freiburg<br\/>Bertoldstra\u00dfe 44<br\/>79098 Freiburg im Breisgau\n    <\/p><p>Telefon: <a href=\"tel:+4976132563\">+49 (0)761 \/ 325 63<\/a><br\/>Telefax: <a href=\"fax:+49761286261\">+49 (0)761 \/ 286 261<\/a><br\/>E-Mail: <a href=\"&#109;&#x61;i&#108;&#x74;o&#58;&#x69;n&#102;&#x6f;&#64;&#114;&#x61;k&#45;&#x66;r&#101;&#x69;b&#117;&#x72;g&#46;&#x64;e\">i&#110;&#x66;&#x6f;&#64;&#114;&#97;&#x6b;&#x2d;f&#114;&#101;&#x69;&#x62;u&#114;&#x67;&#x2e;&#x64;e<\/a><\/p><\/div><div class=\"impressum-box\"><h3>Anschrift der Berufshaftpflicht-Versicherung<\/h3><p>HDI Versicherung AG<br\/>30650 Hannover\n    <\/p><\/div><\/div><div class=\"impressum-box\"><h3>Es gelten folgende berufsrechtliche Regelungen<\/h3><p>BRAO (Bundesrechtsanwaltsordnung)<\/p><p>BORA (Berufsordnung f\u00fcr Rechtsanw\u00e4lte)<\/p><p>FAO (Fachanwaltsordnung)<\/p><p>RVG (Gesetz \u00fcber die Verg\u00fctung der Rechtsanw\u00e4lte und Rechtsanw\u00e4ltinnen)<\/p><p>Berufsregeln der Rechtsanw\u00e4lte der Europ\u00e4ischen Gemeinschaft (CCBE)<\/p><p>EuRAG (Gesetz \u00fcber die T\u00e4tigkeit europ\u00e4ischer Rechtsanw\u00e4lte in Deutschland)<\/p><hr class=\"impressum-hr\"><p>Die jeweiligen Texte k\u00f6nnen Sie auf der Homepage der Bundesrechtsanwaltskammer unter der Rubrik \u201eInformationspflichten gem\u00e4\u00df \u00a7 5 TMG\u201c abrufen unter\n    <a href=\"https:\/\/www.brak.de\" target=\"_blank\" rel=\"noopener noreferrer\">https:\/\/www.brak.de<\/a>.\n  <\/p><\/div><div class=\"impressum-box\"><h3>Online-Streitbeilegung und Verbraucherstreitbeilegung<\/h3><p>Die Europ\u00e4ische Kommission stellt eine Plattform zur Online-Streitbeilegung bereit, die unter\n    <a href=\"https:\/\/ec.europa.eu\/consumers\/odr\" target=\"_blank\" rel=\"noopener noreferrer\">https:\/\/ec.europa.eu\/consumers\/odr<\/a>abrufbar ist.\n  <\/p><p>Zust\u00e4ndige Verbraucherschlichtungsstelle in Deutschland f\u00fcr verm\u00f6gensrechtliche Streitigkeiten aus einem Mandatsverh\u00e4ltnis ist die Schlichtungsstelle der Rechtsanwaltschaft,<br\/>Neue Gr\u00fcnstra\u00dfe 17, 10179 Berlin.\n  <\/p><p><a href=\"https:\/\/www.schlichtungsstelle-der-rechtsanwaltschaft.de\" target=\"_blank\" rel=\"noopener noreferrer\">https:\/\/www.schlichtungsstelle-der-rechtsanwaltschaft.de<\/a><\/p><p>Wie jede andere Rechtsanwaltskanzlei sind die Rechtsanw\u00e4lte unserer Kanzlei nicht verpflichtet, an einem Streitbeilegungsverfahren vor einer Verbraucherschlichtungsstelle teilzunehmen.\n  <\/p><\/div><div class=\"impressum-box\"><h3>Haftung f\u00fcr Inhalte<\/h3><p>Die auf der Website und die \u00fcber diese Website aufrufbaren Inhalte in den sozialen Netzwerken (Facebook und YouTube) stellen keine Rechtsberatung dar.\n    Jegliche Haftung im Zusammenhang mit der Nutzung von Inhalten der Website und den \u00fcber diese Website aufrufbaren Inhalten in den sozialen Netzwerken (Facebook und YouTube) oder dem Vertrauen auf deren Richtigkeit ist ausgeschlossen.\n  <\/p><\/div><div class=\"impressum-box\"><h3>Anwendbares Recht<\/h3><p>Die rechtlichen Hinweise auf dieser Seite sowie alle Fragen und Streitigkeiten im Zusammenhang mit dieser Webseite und den \u00fcber diese Website aufrufbaren Seiten in den sozialen Netzwerken (Facebook und YouTube) unterliegen dem Recht der Bundesrepublik Deutschland.\n  <\/p><\/div><div class=\"impressum-box\"><h3>Bildnachweis<\/h3><ul class=\"impressum-list\"><li>Seminare: <a href=\"http:\/\/de.fotolia.com\/id\/60092652\" target=\"_blank\" rel=\"noopener noreferrer\">\u00a9 aerogondo<\/a><\/li><li>Icons: <a href=\"http:\/\/webdesignerdepot.com\" target=\"_blank\" rel=\"noopener noreferrer\">webdesignerdepot.com<\/a>, <a href=\"http:\/\/www.freepik.com\/free-icon\/shake-hands_700231.htm\" target=\"_blank\" rel=\"noopener noreferrer\">freepik.com<\/a><\/li><li>Bilder: <a href=\"http:\/\/www.geigges-photography.de\" target=\"_blank\" rel=\"noopener noreferrer\">Sabrina Geigges Photography, Konstanz<\/a><\/li><\/ul><\/div><div class=\"impressum-box\"><h3>Technische Umsetzung &amp; Betreuung<\/h3><p><strong>LEOSA Marketing &amp; Webagentur Konstanz<\/strong><br\/><a href=\"https:\/\/www.google.de\/maps?cid=6523099296246353969\" target=\"_blank\" rel=\"noopener noreferrer\">Klingenbergstra\u00dfe 15, 78467 Konstanz<\/a><br\/><a href=\"http:\/\/www.leosa.de\" target=\"_blank\" rel=\"noopener noreferrer\">http:\/\/www.leosa.de<\/a><\/p><\/div><\/div><\/div>\t\t\t\t<\/div>\n\t\t\t\t<\/div>\n\t\t\t\t\t<\/div>\n\t\t<\/div>\n\t\t\t\t\t<\/div>\n\t\t<\/section>\n\t\t\t\t<\/div>\n\t\t","protected":false},"excerpt":{"rendered":"<p>Webseitenbetreiber und Verantwortliche iSd \u00a7 55 Abs. 2 RStV und \u00a7 5 Nr. 1 TMG Verantwortlicher der Website www.wirlitsch-arbeitsrecht.de WIRLITSCH \u2013 KANZLEI F\u00dcR ARBEITSRECHTMichael WirlitschBruder-Klaus-Str. 5478467 Konstanz Finanzamt Konstanz, Steuernummer: 09285\/33660Umsatz-Steuernummer: DE 197244970E-Mail: ka&#110;&#122;&#x6c;&#x65;&#x69;&#x40;wi&#114;&#108;&#x69;&#x74;&#x73;&#x63;h-&#97;&#114;&#98;&#x65;&#x69;&#x74;&#x73;re&#99;&#104;&#x74;&#x2e;&#x64;&#x65; Alle in der Kanzlei t\u00e4tigen Rechtsanw\u00e4lte sind als Rechtsanw\u00e4lte in der Bundesrepublik Deutschland zugelassen und Mitglieder der zust\u00e4ndigen Rechtsanwaltskammer Freiburgals Zulassungs- [&hellip;]<\/p>\n","protected":false},"author":7,"featured_media":0,"parent":0,"menu_order":100,"comment_status":"closed","ping_status":"open","template":"","meta":{"footnotes":""},"class_list":["post-38066","page","type-page","status-publish","hentry"],"_links":{"self":[{"href":"https:\/\/wirlitsch-arbeitsrecht.de\/en\/wp-json\/wp\/v2\/pages\/38066","targetHints":{"allow":["GET"]}}],"collection":[{"href":"https:\/\/wirlitsch-arbeitsrecht.de\/en\/wp-json\/wp\/v2\/pages"}],"about":[{"href":"https:\/\/wirlitsch-arbeitsrecht.de\/en\/wp-json\/wp\/v2\/types\/page"}],"author":[{"embeddable":true,"href":"https:\/\/wirlitsch-arbeitsrecht.de\/en\/wp-json\/wp\/v2\/users\/7"}],"replies":[{"embeddable":true,"href":"https:\/\/wirlitsch-arbeitsrecht.de\/en\/wp-json\/wp\/v2\/comments?post=38066"}],"version-history":[{"count":6,"href":"https:\/\/wirlitsch-arbeitsrecht.de\/en\/wp-json\/wp\/v2\/pages\/38066\/revisions"}],"predecessor-version":[{"id":38078,"href":"https:\/\/wirlitsch-arbeitsrecht.de\/en\/wp-json\/wp\/v2\/pages\/38066\/revisions\/38078"}],"wp:attachment":[{"href":"https:\/\/wirlitsch-arbeitsrecht.de\/en\/wp-json\/wp\/v2\/media?parent=38066"}],"curies":[{"name":"wp","href":"https:\/\/api.w.org\/{rel}","templated":true}]}}