{"id":38256,"date":"2025-11-07T11:31:11","date_gmt":"2025-11-07T10:31:11","guid":{"rendered":"https:\/\/wirlitsch-arbeitsrecht.de\/trabajador\/"},"modified":"2026-02-20T13:53:57","modified_gmt":"2026-02-20T12:53:57","slug":"trabajador","status":"publish","type":"page","link":"https:\/\/wirlitsch-arbeitsrecht.de\/es\/trabajador\/","title":{"rendered":"Trabajador"},"content":{"rendered":"<style>.elementor-38256 .elementor-element.elementor-element-47c28d15{margin-top:100px;margin-bottom:100px;}.elementor-widget-image .widget-image-caption{color:var( --e-global-color-text );font-family:var( --e-global-typography-text-font-family ), Sans-serif;font-size:var( --e-global-typography-text-font-size );font-weight:var( --e-global-typography-text-font-weight );line-height:var( --e-global-typography-text-line-height );}.elementor-38256 .elementor-element.elementor-element-57efe00 img{width:53%;border-radius:5px 5px 5px 5px;}.elementor-widget-heading .elementor-heading-title{font-family:var( --e-global-typography-primary-font-family ), Sans-serif;font-weight:var( --e-global-typography-primary-font-weight );color:var( --e-global-color-primary );}.elementor-38256 .elementor-element.elementor-element-ed8bd90{text-align:start;}.elementor-38256 .elementor-element.elementor-element-1473340{text-align:start;}.elementor-38256 .elementor-element.elementor-element-1473340 .elementor-heading-title{color:#000000;}.elementor-widget-text-editor{font-family:var( --e-global-typography-text-font-family ), Sans-serif;font-size:var( --e-global-typography-text-font-size );font-weight:var( --e-global-typography-text-font-weight );line-height:var( --e-global-typography-text-line-height );color:var( --e-global-color-text );}.elementor-widget-text-editor.elementor-drop-cap-view-stacked .elementor-drop-cap{background-color:var( --e-global-color-primary );}.elementor-widget-text-editor.elementor-drop-cap-view-framed .elementor-drop-cap, .elementor-widget-text-editor.elementor-drop-cap-view-default .elementor-drop-cap{color:var( --e-global-color-primary );border-color:var( --e-global-color-primary );}.elementor-38256 .elementor-element.elementor-element-d7cef00{color:#000000;}.elementor-38256 .elementor-element.elementor-element-b3731aa{text-align:start;}.elementor-38256 .elementor-element.elementor-element-b3731aa .elementor-heading-title{color:#000000;}.elementor-38256 .elementor-element.elementor-element-e5574d5{color:#000000;}.elementor-38256 .elementor-element.elementor-element-4562d97{text-align:start;}.elementor-38256 .elementor-element.elementor-element-4562d97 .elementor-heading-title{color:#000000;}.elementor-38256 .elementor-element.elementor-element-d4e90a2{color:#000000;}.elementor-38256 .elementor-element.elementor-element-b15a4d4{text-align:start;}.elementor-38256 .elementor-element.elementor-element-b15a4d4 .elementor-heading-title{color:#000000;}.elementor-38256 .elementor-element.elementor-element-c1790df{color:#000000;}.elementor-38256 .elementor-element.elementor-element-8715887{text-align:start;}.elementor-38256 .elementor-element.elementor-element-8715887 .elementor-heading-title{color:#000000;}.elementor-38256 .elementor-element.elementor-element-04c4ea8{color:#000000;}.elementor-38256 .elementor-element.elementor-element-e2567c7{text-align:start;}.elementor-38256 .elementor-element.elementor-element-e2567c7 .elementor-heading-title{color:#000000;}.elementor-38256 .elementor-element.elementor-element-43bf5f2{color:#000000;}.elementor-widget-icon-box.elementor-view-stacked .elementor-icon{background-color:var( --e-global-color-primary );}.elementor-widget-icon-box.elementor-view-framed .elementor-icon, .elementor-widget-icon-box.elementor-view-default .elementor-icon{fill:var( --e-global-color-primary );color:var( --e-global-color-primary );border-color:var( --e-global-color-primary );}.elementor-widget-icon-box .elementor-icon-box-title, .elementor-widget-icon-box .elementor-icon-box-title a{font-family:var( --e-global-typography-primary-font-family ), Sans-serif;font-weight:var( --e-global-typography-primary-font-weight );}.elementor-widget-icon-box .elementor-icon-box-title{color:var( --e-global-color-primary );}.elementor-widget-icon-box:has(:hover) .elementor-icon-box-title,\n\t\t\t\t\t .elementor-widget-icon-box:has(:focus) .elementor-icon-box-title{color:var( --e-global-color-primary );}.elementor-widget-icon-box .elementor-icon-box-description{font-family:var( --e-global-typography-text-font-family ), Sans-serif;font-size:var( --e-global-typography-text-font-size );font-weight:var( --e-global-typography-text-font-weight );line-height:var( --e-global-typography-text-line-height );color:var( --e-global-color-text );}.elementor-38256 .elementor-element.elementor-element-7613978 .elementor-icon-box-wrapper{text-align:start;}.elementor-38256 .elementor-element.elementor-element-7613978 .elementor-icon-box-title{color:#000000;}.elementor-38256 .elementor-element.elementor-element-a9cb85c{--spacer-size:50px;}.elementor-38256 .elementor-element.elementor-element-f4f15ac .elementor-heading-title{color:#000000;}.elementor-38256 .elementor-element.elementor-element-13b68f2 > .elementor-container > .elementor-column > .elementor-widget-wrap{align-content:center;align-items:center;}.elementor-38256 .elementor-element.elementor-element-13b68f2:not(.elementor-motion-effects-element-type-background), .elementor-38256 .elementor-element.elementor-element-13b68f2 > .elementor-motion-effects-container > .elementor-motion-effects-layer{background-color:#000000;}.elementor-38256 .elementor-element.elementor-element-13b68f2{transition:background 0.3s, border 0.3s, border-radius 0.3s, box-shadow 0.3s;padding:100px 0px 100px 0px;}.elementor-38256 .elementor-element.elementor-element-13b68f2 > .elementor-background-overlay{transition:background 0.3s, border-radius 0.3s, opacity 0.3s;}.elementor-38256 .elementor-element.elementor-element-3699da7 > .elementor-element-populated{padding:0% 10% 0% 0%;}.elementor-38256 .elementor-element.elementor-element-b61ed68 .elementor-heading-title{font-size:45px;font-weight:900;line-height:1.2em;color:#ffffff;}.elementor-38256 .elementor-element.elementor-element-beac18a{font-family:var( --e-global-typography-text-font-family ), Sans-serif;font-size:var( --e-global-typography-text-font-size );font-weight:var( --e-global-typography-text-font-weight );line-height:var( --e-global-typography-text-line-height );color:#FFFFFF;}.elementor-widget-button .elementor-button{background-color:var( --e-global-color-accent );font-family:var( --e-global-typography-accent-font-family ), Sans-serif;font-weight:var( --e-global-typography-accent-font-weight );}.elementor-38256 .elementor-element.elementor-element-dcd38be img{border-radius:5px 5px 5px 5px;}@media(max-width:1024px){.elementor-widget-image .widget-image-caption{font-size:var( --e-global-typography-text-font-size );line-height:var( --e-global-typography-text-line-height );}.elementor-widget-text-editor{font-size:var( --e-global-typography-text-font-size );line-height:var( --e-global-typography-text-line-height );}.elementor-widget-icon-box .elementor-icon-box-description{font-size:var( --e-global-typography-text-font-size );line-height:var( --e-global-typography-text-line-height );}.elementor-38256 .elementor-element.elementor-element-13b68f2{padding:100px 25px 100px 25px;}.elementor-38256 .elementor-element.elementor-element-b61ed68 .elementor-heading-title{font-size:35px;}.elementor-38256 .elementor-element.elementor-element-beac18a{font-size:var( --e-global-typography-text-font-size );line-height:var( --e-global-typography-text-line-height );}}@media(max-width:767px){.elementor-widget-image .widget-image-caption{font-size:var( --e-global-typography-text-font-size );line-height:var( --e-global-typography-text-line-height );}.elementor-38256 .elementor-element.elementor-element-57efe00 img{width:100%;}.elementor-widget-text-editor{font-size:var( --e-global-typography-text-font-size );line-height:var( --e-global-typography-text-line-height );}.elementor-widget-icon-box .elementor-icon-box-description{font-size:var( --e-global-typography-text-font-size );line-height:var( --e-global-typography-text-line-height );}.elementor-38256 .elementor-element.elementor-element-13b68f2{padding:50px 20px 50px 20px;}.elementor-38256 .elementor-element.elementor-element-3699da7 > .elementor-element-populated{padding:25px 0px 0px 0px;}.elementor-38256 .elementor-element.elementor-element-beac18a{font-size:var( --e-global-typography-text-font-size );line-height:var( --e-global-typography-text-line-height );}}<\/style>\t\t<div data-elementor-type=\"wp-page\" data-elementor-id=\"38256\" class=\"elementor elementor-38256 elementor-37645\" data-elementor-post-type=\"page\">\n\t\t\t\t\t\t<section class=\"elementor-section elementor-top-section elementor-element elementor-element-47c28d15 elementor-section-boxed elementor-section-height-default elementor-section-height-default\" data-id=\"47c28d15\" data-element_type=\"section\">\n\t\t\t\t\t\t<div class=\"elementor-container elementor-column-gap-default\">\n\t\t\t\t\t<div class=\"elementor-column elementor-col-100 elementor-top-column elementor-element elementor-element-af0bc74\" data-id=\"af0bc74\" data-element_type=\"column\">\n\t\t\t<div class=\"elementor-widget-wrap elementor-element-populated\">\n\t\t\t\t\t\t<div class=\"elementor-element elementor-element-57efe00 elementor-widget elementor-widget-image\" data-id=\"57efe00\" data-element_type=\"widget\" data-widget_type=\"image.default\">\n\t\t\t\t<div class=\"elementor-widget-container\">\n\t\t\t\t\t\t\t\t\t\t\t\t\t\t\t<img fetchpriority=\"high\" decoding=\"async\" width=\"800\" height=\"534\" src=\"https:\/\/wirlitsch-arbeitsrecht.de\/wordpress\/wp-content\/uploads\/2025\/11\/IMG_1792-1024x683.webp\" class=\"attachment-large size-large wp-image-38250\" alt=\"\" srcset=\"https:\/\/wirlitsch-arbeitsrecht.de\/wordpress\/wp-content\/uploads\/2025\/11\/IMG_1792-1024x683.webp 1024w, https:\/\/wirlitsch-arbeitsrecht.de\/wordpress\/wp-content\/uploads\/2025\/11\/IMG_1792-300x200.webp 300w, https:\/\/wirlitsch-arbeitsrecht.de\/wordpress\/wp-content\/uploads\/2025\/11\/IMG_1792-150x100.webp 150w, https:\/\/wirlitsch-arbeitsrecht.de\/wordpress\/wp-content\/uploads\/2025\/11\/IMG_1792-768x512.webp 768w, https:\/\/wirlitsch-arbeitsrecht.de\/wordpress\/wp-content\/uploads\/2025\/11\/IMG_1792-1536x1025.webp 1536w, https:\/\/wirlitsch-arbeitsrecht.de\/wordpress\/wp-content\/uploads\/2025\/11\/IMG_1792-2048x1366.webp 2048w\" sizes=\"(max-width: 800px) 100vw, 800px\" \/>\t\t\t\t\t\t\t\t\t\t\t\t\t\t\t<\/div>\n\t\t\t\t<\/div>\n\t\t\t\t<div class=\"elementor-element elementor-element-ed8bd90 elementor-widget elementor-widget-heading\" data-id=\"ed8bd90\" data-element_type=\"widget\" data-widget_type=\"heading.default\">\n\t\t\t\t<div class=\"elementor-widget-container\">\n\t\t\t\t\t<h1 class=\"elementor-heading-title elementor-size-default\">Wirlitsch \u2013 Despacho de derecho laboral: fuerte a su lado como trabajador<\/h1>\t\t\t\t<\/div>\n\t\t\t\t<\/div>\n\t\t\t\t<div class=\"elementor-element elementor-element-1473340 elementor-widget elementor-widget-heading\" data-id=\"1473340\" data-element_type=\"widget\" data-widget_type=\"heading.default\">\n\t\t\t\t<div class=\"elementor-widget-container\">\n\t\t\t\t\t<h2 class=\"elementor-heading-title elementor-size-default\">Aplicaci\u00f3n, protecci\u00f3n y trato justo en la relaci\u00f3n laboral<\/h2>\t\t\t\t<\/div>\n\t\t\t\t<\/div>\n\t\t\t\t<div class=\"elementor-element elementor-element-d7cef00 elementor-widget elementor-widget-text-editor\" data-id=\"d7cef00\" data-element_type=\"widget\" data-widget_type=\"text-editor.default\">\n\t\t\t\t<div class=\"elementor-widget-container\">\n\t\t\t\t\t\t\t\t\tComo trabajador, usted posee derechos importantes que deben ser defendidos con firmeza en situaciones de conflicto o ante injusticias. Si su relaci\u00f3n laboral est\u00e1 amenazada o sus derechos no se cumplen, somos su socio s\u00f3lido.\nActuamos de manera decidida y eficaz en la defensa de sus intereses para garantizar que reciba un trato justo y conforme a la ley. \t\t\t\t\t\t\t\t<\/div>\n\t\t\t\t<\/div>\n\t\t\t\t<div class=\"elementor-element elementor-element-b3731aa elementor-widget elementor-widget-heading\" data-id=\"b3731aa\" data-element_type=\"widget\" data-widget_type=\"heading.default\">\n\t\t\t\t<div class=\"elementor-widget-container\">\n\t\t\t\t\t<h2 class=\"elementor-heading-title elementor-size-default\">Protegemos sus derechos en situaciones decisivas<\/h2>\t\t\t\t<\/div>\n\t\t\t\t<\/div>\n\t\t\t\t<div class=\"elementor-element elementor-element-e5574d5 elementor-widget elementor-widget-text-editor\" data-id=\"e5574d5\" data-element_type=\"widget\" data-widget_type=\"text-editor.default\">\n\t\t\t\t<div class=\"elementor-widget-container\">\n\t\t\t\t\t\t\t\t\tLe ofrecemos asesoramiento integral y representaci\u00f3n comprometida en todos los asuntos laborales centrales:\n\t\t\t\t\t\t\t\t<\/div>\n\t\t\t\t<\/div>\n\t\t\t\t<div class=\"elementor-element elementor-element-4562d97 elementor-widget elementor-widget-heading\" data-id=\"4562d97\" data-element_type=\"widget\" data-widget_type=\"heading.default\">\n\t\t\t\t<div class=\"elementor-widget-container\">\n\t\t\t\t\t<h3 class=\"elementor-heading-title elementor-size-default\">Protecci\u00f3n contra despidos y terminaci\u00f3n del contrato<\/h3>\t\t\t\t<\/div>\n\t\t\t\t<\/div>\n\t\t\t\t<div class=\"elementor-element elementor-element-d4e90a2 elementor-widget elementor-widget-text-editor\" data-id=\"d4e90a2\" data-element_type=\"widget\" data-widget_type=\"text-editor.default\">\n\t\t\t\t<div class=\"elementor-widget-container\">\n\t\t\t\t\t\t\t\t\t<p>\u2022 Revisi\u00f3n y defensa contra despidos ilegales.<br \/>\u2022 Negociaci\u00f3n de indemnizaciones \u00f3ptimas y acuerdos de rescisi\u00f3n.<\/p>\t\t\t\t\t\t\t\t<\/div>\n\t\t\t\t<\/div>\n\t\t\t\t<div class=\"elementor-element elementor-element-b15a4d4 elementor-widget elementor-widget-heading\" data-id=\"b15a4d4\" data-element_type=\"widget\" data-widget_type=\"heading.default\">\n\t\t\t\t<div class=\"elementor-widget-container\">\n\t\t\t\t\t<h3 class=\"elementor-heading-title elementor-size-default\">Aplicaci\u00f3n de derechos y remuneraci\u00f3n.<\/h3>\t\t\t\t<\/div>\n\t\t\t\t<\/div>\n\t\t\t\t<div class=\"elementor-element elementor-element-c1790df elementor-widget elementor-widget-text-editor\" data-id=\"c1790df\" data-element_type=\"widget\" data-widget_type=\"text-editor.default\">\n\t\t\t\t<div class=\"elementor-widget-container\">\n\t\t\t\t\t\t\t\t\t<p>\u2022 Reclamaci\u00f3n de derechos salariales, de vacaciones y de horas extras.<br \/>\u2022 Aplicaci\u00f3n del pago continuado del salario en caso de enfermedad y resoluci\u00f3n de dudas sobre la prestaci\u00f3n por enfermedad.<\/p>\t\t\t\t\t\t\t\t<\/div>\n\t\t\t\t<\/div>\n\t\t\t\t<div class=\"elementor-element elementor-element-8715887 elementor-widget elementor-widget-heading\" data-id=\"8715887\" data-element_type=\"widget\" data-widget_type=\"heading.default\">\n\t\t\t\t<div class=\"elementor-widget-container\">\n\t\t\t\t\t<h3 class=\"elementor-heading-title elementor-size-default\">Casos especiales y protecci\u00f3n adicional<\/h3>\t\t\t\t<\/div>\n\t\t\t\t<\/div>\n\t\t\t\t<div class=\"elementor-element elementor-element-04c4ea8 elementor-widget elementor-widget-text-editor\" data-id=\"04c4ea8\" data-element_type=\"widget\" data-widget_type=\"text-editor.default\">\n\t\t\t\t<div class=\"elementor-widget-container\">\n\t\t\t\t\t\t\t\t\t<p>\u2022 Asesoramiento y derechos de protecci\u00f3n en caso de embarazo, permiso de paternidad y protecci\u00f3n maternal.<br \/>\u2022 Apoyo en conflictos o discriminaci\u00f3n en el lugar de trabajo.<\/p>\t\t\t\t\t\t\t\t<\/div>\n\t\t\t\t<\/div>\n\t\t\t\t<div class=\"elementor-element elementor-element-e2567c7 elementor-widget elementor-widget-heading\" data-id=\"e2567c7\" data-element_type=\"widget\" data-widget_type=\"heading.default\">\n\t\t\t\t<div class=\"elementor-widget-container\">\n\t\t\t\t\t<h3 class=\"elementor-heading-title elementor-size-default\">Asesoramiento durante la relaci\u00f3n laboral y condiciones de trabajo<\/h3>\t\t\t\t<\/div>\n\t\t\t\t<\/div>\n\t\t\t\t<div class=\"elementor-element elementor-element-43bf5f2 elementor-widget elementor-widget-text-editor\" data-id=\"43bf5f2\" data-element_type=\"widget\" data-widget_type=\"text-editor.default\">\n\t\t\t\t<div class=\"elementor-widget-container\">\n\t\t\t\t\t\t\t\t\t<p>\u2022 An\u00e1lisis de contratos laborales y certificados de trabajo.<br \/>\u2022 Resoluci\u00f3n de dudas sobre traslados y condiciones laborales.<br \/>\u2022 Asesoramiento integral sobre todos los aspectos del derecho laboral relacionado con el tiempo de trabajo (por ejemplo, jornada m\u00e1xima, pausas, guardias).<\/p>\t\t\t\t\t\t\t\t<\/div>\n\t\t\t\t<\/div>\n\t\t\t\t<div class=\"elementor-element elementor-element-7613978 elementor-widget elementor-widget-icon-box\" data-id=\"7613978\" data-element_type=\"widget\" data-widget_type=\"icon-box.default\">\n\t\t\t\t<div class=\"elementor-widget-container\">\n\t\t\t\t\t\t\t<div class=\"elementor-icon-box-wrapper\">\n\n\t\t\t\n\t\t\t\t\t\t<div class=\"elementor-icon-box-content\">\n\n\t\t\t\t\t\t\t\t\t<h2 class=\"elementor-icon-box-title\">\n\t\t\t\t\t\t<span  >\n\t\t\t\t\t\t\tSu valor a\u00f1adido: claridad y \u00e9xito\t\t\t\t\t\t<\/span>\n\t\t\t\t\t<\/h2>\n\t\t\t\t\n\t\t\t\t\t\t\t\t\t<p class=\"elementor-icon-box-description\">\n\t\t\t\t\t\tNo importa el desaf\u00edo laboral que enfrente: le proporcionamos la claridad necesaria sobre su posici\u00f3n jur\u00eddica. Conf\u00ede en nuestra experiencia para hacer valer sus derechos con \u00e9xito y alcanzar la mejor soluci\u00f3n para su futuro profesional. \t\t\t\t\t<\/p>\n\t\t\t\t\n\t\t\t<\/div>\n\t\t\t\n\t\t<\/div>\n\t\t\t\t\t\t<\/div>\n\t\t\t\t<\/div>\n\t\t\t\t<div class=\"elementor-element elementor-element-a9cb85c elementor-widget elementor-widget-spacer\" data-id=\"a9cb85c\" data-element_type=\"widget\" data-widget_type=\"spacer.default\">\n\t\t\t\t<div class=\"elementor-widget-container\">\n\t\t\t\t\t\t\t<div class=\"elementor-spacer\">\n\t\t\t<div class=\"elementor-spacer-inner\"><\/div>\n\t\t<\/div>\n\t\t\t\t\t\t<\/div>\n\t\t\t\t<\/div>\n\t\t\t\t<div class=\"elementor-element elementor-element-f4f15ac elementor-widget elementor-widget-heading\" data-id=\"f4f15ac\" data-element_type=\"widget\" data-widget_type=\"heading.default\">\n\t\t\t\t<div class=\"elementor-widget-container\">\n\t\t\t\t\t<h2 class=\"elementor-heading-title elementor-size-default\">Otros \u00e1mbitos de especializaci\u00f3n del despacho<\/h2>\t\t\t\t<\/div>\n\t\t\t\t<\/div>\n\t\t\t\t<div class=\"elementor-element elementor-element-e0b3393 elementor-widget elementor-widget-html\" data-id=\"e0b3393\" data-element_type=\"widget\" data-widget_type=\"html.default\">\n\t\t\t\t<div class=\"elementor-widget-container\">\n\t\t\t\t\t<div>\n\n  <p><a href=\"https:\/\/wirlitsch-arbeitsrecht.de\/es\/empleador\/\">Para empleadores: asesoramiento estrat\u00e9gico, procesos legalmente seguros y representaci\u00f3n efectiva en todas las cuestiones laborales.<\/a><\/p>\n  <p><a href=\"https:\/\/wirlitsch-arbeitsrecht.de\/internationales-arbeitsrecht\/\">Derecho laboral internacional: inmigraci\u00f3n de personal cualificado, desplazamientos y cumplimiento global de recursos humanos.<\/a><\/p>\n  <p><a href=\"\/mitbestimmungsrecht\/\">Para comit\u00e9s de empresa y de personal: apoyo estrat\u00e9gico y legalmente seguro para el trabajo de los \u00f3rganos de representaci\u00f3n.<\/a><\/p>\n<\/div>\t\t\t\t<\/div>\n\t\t\t\t<\/div>\n\t\t\t\t\t<\/div>\n\t\t<\/div>\n\t\t\t\t\t<\/div>\n\t\t<\/section>\n\t\t\t\t<section class=\"elementor-section elementor-top-section elementor-element elementor-element-13b68f2 elementor-section-content-middle elementor-reverse-mobile elementor-section-boxed elementor-section-height-default elementor-section-height-default\" data-id=\"13b68f2\" data-element_type=\"section\" data-settings=\"{&quot;background_background&quot;:&quot;classic&quot;}\">\n\t\t\t\t\t\t<div class=\"elementor-container elementor-column-gap-no\">\n\t\t\t\t\t<div class=\"elementor-column elementor-col-50 elementor-top-column elementor-element elementor-element-3699da7\" data-id=\"3699da7\" data-element_type=\"column\">\n\t\t\t<div class=\"elementor-widget-wrap elementor-element-populated\">\n\t\t\t\t\t\t<div class=\"elementor-element elementor-element-b61ed68 elementor-widget elementor-widget-heading\" data-id=\"b61ed68\" data-element_type=\"widget\" data-widget_type=\"heading.default\">\n\t\t\t\t<div class=\"elementor-widget-container\">\n\t\t\t\t\t<h2 class=\"elementor-heading-title elementor-size-default\">\u00a1Es hora de actuar \u2013 p\u00f3ngase en contacto!<\/h2>\t\t\t\t<\/div>\n\t\t\t\t<\/div>\n\t\t\t\t<div class=\"elementor-element elementor-element-beac18a elementor-widget elementor-widget-text-editor\" data-id=\"beac18a\" data-element_type=\"widget\" data-widget_type=\"text-editor.default\">\n\t\t\t\t<div class=\"elementor-widget-container\">\n\t\t\t\t\t\t\t\t\t\u00bfEst\u00e1 frente a un conflicto o un despido? No espere m\u00e1s. El derecho laboral a menudo establece plazos breves.\nLl\u00e1menos de inmediato o utilice nuestro formulario de contacto para una evaluaci\u00f3n inicial r\u00e1pida. Nos aseguraremos de que se respeten sus derechos.   \t\t\t\t\t\t\t\t<\/div>\n\t\t\t\t<\/div>\n\t\t\t\t<div class=\"elementor-element elementor-element-45eafae elementor-align-left elementor-widget elementor-widget-button\" data-id=\"45eafae\" data-element_type=\"widget\" data-widget_type=\"button.default\">\n\t\t\t\t<div class=\"elementor-widget-container\">\n\t\t\t\t\t\t\t\t\t<div class=\"elementor-button-wrapper\">\n\t\t\t\t\t<a class=\"elementor-button elementor-button-link elementor-size-sm\" href=\"https:\/\/wirlitsch-arbeitsrecht.de\/kontakt\/\">\n\t\t\t\t\t\t<span class=\"elementor-button-content-wrapper\">\n\t\t\t\t\t\t\t\t\t<span class=\"elementor-button-text\">Solicitar asesoramiento ahora<\/span>\n\t\t\t\t\t<\/span>\n\t\t\t\t\t<\/a>\n\t\t\t\t<\/div>\n\t\t\t\t\t\t\t\t<\/div>\n\t\t\t\t<\/div>\n\t\t\t\t\t<\/div>\n\t\t<\/div>\n\t\t\t\t<div class=\"elementor-column elementor-col-50 elementor-top-column elementor-element elementor-element-e1e0a29\" data-id=\"e1e0a29\" data-element_type=\"column\">\n\t\t\t<div class=\"elementor-widget-wrap elementor-element-populated\">\n\t\t\t\t\t\t<div class=\"elementor-element elementor-element-dcd38be elementor-widget elementor-widget-image\" data-id=\"dcd38be\" data-element_type=\"widget\" data-widget_type=\"image.default\">\n\t\t\t\t<div class=\"elementor-widget-container\">\n\t\t\t\t\t\t\t\t\t\t\t\t\t\t\t<img decoding=\"async\" width=\"2560\" height=\"1705\" src=\"https:\/\/wirlitsch-arbeitsrecht.de\/wordpress\/wp-content\/uploads\/2025\/10\/Bilder_Kanzlei25_IMG_1461-scaled.webp\" class=\"attachment-full size-full wp-image-38251\" alt=\"\" srcset=\"https:\/\/wirlitsch-arbeitsrecht.de\/wordpress\/wp-content\/uploads\/2025\/10\/Bilder_Kanzlei25_IMG_1461-scaled.webp 2560w, https:\/\/wirlitsch-arbeitsrecht.de\/wordpress\/wp-content\/uploads\/2025\/10\/Bilder_Kanzlei25_IMG_1461-300x200.webp 300w, https:\/\/wirlitsch-arbeitsrecht.de\/wordpress\/wp-content\/uploads\/2025\/10\/Bilder_Kanzlei25_IMG_1461-1024x682.webp 1024w, https:\/\/wirlitsch-arbeitsrecht.de\/wordpress\/wp-content\/uploads\/2025\/10\/Bilder_Kanzlei25_IMG_1461-150x100.webp 150w, https:\/\/wirlitsch-arbeitsrecht.de\/wordpress\/wp-content\/uploads\/2025\/10\/Bilder_Kanzlei25_IMG_1461-768x512.webp 768w, https:\/\/wirlitsch-arbeitsrecht.de\/wordpress\/wp-content\/uploads\/2025\/10\/Bilder_Kanzlei25_IMG_1461-1536x1023.webp 1536w, https:\/\/wirlitsch-arbeitsrecht.de\/wordpress\/wp-content\/uploads\/2025\/10\/Bilder_Kanzlei25_IMG_1461-2048x1364.webp 2048w\" sizes=\"(max-width: 2560px) 100vw, 2560px\" \/>\t\t\t\t\t\t\t\t\t\t\t\t\t\t\t<\/div>\n\t\t\t\t<\/div>\n\t\t\t\t\t<\/div>\n\t\t<\/div>\n\t\t\t\t\t<\/div>\n\t\t<\/section>\n\t\t\t\t<\/div>\n\t\t","protected":false},"excerpt":{"rendered":"<p>Wirlitsch \u2013 Despacho de derecho laboral: fuerte a su lado como trabajador Aplicaci\u00f3n, protecci\u00f3n y trato justo en la relaci\u00f3n laboral Como trabajador, usted posee derechos importantes que deben ser defendidos con firmeza en situaciones de conflicto o ante injusticias. Si su relaci\u00f3n laboral est\u00e1 amenazada o sus derechos no se cumplen, somos su socio [&hellip;]<\/p>\n","protected":false},"author":8,"featured_media":38250,"parent":0,"menu_order":0,"comment_status":"closed","ping_status":"closed","template":"","meta":{"footnotes":""},"class_list":["post-38256","page","type-page","status-publish","has-post-thumbnail","hentry"],"_links":{"self":[{"href":"https:\/\/wirlitsch-arbeitsrecht.de\/es\/wp-json\/wp\/v2\/pages\/38256","targetHints":{"allow":["GET"]}}],"collection":[{"href":"https:\/\/wirlitsch-arbeitsrecht.de\/es\/wp-json\/wp\/v2\/pages"}],"about":[{"href":"https:\/\/wirlitsch-arbeitsrecht.de\/es\/wp-json\/wp\/v2\/types\/page"}],"author":[{"embeddable":true,"href":"https:\/\/wirlitsch-arbeitsrecht.de\/es\/wp-json\/wp\/v2\/users\/8"}],"replies":[{"embeddable":true,"href":"https:\/\/wirlitsch-arbeitsrecht.de\/es\/wp-json\/wp\/v2\/comments?post=38256"}],"version-history":[{"count":1,"href":"https:\/\/wirlitsch-arbeitsrecht.de\/es\/wp-json\/wp\/v2\/pages\/38256\/revisions"}],"predecessor-version":[{"id":38257,"href":"https:\/\/wirlitsch-arbeitsrecht.de\/es\/wp-json\/wp\/v2\/pages\/38256\/revisions\/38257"}],"wp:featuredmedia":[{"embeddable":true,"href":"https:\/\/wirlitsch-arbeitsrecht.de\/es\/wp-json\/wp\/v2\/media\/38250"}],"wp:attachment":[{"href":"https:\/\/wirlitsch-arbeitsrecht.de\/es\/wp-json\/wp\/v2\/media?parent=38256"}],"curies":[{"name":"wp","href":"https:\/\/api.w.org\/{rel}","templated":true}]}}