{"id":38259,"date":"2014-03-14T08:50:53","date_gmt":"2014-03-14T07:50:53","guid":{"rendered":"https:\/\/wirlitsch-arbeitsrecht.de\/politica-de-privacidad\/"},"modified":"2014-03-14T08:50:53","modified_gmt":"2014-03-14T07:50:53","slug":"politica-de-privacidad","status":"publish","type":"page","link":"https:\/\/wirlitsch-arbeitsrecht.de\/es\/politica-de-privacidad\/","title":{"rendered":"Pol\u00edtica de privacidad"},"content":{"rendered":"<h4>Delegado de Protecci\u00f3n de Datos para<\/h4>\n<p><a href=\"https:\/\/wirlitsch-arbeitsrecht.de\/wordpress\/wp-content\/uploads\/2014\/03\/Logo_Kanzlei-Wirlitsch_RGB.jpg\"><img decoding=\"async\" class=\"alignnone wp-image-1074\" src=\"https:\/\/wirlitsch-arbeitsrecht.de\/wordpress\/wp-content\/uploads\/2014\/03\/Logo_Kanzlei-Wirlitsch_RGB-300x78.jpg\" alt=\"\" width=\"154\" height=\"40\" srcset=\"https:\/\/wirlitsch-arbeitsrecht.de\/wordpress\/wp-content\/uploads\/2014\/03\/Logo_Kanzlei-Wirlitsch_RGB-300x78.jpg 300w, https:\/\/wirlitsch-arbeitsrecht.de\/wordpress\/wp-content\/uploads\/2014\/03\/Logo_Kanzlei-Wirlitsch_RGB-150x39.jpg 150w, https:\/\/wirlitsch-arbeitsrecht.de\/wordpress\/wp-content\/uploads\/2014\/03\/Logo_Kanzlei-Wirlitsch_RGB-768x199.jpg 768w, https:\/\/wirlitsch-arbeitsrecht.de\/wordpress\/wp-content\/uploads\/2014\/03\/Logo_Kanzlei-Wirlitsch_RGB.jpg 1000w\" sizes=\"(max-width: 154px) 100vw, 154px\" \/><\/a><\/p>\n<p>es el abogado Michael D. Wirlitsch.<\/p>\n<p>Puede ponerse en contacto con \u00e9l por c&gt; en &#x6b;&#97;n&#x7a;&#108;e&#x69;&#64;w&#x69;&#114;l&#x69;&#116;s&#x63;&#104;-&#x61;&#114;b&#x65;&#105;t&#x73;&#114;e&#x63;&#104;t&#x2e;&#100;e&lt; por tel\u00e9fono en el 07531 &#8211; 13 16 &#8211; 0, o bien por correo postal en la siguiente direcci\u00f3n: Bruder-Klaus-Stra\u00dfe 54, 78467 Konstanz. <\/p>\n<p>&nbsp;<\/p>\n<p><strong>Geltungsbereich<\/strong><\/p>\n<p>La presente declaraci\u00f3n de protecci\u00f3n de datos informa a los usuarios sobre la naturaleza, el alcance y la finalidad de la recopilaci\u00f3n y el uso de datos personales por parte del proveedor responsable.<\/p>\n<p>Wirlitsch \u2013 Despacho de Derecho Laboral<br \/>\nMichael D. Wirlitsch<br \/>\nBruder-Klaus-Stra\u00dfe 54<br \/>\n78467 Konstanz<br \/>Tel.: +49 (0)7531 \/ 13 16 0<\/p>\n<p>en este sitio web (en lo sucesivo, la \u201coferta\u201d).<\/p>\n<p>Las bases jur\u00eddicas de la protecci\u00f3n de datos se encuentran en la Ley Federal de Protecci\u00f3n de Datos (BDSG) y en la Ley de Telemedios (TMG).<\/p>\n<p>&nbsp;<\/p>\n<p><strong>Datos de acceso \/ archivos de registro del servidor<\/strong><\/p>\n<p><span class=\"sd-muster-content\">El proveedor (o, en su caso, su proveedor de alojamiento web) recopila datos sobre cada acceso a la oferta (los denominados archivos de registro del servidor). Entre los datos de acceso se incluyen: <\/span><\/p>\n<p>Nombre del sitio web o archivo solicitado, fecha y hora de la solicitud, cantidad de datos transferidos, notificaci\u00f3n sobre la solicitud exitosa, tipo de navegador y su versi\u00f3n, sistema operativo del usuario, URL de referencia (la p\u00e1gina visitada anteriormente), direcci\u00f3n IP y el proveedor que realiza la solicitud.<\/p>\n<p>El proveedor utiliza los datos de los registros \u00fanicamente para an\u00e1lisis estad\u00edsticos con el fin de operar, asegurar y optimizar la oferta. No obstante, el proveedor se reserva el derecho de revisar los datos de los registros posteriormente si existen indicios concretos de un uso il\u00edcito. <\/p>\n<p>&nbsp;<\/p>\n<p><strong>Tratamiento de datos personales<\/strong><\/p>\n<p><span class=\"sd-muster-content\">Los datos personales son informaciones que permiten identificar a una persona, es decir, datos que se pueden rastrear hasta una persona concreta. Esto incluye el nombre, la direcci\u00f3n de correo electr\u00f3nico o el n\u00famero de tel\u00e9fono. Tambi\u00e9n se consideran datos personales la informaci\u00f3n sobre preferencias, aficiones, membres\u00edas o las p\u00e1ginas web que una persona ha visitado.  <\/span><\/p>\n<p>Los datos personales son informaciones que permiten identificar a una persona, es decir, datos que se pueden rastrear hasta una persona concreta. Esto incluye el nombre, la direcci\u00f3n de correo electr\u00f3nico o el n\u00famero de tel\u00e9fono. Tambi\u00e9n se consideran datos personales la informaci\u00f3n sobre preferencias, aficiones, membres\u00edas o las p\u00e1ginas web que una persona ha visitado.<\/p>\n<p>&nbsp;<\/p>\n<p><strong>Contacto<\/strong><\/p>\n<p><span class=\"sd-muster-content\">Al ponerse en contacto con el proveedor (por ejemplo, a trav\u00e9s del formulario de contacto o por correo electr\u00f3nico), los datos del usuario se almacenan con el fin de procesar la solicitud y en caso de que surjan preguntas adicionales<\/span><\/p>\n<p>&nbsp;<\/p>\n<p><strong>Integraci\u00f3n de servicios y contenidos de terceros<\/strong><\/p>\n<p><span class=\"sd-muster-content\">Es posible que dentro de esta oferta en l\u00ednea se integren contenidos de terceros, como por ejemplo, v\u00eddeos de YouTube, mapas de Google Maps, feeds RSS o gr\u00e1ficos de otras p\u00e1ginas web. Esto siempre requiere que los proveedores de estos contenidos (en adelante denominados &#8216;proveedores terceros&#8217;) capten la direcci\u00f3n IP de los usuarios. Sin la direcci\u00f3n IP, no podr\u00edan enviar los contenidos al navegador del respectivo usuario. La direcci\u00f3n IP es, por tanto, necesaria para la visualizaci\u00f3n de estos contenidos. Nos esforzamos por utilizar \u00fanicamente aquellos contenidos cuyos proveedores utilicen la direcci\u00f3n IP solo para la entrega de los contenidos. Sin embargo, no tenemos control sobre si los proveedores terceros almacenan la direcci\u00f3n IP, por ejemplo, con fines estad\u00edsticos. En la medida en que tengamos conocimiento de ello, informamos a los usuarios.      <\/span><\/p>\n<p>&nbsp;<\/p>\n<p><strong>Google Analytics<\/strong><\/p>\n<p><span class=\"sd-muster-content\">Esta oferta utiliza Google Analytics, un servicio de an\u00e1lisis web de Google Inc. (\u201eGoogle\u201c). Google Analytics utiliza las llamadas \u201ecookies\u201c, archivos de texto que se almacenan en el ordenador de los usuarios y que permiten analizar el uso de la p\u00e1gina web por parte de los mismos. La informaci\u00f3n generada por la cookie sobre el uso de esta p\u00e1gina web por parte de los usuarios se transfiere generalmente a un servidor de Google en EE. UU. y se almacena all\u00ed   <\/span><\/p>\n<p>En caso de que se active la anonimizaci\u00f3n de la IP en este sitio web, la direcci\u00f3n IP de los usuarios ser\u00e1 previamente acortada por Google dentro de los Estados miembros de la Uni\u00f3n Europea o en otros estados contratantes del Acuerdo sobre el Espacio Econ\u00f3mico Europeo. Solo en casos excepcionales se transferir\u00e1 la direcci\u00f3n IP completa a un servidor de Google en EE. UU. y se acortar\u00e1 all\u00ed. La anonimizaci\u00f3n de la IP est\u00e1 activa en este sitio web. Por encargo del operador de este sitio web, Google utilizar\u00e1 esta informaci\u00f3n para evaluar el uso del sitio web por parte de los usuarios, elaborar informes sobre las actividades en el sitio web y proporcionar otros servicios relacionados con el uso del sitio web y el uso de Internet al operador del sitio web.   <\/p>\n<p>La direcci\u00f3n IP que su navegador transmite en el marco de Google Analytics no se combinar\u00e1 con otros datos de Google. Los usuarios pueden evitar el almacenamiento de las cookies mediante la configuraci\u00f3n correspondiente de su software de navegador; sin embargo, este sitio web informa a los usuarios de que, en ese caso, es posible que no puedan utilizar todas las funciones de este sitio web de manera completa. Adem\u00e1s, los usuarios pueden evitar la recopilaci\u00f3n de los datos generados por la cookie y relacionados con su uso del sitio web (incluida su direcci\u00f3n IP) por parte de Google, as\u00ed como el procesamiento de estos datos por parte de Google, descargando e instalando el complemento del navegador disponible en el siguiente enlace: <a href=\"http:\/\/tools.google.com\/dlpage\/gaoptout?hl=de\" target=\"_blank\" rel=\"noopener\">http:\/\/tools.google.com\/dlpage\/gaoptout?hl=de<\/a>.  <\/p>\n<p>Alternativamente, en los navegadores de dispositivos m\u00f3viles o si no desea utilizar el<a id=\"GAOptOut\" title=\"Establecer la cookie de exclusi\u00f3n de Google Analytics\"><\/a>del navegador, haga clic en este enlace para evitar que Google Analytics recoja datos en este sitio web en el futuro. Se almacenar\u00e1 una cookie de exclusi\u00f3n (Opt-Out) en su dispositivo. Si borra sus cookies, deber\u00e1 hacer clic en este enlace nuevamente..  <\/p>\n<p>&nbsp;<\/p>\n<p><strong>Uso de los complementos sociales de Facebook<\/strong><\/p>\n<p><span class=\"sd-muster-content\">Esta oferta utiliza complementos sociales (\u00abcomplementos\u00bb) de la red social facebook.com, que es operada por Facebook Inc., 1601 S. California Ave, Palo Alto, CA 94304, EE. UU. (\u00abFacebook\u00bb). Los complementos se pueden reconocer por uno de los logotipos de Facebook (la \u00abf\u00bb blanca en un cuadro azul o el s\u00edmbolo de \u00abme gusta\u00bb) o est\u00e1n marcados con el a\u00f1adido \u00abComplemento Social de Facebook\u00bb. La lista y la apariencia de los complementos sociales de Facebook se pueden consultar aqu\u00ed: <a href=\"https:\/\/developers.facebook.com\/docs\/plugins\/\" target=\"_blank\" rel=\"noopener\">https:\/\/developers.facebook.com\/docs\/plugins\/<\/a>.<\/span><\/p>\n<p>Cuando un usuario visita una p\u00e1gina web de esta oferta que contiene un complemento de este tipo, su navegador establece una conexi\u00f3n directa con los servidores de Facebook. El contenido del complemento es transmitido directamente desde Facebook a su navegador y luego integrado en la p\u00e1gina web. Por lo tanto, el proveedor no tiene influencia sobre la cantidad de datos que Facebook recopila mediante este complemento y, por ello, informa a los usuarios de acuerdo con su <a href=\"http:\/\/www.facebook.com\/help\/?faq=17512\" target=\"_blank\" rel=\"noopener\">conocimiento:<\/a>  <\/p>\n<p>Al integrar los complementos, Facebook recibe la informaci\u00f3n de que un usuario ha visitado la p\u00e1gina correspondiente de la oferta. Si el usuario est\u00e1 conectado a Facebook, Facebook puede asociar la visita a su cuenta de Facebook. Cuando los usuarios interact\u00faan con los complementos, por ejemplo, al hacer clic en el bot\u00f3n de \u00abMe gusta\u00bb o dejar un comentario, la informaci\u00f3n correspondiente es transmitida directamente desde su navegador a Facebook y almacenada all\u00ed. Si un usuario no es miembro de Facebook, todav\u00eda existe la posibilidad de que Facebook obtenga y almacene su direcci\u00f3n IP. Seg\u00fan Facebook, en Alemania solo se almacena una direcci\u00f3n IP anonimizada.    <\/p>\n<p>El prop\u00f3sito y el alcance de la recopilaci\u00f3n de datos, as\u00ed como el posterior procesamiento y uso de los datos por parte de Facebook, as\u00ed como los derechos y las opciones de configuraci\u00f3n relacionadas con la protecci\u00f3n de la privacidad de los usuarios, pueden consultarse en la pol\u00edtica de privacidad de Facebook:\u201c: <a href=\"https:\/\/www.facebook.com\/about\/privacy\/\" target=\"_blank\" rel=\"noopener\">https:\/\/www.facebook.com\/about\/privacy\/<\/a>.<\/p>\n<p>Si un usuario es miembro de Facebook y no desea que Facebook recopile datos sobre \u00e9l a trav\u00e9s de esta oferta y los vincule con los datos de su cuenta de Facebook, debe cerrar sesi\u00f3n en Facebook antes de visitar el sitio web.<\/p>\n<p>Tambi\u00e9n es posible bloquear los complementos sociales de Facebook utilizando complementos para su navegador, como por ejemplo, el \u00ab<a href=\"http:\/\/webgraph.com\/resources\/facebookblocker\/\" target=\"_blank\" rel=\"noopener\">Facebook Blocker<\/a>\u00ab.<\/p>\n<p>&nbsp;<\/p>\n<p><strong>Bot\u00f3n +1 de Google+<\/strong><\/p>\n<p><span class=\"sd-muster-content\">Esta oferta utiliza el bot\u00f3n \u201c+1\u201d de la red social Google Plus, operada por Google Inc., 1600 Amphitheatre Parkway, Mountain View, CA 94043, Estados Unidos (\u201cGoogle\u201d). El bot\u00f3n se reconoce por el s\u00edmbolo \u201c+1\u201d sobre un fondo blanco o de color. <\/span><\/p>\n<p>Cuando un usuario visita una p\u00e1gina web de esta oferta que contiene tal bot\u00f3n, su navegador establece una conexi\u00f3n directa con los servidores de Google. El contenido del bot\u00f3n \u201c+1\u201d es transmitido directamente desde Google a su navegador y luego integrado en la p\u00e1gina web. Por lo tanto, el proveedor no tiene influencia sobre la cantidad de datos que Google recopila con el bot\u00f3n. Seg\u00fan Google, no se recopilan datos personales sin hacer clic en el bot\u00f3n. Solo en el caso de los miembros conectados, se recopilan y procesan esos datos, incluida la direcci\u00f3n IP.    <\/p>\n<p>El prop\u00f3sito y el alcance de la recopilaci\u00f3n de datos, as\u00ed como el posterior procesamiento y uso de los datos por parte de Google, as\u00ed como sus derechos y opciones de configuraci\u00f3n relacionadas con la protecci\u00f3n de su privacidad, pueden consultarse en la pol\u00edtica de privacidad de Google sobre el bot\u00f3n \u201c+1\u201d: http:\/\/www.google.com\/intl\/de\/+\/policy\/+1button.html und der FAQ: http:\/\/www.google.com\/intl\/de\/+1\/button\/.<\/p>\n<p><strong>Twitter<\/strong><\/p>\n<p><span class=\"sd-muster-content\">Esta oferta utiliza los botones del <a href=\"https:\/\/twitter.com\/about\/resources\/buttons\" target=\"_blank\" rel=\"noopener\">servicio Twitter<\/a>. Estos botones son proporcionados por Twitter Inc., 795 Folsom St., Suite 600, San Francisco, CA 94107, EE. UU. Se reconocen por t\u00e9rminos como \u00abTwitter\u00bb o \u00abSeguir\u00bb, acompa\u00f1ados de un p\u00e1jaro estilizado azul. Con estos botones, es posible compartir una publicaci\u00f3n o p\u00e1gina de esta oferta en Twitter o seguir al proveedor en Twitter.<\/span><\/p>\n<p>Cuando un usuario visita una p\u00e1gina web de esta oferta que contiene dicho bot\u00f3n, su navegador establece una conexi\u00f3n directa con los servidores de Twitter. El contenido del bot\u00f3n de Twitter es transmitido directamente desde Twitter al navegador del usuario. Por lo tanto, el proveedor no tiene influencia sobre la cantidad de datos que Twitter recopila mediante este complemento e informa a los usuarios seg\u00fan su conocimiento. Seg\u00fan este, solo se transmite la direcci\u00f3n IP del usuario y la URL de la p\u00e1gina web correspondiente al acceder al bot\u00f3n, pero no se utilizan para otros fines, m\u00e1s all\u00e1 de la visualizaci\u00f3n del bot\u00f3n.   <\/p>\n<p>M\u00e1s informaci\u00f3n al respecto se puede encontrar en la pol\u00edtica de privacidad de Twitter en http:\/\/twitter.com\/privacy<\/p>\n<p>&nbsp;<\/p>\n<p><strong>Revocaci\u00f3n, cambios, correcciones y actualizaciones<\/strong><\/p>\n<p>El usuario tiene derecho a solicitar informaci\u00f3n gratuita sobre los datos personales que se han almacenado sobre \u00e9l. Adem\u00e1s, el usuario tiene derecho a rectificar datos incorrectos, bloquear y eliminar sus datos personales, siempre que no exista ninguna obligaci\u00f3n legal de conservarlos. <\/p>\n<p><a href=\"http:\/\/rechtsanwalt-schwenke.de\/smmr-buch\/datenschutz-muster-generator-fuer-webseiten-blogs-und-social-media\/\" target=\"_blank\" rel=\"noopener\"><strong>Modelo de pol\u00edtica de privacidad del abogado Thomas Schwenke &#8211; I LAW it<\/strong><\/a><\/p>\n","protected":false},"excerpt":{"rendered":"<p>Delegado de Protecci\u00f3n de Datos para es el abogado Michael D. Wirlitsch. Puede ponerse en contacto con \u00e9l por c&gt; en &#107;a&#x6e;z&#x6c;e&#x69;&#64;&#x77;&#105;&#x72;&#108;i&#x74;s&#x63;h&#x2d;&#97;&#x72;&#98;&#x65;&#105;&#x74;&#115;r&#x65;c&#x68;t&#x2e;&#100;&#x65;&lt; por tel\u00e9fono en el 07531 &#8211; 13 16 &#8211; 0, o bien por correo postal en la siguiente direcci\u00f3n: Bruder-Klaus-Stra\u00dfe 54, 78467 Konstanz. &nbsp; Geltungsbereich La presente declaraci\u00f3n de protecci\u00f3n de datos informa [&hellip;]<\/p>\n","protected":false},"author":7,"featured_media":0,"parent":0,"menu_order":90,"comment_status":"closed","ping_status":"open","template":"","meta":{"footnotes":""},"class_list":["post-38259","page","type-page","status-publish","hentry"],"_links":{"self":[{"href":"https:\/\/wirlitsch-arbeitsrecht.de\/es\/wp-json\/wp\/v2\/pages\/38259","targetHints":{"allow":["GET"]}}],"collection":[{"href":"https:\/\/wirlitsch-arbeitsrecht.de\/es\/wp-json\/wp\/v2\/pages"}],"about":[{"href":"https:\/\/wirlitsch-arbeitsrecht.de\/es\/wp-json\/wp\/v2\/types\/page"}],"author":[{"embeddable":true,"href":"https:\/\/wirlitsch-arbeitsrecht.de\/es\/wp-json\/wp\/v2\/users\/7"}],"replies":[{"embeddable":true,"href":"https:\/\/wirlitsch-arbeitsrecht.de\/es\/wp-json\/wp\/v2\/comments?post=38259"}],"version-history":[{"count":0,"href":"https:\/\/wirlitsch-arbeitsrecht.de\/es\/wp-json\/wp\/v2\/pages\/38259\/revisions"}],"wp:attachment":[{"href":"https:\/\/wirlitsch-arbeitsrecht.de\/es\/wp-json\/wp\/v2\/media?parent=38259"}],"curies":[{"name":"wp","href":"https:\/\/api.w.org\/{rel}","templated":true}]}}