{"id":38285,"date":"2014-03-14T08:50:01","date_gmt":"2014-03-14T07:50:01","guid":{"rendered":"https:\/\/wirlitsch-arbeitsrecht.de\/cursos-de-formacion\/"},"modified":"2026-02-20T16:43:21","modified_gmt":"2026-02-20T15:43:21","slug":"cursos-de-formacion","status":"publish","type":"page","link":"https:\/\/wirlitsch-arbeitsrecht.de\/es\/cursos-de-formacion\/","title":{"rendered":"cursos de formaci\u00f3n"},"content":{"rendered":"<style>.elementor-38285 .elementor-element.elementor-element-ecb1adb{margin-top:50px;margin-bottom:0px;}.elementor-38285 .elementor-element.elementor-element-92306e2{margin-top:0px;margin-bottom:100px;}.elementor-widget-text-editor{font-family:var( --e-global-typography-text-font-family ), Sans-serif;font-size:var( --e-global-typography-text-font-size );font-weight:var( --e-global-typography-text-font-weight );line-height:var( --e-global-typography-text-line-height );color:var( --e-global-color-text );}.elementor-widget-text-editor.elementor-drop-cap-view-stacked .elementor-drop-cap{background-color:var( --e-global-color-primary );}.elementor-widget-text-editor.elementor-drop-cap-view-framed .elementor-drop-cap, .elementor-widget-text-editor.elementor-drop-cap-view-default .elementor-drop-cap{color:var( --e-global-color-primary );border-color:var( --e-global-color-primary );}.elementor-38285 .elementor-element.elementor-element-fe8ae01{columns:1;font-family:\"Didact Gothic\", Sans-serif;font-size:18px;font-weight:400;}@media(max-width:1024px){.elementor-widget-text-editor{font-size:var( --e-global-typography-text-font-size );line-height:var( --e-global-typography-text-line-height );}}@media(max-width:767px){.elementor-widget-text-editor{font-size:var( --e-global-typography-text-font-size );line-height:var( --e-global-typography-text-line-height );}}<\/style>\t\t<div data-elementor-type=\"wp-page\" data-elementor-id=\"38285\" class=\"elementor elementor-38285 elementor-49\" data-elementor-post-type=\"page\">\n\t\t\t\t\t\t<section class=\"elementor-section elementor-top-section elementor-element elementor-element-ecb1adb elementor-section-boxed elementor-section-height-default elementor-section-height-default\" data-id=\"ecb1adb\" data-element_type=\"section\">\n\t\t\t\t\t\t<div class=\"elementor-container elementor-column-gap-default\">\n\t\t\t\t\t<div class=\"elementor-column elementor-col-100 elementor-top-column elementor-element elementor-element-b5cff41\" data-id=\"b5cff41\" data-element_type=\"column\">\n\t\t\t<div class=\"elementor-widget-wrap elementor-element-populated\">\n\t\t\t\t\t\t<div class=\"elementor-element elementor-element-e82d292 elementor-widget elementor-widget-html\" data-id=\"e82d292\" data-element_type=\"widget\" data-widget_type=\"html.default\">\n\t\t\t\t<div class=\"elementor-widget-container\">\n\t\t\t\t\t<!-- Google Font Amiri -->\n<link href=\"https:\/\/fonts.googleapis.com\/css2?family=Amiri:wght@400;700&amp;display=swap\" rel=\"stylesheet\">\n\n<section class=\"wirlitsch-seminare neu\">\n  <div class=\"wirlitsch-container\">\n\n    <header class=\"seminar-headline\">\n      <h2>Informaci\u00f3n actualizada: seminarios sobre derecho laboral<\/h2>\n      <p>Toda la informaci\u00f3n importante sobre nuestros seminarios, seminarios web y cursos de formaci\u00f3n internos.<\/p>\n    <\/header>\n\n    <div class=\"seminar-box\">\n\n      <p>\n Encontrar\u00e1 m\u00e1s seminarios en nuestra p\u00e1gina web dedicada a la\n<a href=\"https:\/\/arbeitsrecht-schulungen.de\/\" target=\"_blank\" rel=\"noopener\">formaci\u00f3n.<\/a>\n      <\/p>\n\n      <p>\n Ya est\u00e1 disponible nuestro nuevo folleto, con numerosos s<strong>eminarios interesantes<\/strong>\npara el periodo comprendido entre <strong>enero de 2025 y diciembre de 2026.<\/strong>\n      <\/p>\n\n      <p>\n Novedad en nuestra oferta: nuestros <strong>seminarios web<\/strong>.\nAprenda de forma flexible, donde y cuando quiera, de manera compacta, digital y orientada a la pr\u00e1ctica.\n      <\/p>\n\n      <p>\n Adem\u00e1s, volvemos a ofrecer cursos de <strong>formaci\u00f3n internos<\/strong> competentes, personalizados y flexibles.\nNo dude en ponerse en contacto con nosotros para acordar los temas de forma individualizada.\n      <\/p>\n\n\n      <!-- Buttons -->\n      <div class=\"buttons-wrapper\">\n\n        <!-- Button 1: Brosch\u00fcre -->\n         \n <a class=\"btn-white\" href=\"https:\/\/wirlitsch-arbeitsrecht.de\/wordpress\/wp-content\/uploads\/2025\/10\/FINAL-Newsletter-Sonderausgabe-Schulungen-Kopie.pdf\" target=\"_blank\" rel=\"noopener\">Descargar el folleto 2025\/2026 <\/a>\u2197\n\n\n<!-- Button 2: Schulungen Website -->\n<a class=\"btn-white\" href=\"https:\/\/arbeitsrecht-schulungen.de\/\" target=\"_blank\" rel=\"noopener\">\nZur Schulungs-Website \u2197\n<\/a> \n\n      <\/div>\n\n\n      <!-- Kontakt -->\n      <div class=\"seminar-kontakt\">\n        <p><strong><a href=\"tel:0753113160\">Tel\u00e9fono: 07531 \/ 1316-0<\/a><\/strong><\/p>\n        <p><strong>correo electr\u00f3nico: <a href=\"&#x6d;a&#x69;&#108;t&#x6f;&#58;&#x69;&#x6e;f&#x6f;&#64;a&#x66;&#98;&#x2d;&#98;o&#x64;&#101;n&#x73;&#101;&#x65;&#46;d&#x65;\">&#x69;&#110;&#102;o&#x40;&#x61;&#102;b&#x2d;&#x62;&#111;de&#x6e;&#115;&#101;e&#x2e;&#x64;&#101;<\/a><\/strong><\/p>\n      <\/div>\n\n    <\/div>\n\n  <\/div>\n<\/section>\n\n<style>\n  \/* Amiri f\u00fcr \u00dcberschriften *\/\n  h1, h2, h3, h4, h5, h6 {\n    font-family: 'Amiri', serif !important;\n    font-weight: 700;\n    color: #222;\n  }\n\n  \/* Wei\u00dfer Hintergrund *\/\n  .wirlitsch-seminare.neu{\n    background: #ffffff;\n    padding: clamp(40px, 4.5vw, 70px) 0;\n  }\n\n  .wirlitsch-container{\n    width: min(1000px, 92%);\n    margin: 0 auto;\n  }\n\n  \/* Headline *\/\n  .seminar-headline{\n    text-align: center;\n    margin-bottom: clamp(28px, 3vw, 42px);\n  }\n  .seminar-headline h2{\n    font-size: clamp(26px, 3.2vw, 36px);\n    margin: 0 0 12px 0;\n  }\n  .seminar-headline p{\n    margin: 0 auto;\n    max-width: 700px;\n    color: #555;\n    font-size: clamp(16px, 1.8vw, 18px);\n    line-height: 1.6;\n  }\n\n  \/* Box *\/\n  .seminar-box{\n    background: #ffffff;\n    padding: clamp(26px, 3vw, 38px);\n    border-radius: 16px;\n    border: 1px solid #e5e5e5;\n  }\n\n  .seminar-box p{\n    font-size: 17px;\n    line-height: 1.7;\n    color: #333;\n    margin-bottom: 20px;\n  }\n\n  .seminar-box a{\n    color: #993300;\n    font-weight: 700;\n    text-decoration: none;\n  }\n  .seminar-box a:hover{\n    text-decoration: underline;\n  }\n\n  \/* Buttons Wrapper *\/\n  .buttons-wrapper{\n    margin: 32px 0;\n    text-align: center;\n    display: flex;\n    flex-direction: column;\n    gap: 14px;\n  }\n\n  \/* Wei\u00dfer Button *\/\n  .btn-white{\n    display: inline-block;\n    background: #ffffff;\n    color: #993300;\n    padding: 12px 26px;\n    border-radius: 10px;\n    font-weight: 700;\n    font-size: 16px;\n    border: 2px solid #993300;\n    transition: all .2s ease;\n    text-decoration: none;\n  }\n  .btn-white:hover{\n    background: #f9f9f9;\n    transform: translateY(-2px);\n  }\n\n  \/* Kontakt *\/\n  .seminar-kontakt{\n    margin-top: 30px;\n    text-align: center;\n  }\n  .seminar-kontakt p{\n    font-size: 18px;\n    margin: 5px 0;\n  }\n  .seminar-kontakt a{\n    color: #993300;\n    text-decoration: none;\n  }\n  .seminar-kontakt a:hover{\n    text-decoration: underline;\n  }\n<\/style>\t\t\t\t<\/div>\n\t\t\t\t<\/div>\n\t\t\t\t\t<\/div>\n\t\t<\/div>\n\t\t\t\t\t<\/div>\n\t\t<\/section>\n\t\t\t\t<section class=\"elementor-section elementor-top-section elementor-element elementor-element-92306e2 elementor-section-boxed elementor-section-height-default elementor-section-height-default\" data-id=\"92306e2\" data-element_type=\"section\">\n\t\t\t\t\t\t<div class=\"elementor-container elementor-column-gap-default\">\n\t\t\t\t\t<div class=\"elementor-column elementor-col-100 elementor-top-column elementor-element elementor-element-f6a5e8c\" data-id=\"f6a5e8c\" data-element_type=\"column\">\n\t\t\t<div class=\"elementor-widget-wrap elementor-element-populated\">\n\t\t\t\t\t\t<div class=\"elementor-element elementor-element-fe8ae01 elementor-widget elementor-widget-text-editor\" data-id=\"fe8ae01\" data-element_type=\"widget\" data-widget_type=\"text-editor.default\">\n\t\t\t\t<div class=\"elementor-widget-container\">\n\t\t\t\t\t\t\t\t\t<p style=\"text-align: left;\"><span style=\"text-decoration: underline;\"><strong>Pr\u00f3ximos cursos de formaci\u00f3n:<\/strong><\/span><\/p><ul><li>10\/03\/2026 &#8211; 11\/03\/2026 LPVG Parte II<\/li><li>30\/03\/2026 &#8211; 01\/04\/2026 Derecho laboral para representantes de intereses, parte I <\/li><li>14\/04\/2026 &#8211; 15\/04\/2026 Presidente\/a del comit\u00e9 de empresa y su suplente<\/li><\/ul>\t\t\t\t\t\t\t\t<\/div>\n\t\t\t\t<\/div>\n\t\t\t\t\t<\/div>\n\t\t<\/div>\n\t\t\t\t\t<\/div>\n\t\t<\/section>\n\t\t\t\t<\/div>\n\t\t","protected":false},"excerpt":{"rendered":"<p>Informaci\u00f3n actualizada: seminarios sobre derecho laboral Toda la informaci\u00f3n importante sobre nuestros seminarios, seminarios web y cursos de formaci\u00f3n internos. Encontrar\u00e1 m\u00e1s seminarios en nuestra p\u00e1gina web dedicada a la formaci\u00f3n. Ya est\u00e1 disponible nuestro nuevo folleto, con numerosos seminarios interesantes para el periodo comprendido entre enero de 2025 y diciembre de 2026. Novedad en [&hellip;]<\/p>\n","protected":false},"author":7,"featured_media":0,"parent":0,"menu_order":4,"comment_status":"closed","ping_status":"open","template":"","meta":{"footnotes":""},"class_list":["post-38285","page","type-page","status-publish","hentry"],"_links":{"self":[{"href":"https:\/\/wirlitsch-arbeitsrecht.de\/es\/wp-json\/wp\/v2\/pages\/38285","targetHints":{"allow":["GET"]}}],"collection":[{"href":"https:\/\/wirlitsch-arbeitsrecht.de\/es\/wp-json\/wp\/v2\/pages"}],"about":[{"href":"https:\/\/wirlitsch-arbeitsrecht.de\/es\/wp-json\/wp\/v2\/types\/page"}],"author":[{"embeddable":true,"href":"https:\/\/wirlitsch-arbeitsrecht.de\/es\/wp-json\/wp\/v2\/users\/7"}],"replies":[{"embeddable":true,"href":"https:\/\/wirlitsch-arbeitsrecht.de\/es\/wp-json\/wp\/v2\/comments?post=38285"}],"version-history":[{"count":3,"href":"https:\/\/wirlitsch-arbeitsrecht.de\/es\/wp-json\/wp\/v2\/pages\/38285\/revisions"}],"predecessor-version":[{"id":38391,"href":"https:\/\/wirlitsch-arbeitsrecht.de\/es\/wp-json\/wp\/v2\/pages\/38285\/revisions\/38391"}],"wp:attachment":[{"href":"https:\/\/wirlitsch-arbeitsrecht.de\/es\/wp-json\/wp\/v2\/media?parent=38285"}],"curies":[{"name":"wp","href":"https:\/\/api.w.org\/{rel}","templated":true}]}}