{"id":38315,"date":"2025-11-06T11:32:20","date_gmt":"2025-11-06T10:32:20","guid":{"rendered":"https:\/\/wirlitsch-arbeitsrecht.de\/comites-de-empresa-y-consejos-de-personal\/"},"modified":"2026-02-20T14:38:26","modified_gmt":"2026-02-20T13:38:26","slug":"comites-de-empresa-y-consejos-de-personal","status":"publish","type":"page","link":"https:\/\/wirlitsch-arbeitsrecht.de\/es\/comites-de-empresa-y-consejos-de-personal\/","title":{"rendered":"Comit\u00e9s de empresa y consejos de personal"},"content":{"rendered":"<style>.elementor-38315 .elementor-element.elementor-element-47c28d15{margin-top:0px;margin-bottom:0px;}.elementor-widget-image .widget-image-caption{color:var( --e-global-color-text );font-family:var( --e-global-typography-text-font-family ), Sans-serif;font-size:var( --e-global-typography-text-font-size );font-weight:var( --e-global-typography-text-font-weight );line-height:var( --e-global-typography-text-line-height );}.elementor-38315 .elementor-element.elementor-element-57efe00 img{width:53%;border-radius:5px 5px 5px 5px;}.elementor-widget-heading .elementor-heading-title{font-family:var( --e-global-typography-primary-font-family ), Sans-serif;font-weight:var( --e-global-typography-primary-font-weight );color:var( --e-global-color-primary );}.elementor-38315 .elementor-element.elementor-element-ed8bd90{text-align:start;}.elementor-widget-icon-box.elementor-view-stacked .elementor-icon{background-color:var( --e-global-color-primary );}.elementor-widget-icon-box.elementor-view-framed .elementor-icon, .elementor-widget-icon-box.elementor-view-default .elementor-icon{fill:var( --e-global-color-primary );color:var( --e-global-color-primary );border-color:var( --e-global-color-primary );}.elementor-widget-icon-box .elementor-icon-box-title, .elementor-widget-icon-box .elementor-icon-box-title a{font-family:var( --e-global-typography-primary-font-family ), Sans-serif;font-weight:var( --e-global-typography-primary-font-weight );}.elementor-widget-icon-box .elementor-icon-box-title{color:var( --e-global-color-primary );}.elementor-widget-icon-box:has(:hover) .elementor-icon-box-title,\n\t\t\t\t\t .elementor-widget-icon-box:has(:focus) .elementor-icon-box-title{color:var( --e-global-color-primary );}.elementor-widget-icon-box .elementor-icon-box-description{font-family:var( --e-global-typography-text-font-family ), Sans-serif;font-size:var( --e-global-typography-text-font-size );font-weight:var( --e-global-typography-text-font-weight );line-height:var( --e-global-typography-text-line-height );color:var( --e-global-color-text );}.elementor-38315 .elementor-element.elementor-element-7613978 .elementor-icon-box-wrapper{text-align:start;}.elementor-38315 .elementor-element.elementor-element-7613978 .elementor-icon-box-title{color:#000000;}.elementor-38315 .elementor-element.elementor-element-4bd78a0 .elementor-icon-box-wrapper{text-align:start;}.elementor-38315 .elementor-element.elementor-element-4bd78a0 .elementor-icon-box-title{color:#000000;}.elementor-38315 .elementor-element.elementor-element-4463538 .elementor-icon-box-wrapper{text-align:start;}.elementor-38315 .elementor-element.elementor-element-4463538 .elementor-icon-box-title{color:#000000;}.elementor-38315 .elementor-element.elementor-element-ea22416 .elementor-icon-box-wrapper{text-align:start;}.elementor-38315 .elementor-element.elementor-element-ea22416 .elementor-icon-box-title{color:#000000;}.elementor-38315 .elementor-element.elementor-element-a45633d .elementor-icon-box-wrapper{text-align:start;}.elementor-38315 .elementor-element.elementor-element-a45633d .elementor-icon-box-title{color:#000000;}.elementor-38315 .elementor-element.elementor-element-96cf333 .elementor-icon-box-wrapper{text-align:start;}.elementor-38315 .elementor-element.elementor-element-96cf333 .elementor-icon-box-title{color:#000000;}.elementor-38315 .elementor-element.elementor-element-05ffe23 .elementor-icon-box-wrapper{text-align:start;}.elementor-38315 .elementor-element.elementor-element-05ffe23 .elementor-icon-box-title{color:#000000;}.elementor-38315 .elementor-element.elementor-element-a9cb85c{--spacer-size:50px;}.elementor-38315 .elementor-element.elementor-element-f4f15ac .elementor-heading-title{color:#000000;}.elementor-38315 .elementor-element.elementor-element-13b68f2 > .elementor-container > .elementor-column > .elementor-widget-wrap{align-content:center;align-items:center;}.elementor-38315 .elementor-element.elementor-element-13b68f2:not(.elementor-motion-effects-element-type-background), .elementor-38315 .elementor-element.elementor-element-13b68f2 > .elementor-motion-effects-container > .elementor-motion-effects-layer{background-color:#000000;}.elementor-38315 .elementor-element.elementor-element-13b68f2{transition:background 0.3s, border 0.3s, border-radius 0.3s, box-shadow 0.3s;padding:100px 0px 100px 0px;}.elementor-38315 .elementor-element.elementor-element-13b68f2 > .elementor-background-overlay{transition:background 0.3s, border-radius 0.3s, opacity 0.3s;}.elementor-38315 .elementor-element.elementor-element-3699da7 > .elementor-element-populated{padding:0% 10% 0% 0%;}.elementor-38315 .elementor-element.elementor-element-b61ed68 .elementor-heading-title{font-size:45px;font-weight:900;line-height:1.2em;color:#ffffff;}.elementor-widget-text-editor{font-family:var( --e-global-typography-text-font-family ), Sans-serif;font-size:var( --e-global-typography-text-font-size );font-weight:var( --e-global-typography-text-font-weight );line-height:var( --e-global-typography-text-line-height );color:var( --e-global-color-text );}.elementor-widget-text-editor.elementor-drop-cap-view-stacked .elementor-drop-cap{background-color:var( --e-global-color-primary );}.elementor-widget-text-editor.elementor-drop-cap-view-framed .elementor-drop-cap, .elementor-widget-text-editor.elementor-drop-cap-view-default .elementor-drop-cap{color:var( --e-global-color-primary );border-color:var( --e-global-color-primary );}.elementor-38315 .elementor-element.elementor-element-beac18a{font-family:var( --e-global-typography-text-font-family ), Sans-serif;font-size:var( --e-global-typography-text-font-size );font-weight:var( --e-global-typography-text-font-weight );line-height:var( --e-global-typography-text-line-height );color:#FFFFFF;}.elementor-widget-button .elementor-button{background-color:var( --e-global-color-accent );font-family:var( --e-global-typography-accent-font-family ), Sans-serif;font-weight:var( --e-global-typography-accent-font-weight );}.elementor-38315 .elementor-element.elementor-element-dcd38be img{border-radius:5px 5px 5px 5px;}@media(max-width:1024px){.elementor-widget-image .widget-image-caption{font-size:var( --e-global-typography-text-font-size );line-height:var( --e-global-typography-text-line-height );}.elementor-widget-icon-box .elementor-icon-box-description{font-size:var( --e-global-typography-text-font-size );line-height:var( --e-global-typography-text-line-height );}.elementor-38315 .elementor-element.elementor-element-13b68f2{padding:100px 25px 100px 25px;}.elementor-38315 .elementor-element.elementor-element-b61ed68 .elementor-heading-title{font-size:35px;}.elementor-widget-text-editor{font-size:var( --e-global-typography-text-font-size );line-height:var( --e-global-typography-text-line-height );}.elementor-38315 .elementor-element.elementor-element-beac18a{font-size:var( --e-global-typography-text-font-size );line-height:var( --e-global-typography-text-line-height );}}@media(max-width:767px){.elementor-widget-image .widget-image-caption{font-size:var( --e-global-typography-text-font-size );line-height:var( --e-global-typography-text-line-height );}.elementor-38315 .elementor-element.elementor-element-57efe00 img{width:100%;}.elementor-widget-icon-box .elementor-icon-box-description{font-size:var( --e-global-typography-text-font-size );line-height:var( --e-global-typography-text-line-height );}.elementor-38315 .elementor-element.elementor-element-13b68f2{padding:50px 20px 50px 20px;}.elementor-38315 .elementor-element.elementor-element-3699da7 > .elementor-element-populated{padding:25px 0px 0px 0px;}.elementor-widget-text-editor{font-size:var( --e-global-typography-text-font-size );line-height:var( --e-global-typography-text-line-height );}.elementor-38315 .elementor-element.elementor-element-beac18a{font-size:var( --e-global-typography-text-font-size );line-height:var( --e-global-typography-text-line-height );}}<\/style>\t\t<div data-elementor-type=\"wp-page\" data-elementor-id=\"38315\" class=\"elementor elementor-38315 elementor-37490\" data-elementor-post-type=\"page\">\n\t\t\t\t\t\t<section class=\"elementor-section elementor-top-section elementor-element elementor-element-47c28d15 elementor-section-boxed elementor-section-height-default elementor-section-height-default\" data-id=\"47c28d15\" data-element_type=\"section\">\n\t\t\t\t\t\t<div class=\"elementor-container elementor-column-gap-default\">\n\t\t\t\t\t<div class=\"elementor-column elementor-col-100 elementor-top-column elementor-element elementor-element-af0bc74\" data-id=\"af0bc74\" data-element_type=\"column\">\n\t\t\t<div class=\"elementor-widget-wrap elementor-element-populated\">\n\t\t\t\t\t\t<div class=\"elementor-element elementor-element-57efe00 elementor-widget elementor-widget-image\" data-id=\"57efe00\" data-element_type=\"widget\" data-widget_type=\"image.default\">\n\t\t\t\t<div class=\"elementor-widget-container\">\n\t\t\t\t\t\t\t\t\t\t\t\t\t\t\t<img fetchpriority=\"high\" decoding=\"async\" width=\"800\" height=\"534\" src=\"https:\/\/wirlitsch-arbeitsrecht.de\/wordpress\/wp-content\/uploads\/2025\/11\/IMG_1792-1024x683.webp\" class=\"attachment-large size-large wp-image-38250\" alt=\"\" srcset=\"https:\/\/wirlitsch-arbeitsrecht.de\/wordpress\/wp-content\/uploads\/2025\/11\/IMG_1792-1024x683.webp 1024w, https:\/\/wirlitsch-arbeitsrecht.de\/wordpress\/wp-content\/uploads\/2025\/11\/IMG_1792-300x200.webp 300w, https:\/\/wirlitsch-arbeitsrecht.de\/wordpress\/wp-content\/uploads\/2025\/11\/IMG_1792-150x100.webp 150w, https:\/\/wirlitsch-arbeitsrecht.de\/wordpress\/wp-content\/uploads\/2025\/11\/IMG_1792-768x512.webp 768w, https:\/\/wirlitsch-arbeitsrecht.de\/wordpress\/wp-content\/uploads\/2025\/11\/IMG_1792-1536x1025.webp 1536w, https:\/\/wirlitsch-arbeitsrecht.de\/wordpress\/wp-content\/uploads\/2025\/11\/IMG_1792-2048x1366.webp 2048w\" sizes=\"(max-width: 800px) 100vw, 800px\" \/>\t\t\t\t\t\t\t\t\t\t\t\t\t\t\t<\/div>\n\t\t\t\t<\/div>\n\t\t\t\t<div class=\"elementor-element elementor-element-ed8bd90 elementor-widget elementor-widget-heading\" data-id=\"ed8bd90\" data-element_type=\"widget\" data-widget_type=\"heading.default\">\n\t\t\t\t<div class=\"elementor-widget-container\">\n\t\t\t\t\t<h1 class=\"elementor-heading-title elementor-size-default\">Su socio estrat\u00e9gico para comit\u00e9s de empresa y comit\u00e9s de personal<\/h1>\t\t\t\t<\/div>\n\t\t\t\t<\/div>\n\t\t\t\t<div class=\"elementor-element elementor-element-7613978 elementor-widget elementor-widget-icon-box\" data-id=\"7613978\" data-element_type=\"widget\" data-widget_type=\"icon-box.default\">\n\t\t\t\t<div class=\"elementor-widget-container\">\n\t\t\t\t\t\t\t<div class=\"elementor-icon-box-wrapper\">\n\n\t\t\t\n\t\t\t\t\t\t<div class=\"elementor-icon-box-content\">\n\n\t\t\t\t\t\t\t\t\t<h2 class=\"elementor-icon-box-title\">\n\t\t\t\t\t\t<span  >\n\t\t\t\t\t\t\tCapacidad de actuaci\u00f3n y seguridad jur\u00eddica: reforzamos el trabajo de sus \u00f3rganos colegiados\t\t\t\t\t\t<\/span>\n\t\t\t\t\t<\/h2>\n\t\t\t\t\n\t\t\t\t\t\t\t\t\t<p class=\"elementor-icon-box-description\">\n\t\t\t\t\t\tComo miembro del comit\u00e9 de empresa o del consejo de personal, usted tiene una enorme responsabilidad. El ejercicio efectivo de sus derechos de cogesti\u00f3n y participaci\u00f3n requiere algo m\u00e1s que compromiso: necesita conocimientos jur\u00eddicos s\u00f3lidos y una estrategia clara para tener \u00e9xito en negociaciones y conflictos complejos.\nSomos su asesor jur\u00eddico especializado y con experiencia, por supuesto, de conformidad con el art\u00edculo 80, apartado 3, de la Ley alemana de organizaci\u00f3n empresarial (BetrVG) y las correspondientes leyes de representaci\u00f3n del personal.\nNuestro bufete le ayuda a ejercer sus derechos de forma estrat\u00e9gica, con seguridad jur\u00eddica y con firmeza frente a la administraci\u00f3n o el empleador.  \t\t\t\t\t<\/p>\n\t\t\t\t\n\t\t\t<\/div>\n\t\t\t\n\t\t<\/div>\n\t\t\t\t\t\t<\/div>\n\t\t\t\t<\/div>\n\t\t\t\t<div class=\"elementor-element elementor-element-4bd78a0 elementor-widget elementor-widget-icon-box\" data-id=\"4bd78a0\" data-element_type=\"widget\" data-widget_type=\"icon-box.default\">\n\t\t\t\t<div class=\"elementor-widget-container\">\n\t\t\t\t\t\t\t<div class=\"elementor-icon-box-wrapper\">\n\n\t\t\t\n\t\t\t\t\t\t<div class=\"elementor-icon-box-content\">\n\n\t\t\t\t\t\t\t\t\t<h2 class=\"elementor-icon-box-title\">\n\t\t\t\t\t\t<span  >\n\t\t\t\t\t\t\tNuestros servicios: los pilares del \u00e9xito de su trabajo en comit\u00e9s\t\t\t\t\t\t<\/span>\n\t\t\t\t\t<\/h2>\n\t\t\t\t\n\t\t\t\t\t\t\t\t\t<p class=\"elementor-icon-box-description\">\n\t\t\t\t\t\tLe ofrecemos asistencia integral en todas las cuestiones relacionadas con la cogesti\u00f3n colectiva para que pueda ejercer plenamente sus derechos de control y configuraci\u00f3n:\t\t\t\t\t<\/p>\n\t\t\t\t\n\t\t\t<\/div>\n\t\t\t\n\t\t<\/div>\n\t\t\t\t\t\t<\/div>\n\t\t\t\t<\/div>\n\t\t\t\t<div class=\"elementor-element elementor-element-4463538 elementor-widget elementor-widget-icon-box\" data-id=\"4463538\" data-element_type=\"widget\" data-widget_type=\"icon-box.default\">\n\t\t\t\t<div class=\"elementor-widget-container\">\n\t\t\t\t\t\t\t<div class=\"elementor-icon-box-wrapper\">\n\n\t\t\t\n\t\t\t\t\t\t<div class=\"elementor-icon-box-content\">\n\n\t\t\t\t\t\t\t\t\t<h3 class=\"elementor-icon-box-title\">\n\t\t\t\t\t\t<span  >\n\t\t\t\t\t\t\t1. Negociaci\u00f3n y elaboraci\u00f3n de normativas\t\t\t\t\t\t<\/span>\n\t\t\t\t\t<\/h3>\n\t\t\t\t\n\t\t\t\t\t\t\t\t\t<p class=\"elementor-icon-box-description\">\n\t\t\t\t\t\tAcuerdos empresariales\/de servicio: asesoramiento estrat\u00e9gico y acompa\u00f1amiento en la negociaci\u00f3n y la celebraci\u00f3n de acuerdos sobre temas centrales (por ejemplo, modelos de jornada laboral, trabajo m\u00f3vil, introducci\u00f3n de sistemas inform\u00e1ticos).\nSeguridad jur\u00eddica: redacci\u00f3n y revisi\u00f3n de normativas para garantizar la conformidad legal y el dise\u00f1o \u00f3ptimo para la plantilla.\t\t\t\t\t<\/p>\n\t\t\t\t\n\t\t\t<\/div>\n\t\t\t\n\t\t<\/div>\n\t\t\t\t\t\t<\/div>\n\t\t\t\t<\/div>\n\t\t\t\t<div class=\"elementor-element elementor-element-ea22416 elementor-widget elementor-widget-icon-box\" data-id=\"ea22416\" data-element_type=\"widget\" data-widget_type=\"icon-box.default\">\n\t\t\t\t<div class=\"elementor-widget-container\">\n\t\t\t\t\t\t\t<div class=\"elementor-icon-box-wrapper\">\n\n\t\t\t\n\t\t\t\t\t\t<div class=\"elementor-icon-box-content\">\n\n\t\t\t\t\t\t\t\t\t<h3 class=\"elementor-icon-box-title\">\n\t\t\t\t\t\t<span  >\n\t\t\t\t\t\t\t2. Ejercicio de los derechos de participaci\u00f3n (resoluci\u00f3n de conflictos)\t\t\t\t\t\t<\/span>\n\t\t\t\t\t<\/h3>\n\t\t\t\t\n\t\t\t\t\t\t\t\t\t<p class=\"elementor-icon-box-description\">\n\t\t\t\t\t\t\u00d3rgano de conciliaci\u00f3n: representaci\u00f3n en procedimientos de conciliaci\u00f3n para la resoluci\u00f3n vinculante y r\u00e1pida de puntos controvertidos.\nRepresentaci\u00f3n judicial: tramitaci\u00f3n de procedimientos de resoluci\u00f3n ante los tribunales laborales y administrativos para la aplicaci\u00f3n consecuente de sus derechos de cogesti\u00f3n.\t\t\t\t\t<\/p>\n\t\t\t\t\n\t\t\t<\/div>\n\t\t\t\n\t\t<\/div>\n\t\t\t\t\t\t<\/div>\n\t\t\t\t<\/div>\n\t\t\t\t<div class=\"elementor-element elementor-element-a45633d elementor-widget elementor-widget-icon-box\" data-id=\"a45633d\" data-element_type=\"widget\" data-widget_type=\"icon-box.default\">\n\t\t\t\t<div class=\"elementor-widget-container\">\n\t\t\t\t\t\t\t<div class=\"elementor-icon-box-wrapper\">\n\n\t\t\t\n\t\t\t\t\t\t<div class=\"elementor-icon-box-content\">\n\n\t\t\t\t\t\t\t\t\t<h3 class=\"elementor-icon-box-title\">\n\t\t\t\t\t\t<span  >\n\t\t\t\t\t\t\t3. Acompa\u00f1amiento en cambios estructurales\t\t\t\t\t\t<\/span>\n\t\t\t\t\t<\/h3>\n\t\t\t\t\n\t\t\t\t\t\t\t\t\t<p class=\"elementor-icon-box-description\">\n\t\t\t\t\t\tReestructuraci\u00f3n: acompa\u00f1amiento comprometido en traspasos de empresas, reestructuraciones, externalizaciones o medidas de reducci\u00f3n de personal (conciliaci\u00f3n de intereses y plan social).\nAsesoramiento continuo: aclaraci\u00f3n de cuestiones relacionadas con la gesti\u00f3n del \u00f3rgano, el ejercicio de sus derechos de supervisi\u00f3n y de iniciativa.\t\t\t\t\t<\/p>\n\t\t\t\t\n\t\t\t<\/div>\n\t\t\t\n\t\t<\/div>\n\t\t\t\t\t\t<\/div>\n\t\t\t\t<\/div>\n\t\t\t\t<div class=\"elementor-element elementor-element-96cf333 elementor-widget elementor-widget-icon-box\" data-id=\"96cf333\" data-element_type=\"widget\" data-widget_type=\"icon-box.default\">\n\t\t\t\t<div class=\"elementor-widget-container\">\n\t\t\t\t\t\t\t<div class=\"elementor-icon-box-wrapper\">\n\n\t\t\t\n\t\t\t\t\t\t<div class=\"elementor-icon-box-content\">\n\n\t\t\t\t\t\t\t\t\t<h3 class=\"elementor-icon-box-title\">\n\t\t\t\t\t\t<span  >\n\t\t\t\t\t\t\t4. Formaci\u00f3n y transferencia de conocimientos\t\t\t\t\t\t<\/span>\n\t\t\t\t\t<\/h3>\n\t\t\t\t\n\t\t\t\t\t\t\t\t\t<p class=\"elementor-icon-box-description\">\n\t\t\t\t\t\tFormaci\u00f3n continua adaptada a las necesidades: realizaci\u00f3n de cursos de formaci\u00f3n individuales para su comit\u00e9 sobre temas actuales y relevantes (por ejemplo, digitalizaci\u00f3n, inteligencia artificial, protecci\u00f3n contra el despido, ley de jornada laboral). Para ello, ofrecemos cursos de formaci\u00f3n s\u00f3lidos a trav\u00e9s de nuestra empresa de formaci\u00f3n Arbeitsrechtsforum Bodensee GmbH.\nConocimientos pr\u00e1cticos: transmisi\u00f3n de conocimientos t\u00e9cnicos para el dise\u00f1o y la organizaci\u00f3n eficaces de sus procedimientos de cogesti\u00f3n y participaci\u00f3n. \t\t\t\t\t<\/p>\n\t\t\t\t\n\t\t\t<\/div>\n\t\t\t\n\t\t<\/div>\n\t\t\t\t\t\t<\/div>\n\t\t\t\t<\/div>\n\t\t\t\t<div class=\"elementor-element elementor-element-05ffe23 elementor-widget elementor-widget-icon-box\" data-id=\"05ffe23\" data-element_type=\"widget\" data-widget_type=\"icon-box.default\">\n\t\t\t\t<div class=\"elementor-widget-container\">\n\t\t\t\t\t\t\t<div class=\"elementor-icon-box-wrapper\">\n\n\t\t\t\n\t\t\t\t\t\t<div class=\"elementor-icon-box-content\">\n\n\t\t\t\t\t\t\t\t\t<h2 class=\"elementor-icon-box-title\">\n\t\t\t\t\t\t<span  >\n\t\t\t\t\t\t\tSu valor a\u00f1adido: eficacia y protecci\u00f3n para la plantilla\t\t\t\t\t\t<\/span>\n\t\t\t\t\t<\/h2>\n\t\t\t\t\n\t\t\t\t\t\t\t\t\t<p class=\"elementor-icon-box-description\">\n\t\t\t\t\t\tCon nuestra experiencia, usted obtendr\u00e1 la capacidad de actuaci\u00f3n y la seguridad jur\u00eddica necesarias. Le permitimos ejercer eficazmente su derecho de cogesti\u00f3n, mejorar de forma sostenible las condiciones laborales de sus compa\u00f1eros y concentrarse en sus tareas principales. \t\t\t\t\t<\/p>\n\t\t\t\t\n\t\t\t<\/div>\n\t\t\t\n\t\t<\/div>\n\t\t\t\t\t\t<\/div>\n\t\t\t\t<\/div>\n\t\t\t\t<div class=\"elementor-element elementor-element-a9cb85c elementor-widget elementor-widget-spacer\" data-id=\"a9cb85c\" data-element_type=\"widget\" data-widget_type=\"spacer.default\">\n\t\t\t\t<div class=\"elementor-widget-container\">\n\t\t\t\t\t\t\t<div class=\"elementor-spacer\">\n\t\t\t<div class=\"elementor-spacer-inner\"><\/div>\n\t\t<\/div>\n\t\t\t\t\t\t<\/div>\n\t\t\t\t<\/div>\n\t\t\t\t<div class=\"elementor-element elementor-element-f4f15ac elementor-widget elementor-widget-heading\" data-id=\"f4f15ac\" data-element_type=\"widget\" data-widget_type=\"heading.default\">\n\t\t\t\t<div class=\"elementor-widget-container\">\n\t\t\t\t\t<h2 class=\"elementor-heading-title elementor-size-default\">Otros \u00e1mbitos de especializaci\u00f3n del despacho<\/h2>\t\t\t\t<\/div>\n\t\t\t\t<\/div>\n\t\t\t\t<div class=\"elementor-element elementor-element-e0b3393 elementor-widget elementor-widget-html\" data-id=\"e0b3393\" data-element_type=\"widget\" data-widget_type=\"html.default\">\n\t\t\t\t<div class=\"elementor-widget-container\">\n\t\t\t\t\t<div>\n  <p><a href=\"https:\/\/wirlitsch-arbeitsrecht.de\/es\/trabajador\/\">Para los trabajadores: representamos sus derechos en casos de despido, indemnizaci\u00f3n y todos los conflictos laborales.<\/a><\/p>\n  <p><a href=\"https:\/\/wirlitsch-arbeitsrecht.de\/es\/empleador\/\">Para empleadores: asesoramiento estrat\u00e9gico, procesos legalmente seguros y representaci\u00f3n efectiva en todas las cuestiones laborales.<\/a><\/p>\n  <p><a href=\"https:\/\/wirlitsch-arbeitsrecht.de\/internationales-arbeitsrecht\/\">Derecho laboral internacional: inmigraci\u00f3n de personal cualificado, desplazamientos y cumplimiento global de recursos humanos.<\/a><\/p>\n \n<\/div>\t\t\t\t<\/div>\n\t\t\t\t<\/div>\n\t\t\t\t\t<\/div>\n\t\t<\/div>\n\t\t\t\t\t<\/div>\n\t\t<\/section>\n\t\t\t\t<section class=\"elementor-section elementor-top-section elementor-element elementor-element-13b68f2 elementor-section-content-middle elementor-reverse-mobile elementor-section-boxed elementor-section-height-default elementor-section-height-default\" data-id=\"13b68f2\" data-element_type=\"section\" data-settings=\"{&quot;background_background&quot;:&quot;classic&quot;}\">\n\t\t\t\t\t\t<div class=\"elementor-container elementor-column-gap-no\">\n\t\t\t\t\t<div class=\"elementor-column elementor-col-50 elementor-top-column elementor-element elementor-element-3699da7\" data-id=\"3699da7\" data-element_type=\"column\">\n\t\t\t<div class=\"elementor-widget-wrap elementor-element-populated\">\n\t\t\t\t\t\t<div class=\"elementor-element elementor-element-b61ed68 elementor-widget elementor-widget-heading\" data-id=\"b61ed68\" data-element_type=\"widget\" data-widget_type=\"heading.default\">\n\t\t\t\t<div class=\"elementor-widget-container\">\n\t\t\t\t\t<h2 class=\"elementor-heading-title elementor-size-default\">Es hora de contar con un socio fuerte\n<\/h2>\t\t\t\t<\/div>\n\t\t\t\t<\/div>\n\t\t\t\t<div class=\"elementor-element elementor-element-beac18a elementor-widget elementor-widget-text-editor\" data-id=\"beac18a\" data-element_type=\"widget\" data-widget_type=\"text-editor.default\">\n\t\t\t\t<div class=\"elementor-widget-container\">\n\t\t\t\t\t\t\t\t\tM\u00f6chten Sie Ihren Beratungsbedarf kl\u00e4ren und Ihre Gremienarbeit strategisch st\u00e4rken? Rechtsanwalt Michael D. Wirlitsch, Fachanwalt f\u00fcr Arbeitsrecht in Konstanz und Stuttgart, steht Ihnen mit Erfahrung und Expertise zur Seite. \t\t\t\t\t\t\t\t<\/div>\n\t\t\t\t<\/div>\n\t\t\t\t<div class=\"elementor-element elementor-element-45eafae elementor-align-left elementor-widget elementor-widget-button\" data-id=\"45eafae\" data-element_type=\"widget\" data-widget_type=\"button.default\">\n\t\t\t\t<div class=\"elementor-widget-container\">\n\t\t\t\t\t\t\t\t\t<div class=\"elementor-button-wrapper\">\n\t\t\t\t\t<a class=\"elementor-button elementor-button-link elementor-size-sm\" href=\"https:\/\/wirlitsch-arbeitsrecht.de\/es\/contacto\/\">\n\t\t\t\t\t\t<span class=\"elementor-button-content-wrapper\">\n\t\t\t\t\t\t\t\t\t<span class=\"elementor-button-text\">Solicitar asesoramiento ahora<\/span>\n\t\t\t\t\t<\/span>\n\t\t\t\t\t<\/a>\n\t\t\t\t<\/div>\n\t\t\t\t\t\t\t\t<\/div>\n\t\t\t\t<\/div>\n\t\t\t\t\t<\/div>\n\t\t<\/div>\n\t\t\t\t<div class=\"elementor-column elementor-col-50 elementor-top-column elementor-element elementor-element-e1e0a29\" data-id=\"e1e0a29\" data-element_type=\"column\">\n\t\t\t<div class=\"elementor-widget-wrap elementor-element-populated\">\n\t\t\t\t\t\t<div class=\"elementor-element elementor-element-dcd38be elementor-widget elementor-widget-image\" data-id=\"dcd38be\" data-element_type=\"widget\" data-widget_type=\"image.default\">\n\t\t\t\t<div class=\"elementor-widget-container\">\n\t\t\t\t\t\t\t\t\t\t\t\t\t\t\t<img decoding=\"async\" width=\"2560\" height=\"1705\" src=\"https:\/\/wirlitsch-arbeitsrecht.de\/wordpress\/wp-content\/uploads\/2025\/10\/Bilder_Kanzlei25_IMG_1461-scaled.webp\" class=\"attachment-full size-full wp-image-38251\" alt=\"\" srcset=\"https:\/\/wirlitsch-arbeitsrecht.de\/wordpress\/wp-content\/uploads\/2025\/10\/Bilder_Kanzlei25_IMG_1461-scaled.webp 2560w, https:\/\/wirlitsch-arbeitsrecht.de\/wordpress\/wp-content\/uploads\/2025\/10\/Bilder_Kanzlei25_IMG_1461-300x200.webp 300w, https:\/\/wirlitsch-arbeitsrecht.de\/wordpress\/wp-content\/uploads\/2025\/10\/Bilder_Kanzlei25_IMG_1461-1024x682.webp 1024w, https:\/\/wirlitsch-arbeitsrecht.de\/wordpress\/wp-content\/uploads\/2025\/10\/Bilder_Kanzlei25_IMG_1461-150x100.webp 150w, https:\/\/wirlitsch-arbeitsrecht.de\/wordpress\/wp-content\/uploads\/2025\/10\/Bilder_Kanzlei25_IMG_1461-768x512.webp 768w, https:\/\/wirlitsch-arbeitsrecht.de\/wordpress\/wp-content\/uploads\/2025\/10\/Bilder_Kanzlei25_IMG_1461-1536x1023.webp 1536w, https:\/\/wirlitsch-arbeitsrecht.de\/wordpress\/wp-content\/uploads\/2025\/10\/Bilder_Kanzlei25_IMG_1461-2048x1364.webp 2048w\" sizes=\"(max-width: 2560px) 100vw, 2560px\" \/>\t\t\t\t\t\t\t\t\t\t\t\t\t\t\t<\/div>\n\t\t\t\t<\/div>\n\t\t\t\t\t<\/div>\n\t\t<\/div>\n\t\t\t\t\t<\/div>\n\t\t<\/section>\n\t\t\t\t<\/div>\n\t\t","protected":false},"excerpt":{"rendered":"<p>Su socio estrat\u00e9gico para comit\u00e9s de empresa y comit\u00e9s de personal Capacidad de actuaci\u00f3n y seguridad jur\u00eddica: reforzamos el trabajo de sus \u00f3rganos colegiados Como miembro del comit\u00e9 de empresa o del consejo de personal, usted tiene una enorme responsabilidad. El ejercicio efectivo de sus derechos de cogesti\u00f3n y participaci\u00f3n requiere algo m\u00e1s que compromiso: [&hellip;]<\/p>\n","protected":false},"author":8,"featured_media":38250,"parent":0,"menu_order":0,"comment_status":"closed","ping_status":"closed","template":"","meta":{"footnotes":""},"class_list":["post-38315","page","type-page","status-publish","has-post-thumbnail","hentry"],"_links":{"self":[{"href":"https:\/\/wirlitsch-arbeitsrecht.de\/es\/wp-json\/wp\/v2\/pages\/38315","targetHints":{"allow":["GET"]}}],"collection":[{"href":"https:\/\/wirlitsch-arbeitsrecht.de\/es\/wp-json\/wp\/v2\/pages"}],"about":[{"href":"https:\/\/wirlitsch-arbeitsrecht.de\/es\/wp-json\/wp\/v2\/types\/page"}],"author":[{"embeddable":true,"href":"https:\/\/wirlitsch-arbeitsrecht.de\/es\/wp-json\/wp\/v2\/users\/8"}],"replies":[{"embeddable":true,"href":"https:\/\/wirlitsch-arbeitsrecht.de\/es\/wp-json\/wp\/v2\/comments?post=38315"}],"version-history":[{"count":1,"href":"https:\/\/wirlitsch-arbeitsrecht.de\/es\/wp-json\/wp\/v2\/pages\/38315\/revisions"}],"predecessor-version":[{"id":38316,"href":"https:\/\/wirlitsch-arbeitsrecht.de\/es\/wp-json\/wp\/v2\/pages\/38315\/revisions\/38316"}],"wp:featuredmedia":[{"embeddable":true,"href":"https:\/\/wirlitsch-arbeitsrecht.de\/es\/wp-json\/wp\/v2\/media\/38250"}],"wp:attachment":[{"href":"https:\/\/wirlitsch-arbeitsrecht.de\/es\/wp-json\/wp\/v2\/media?parent=38315"}],"curies":[{"name":"wp","href":"https:\/\/api.w.org\/{rel}","templated":true}]}}