{"id":38364,"date":"2023-08-30T23:29:25","date_gmt":"2023-08-30T21:29:25","guid":{"rendered":"https:\/\/wirlitsch-arbeitsrecht.de\/formularios\/"},"modified":"2026-02-20T16:28:19","modified_gmt":"2026-02-20T15:28:19","slug":"formularios","status":"publish","type":"page","link":"https:\/\/wirlitsch-arbeitsrecht.de\/es\/formularios\/","title":{"rendered":"Formularios"},"content":{"rendered":"<style>.elementor-38364 .elementor-element.elementor-element-efbbd54{--spacer-size:50px;}.elementor-widget-heading .elementor-heading-title{font-family:var( --e-global-typography-primary-font-family ), Sans-serif;font-weight:var( --e-global-typography-primary-font-weight );color:var( --e-global-color-primary );}.elementor-38364 .elementor-element.elementor-element-cc7fc63 .elementor-heading-title{color:#DD0000;}.elementor-widget-text-editor{font-family:var( --e-global-typography-text-font-family ), Sans-serif;font-size:var( --e-global-typography-text-font-size );font-weight:var( --e-global-typography-text-font-weight );line-height:var( --e-global-typography-text-line-height );color:var( --e-global-color-text );}.elementor-widget-text-editor.elementor-drop-cap-view-stacked .elementor-drop-cap{background-color:var( --e-global-color-primary );}.elementor-widget-text-editor.elementor-drop-cap-view-framed .elementor-drop-cap, .elementor-widget-text-editor.elementor-drop-cap-view-default .elementor-drop-cap{color:var( --e-global-color-primary );border-color:var( --e-global-color-primary );}.elementor-38364 .elementor-element.elementor-element-9845b6b{font-family:\"Didact Gothic\", Sans-serif;font-size:17px;font-weight:400;}.elementor-38364 .elementor-element.elementor-element-bbc7b61{text-align:center;}.elementor-38364 .elementor-element.elementor-element-bbc7b61 .elementor-heading-title{font-family:\"Amiri\", Sans-serif;font-weight:600;}.elementor-widget-image .widget-image-caption{color:var( --e-global-color-text );font-family:var( --e-global-typography-text-font-family ), Sans-serif;font-size:var( --e-global-typography-text-font-size );font-weight:var( --e-global-typography-text-font-weight );line-height:var( --e-global-typography-text-line-height );}.elementor-38364 .elementor-element.elementor-element-7493afb img{width:41%;}.elementor-38364 .elementor-element.elementor-element-2edd8e4{--spacer-size:102px;}@media(max-width:1024px){.elementor-widget-text-editor{font-size:var( --e-global-typography-text-font-size );line-height:var( --e-global-typography-text-line-height );}.elementor-widget-image .widget-image-caption{font-size:var( --e-global-typography-text-font-size );line-height:var( --e-global-typography-text-line-height );}}@media(max-width:767px){.elementor-widget-text-editor{font-size:var( --e-global-typography-text-font-size );line-height:var( --e-global-typography-text-line-height );}.elementor-38364 .elementor-element.elementor-element-bbc7b61 .elementor-heading-title{font-size:17px;}.elementor-widget-image .widget-image-caption{font-size:var( --e-global-typography-text-font-size );line-height:var( --e-global-typography-text-line-height );}.elementor-38364 .elementor-element.elementor-element-7493afb img{width:100%;}}<\/style>\t\t<div data-elementor-type=\"wp-page\" data-elementor-id=\"38364\" class=\"elementor elementor-38364 elementor-35345\" data-elementor-post-type=\"page\">\n\t\t\t\t\t\t<section class=\"elementor-section elementor-top-section elementor-element elementor-element-16a4a41 elementor-section-boxed elementor-section-height-default elementor-section-height-default\" data-id=\"16a4a41\" data-element_type=\"section\">\n\t\t\t\t\t\t<div class=\"elementor-container elementor-column-gap-default\">\n\t\t\t\t\t<div class=\"elementor-column elementor-col-100 elementor-top-column elementor-element elementor-element-03fbeb9\" data-id=\"03fbeb9\" data-element_type=\"column\">\n\t\t\t<div class=\"elementor-widget-wrap elementor-element-populated\">\n\t\t\t\t\t\t<div class=\"elementor-element elementor-element-efbbd54 elementor-widget elementor-widget-spacer\" data-id=\"efbbd54\" data-element_type=\"widget\" data-widget_type=\"spacer.default\">\n\t\t\t\t<div class=\"elementor-widget-container\">\n\t\t\t\t\t\t\t<div class=\"elementor-spacer\">\n\t\t\t<div class=\"elementor-spacer-inner\"><\/div>\n\t\t<\/div>\n\t\t\t\t\t\t<\/div>\n\t\t\t\t<\/div>\n\t\t\t\t\t<\/div>\n\t\t<\/div>\n\t\t\t\t\t<\/div>\n\t\t<\/section>\n\t\t\t\t<section class=\"elementor-section elementor-top-section elementor-element elementor-element-4ae221c elementor-section-boxed elementor-section-height-default elementor-section-height-default\" data-id=\"4ae221c\" data-element_type=\"section\">\n\t\t\t\t\t\t<div class=\"elementor-container elementor-column-gap-default\">\n\t\t\t\t\t<div class=\"elementor-column elementor-col-100 elementor-top-column elementor-element elementor-element-dd7e8aa\" data-id=\"dd7e8aa\" data-element_type=\"column\">\n\t\t\t<div class=\"elementor-widget-wrap elementor-element-populated\">\n\t\t\t\t\t\t<div class=\"elementor-element elementor-element-cc7fc63 elementor-widget elementor-widget-heading\" data-id=\"cc7fc63\" data-element_type=\"widget\" data-widget_type=\"heading.default\">\n\t\t\t\t<div class=\"elementor-widget-container\">\n\t\t\t\t\t<h2 class=\"elementor-heading-title elementor-size-default\">Formularios<\/h2>\t\t\t\t<\/div>\n\t\t\t\t<\/div>\n\t\t\t\t\t<\/div>\n\t\t<\/div>\n\t\t\t\t\t<\/div>\n\t\t<\/section>\n\t\t\t\t<section class=\"elementor-section elementor-top-section elementor-element elementor-element-fa5666d elementor-section-boxed elementor-section-height-default elementor-section-height-default\" data-id=\"fa5666d\" data-element_type=\"section\">\n\t\t\t\t\t\t<div class=\"elementor-container elementor-column-gap-default\">\n\t\t\t\t\t<div class=\"elementor-column elementor-col-100 elementor-top-column elementor-element elementor-element-2036e42\" data-id=\"2036e42\" data-element_type=\"column\">\n\t\t\t<div class=\"elementor-widget-wrap elementor-element-populated\">\n\t\t\t\t\t\t<div class=\"elementor-element elementor-element-9845b6b elementor-widget elementor-widget-text-editor\" data-id=\"9845b6b\" data-element_type=\"widget\" data-widget_type=\"text-editor.default\">\n\t\t\t\t<div class=\"elementor-widget-container\">\n\t\t\t\t\t\t\t\t\t\n<section class=\"wirlitsch-downloads\">\n  <div class=\"wirlitsch-container\">\n    <header class=\"wirlitsch-headline\">\n      <h2>Documentos del mandato para descargar<\/h2>\n      <p>Aqu\u00ed encontrar\u00e1 todos los documentos importantes para la concesi\u00f3n del mandato y la preparaci\u00f3n.<\/p>\n    <\/header>\n\n    <div class=\"wirlitsch-grid\">\n      \n      <article class=\"wirlitsch-card\">\n        <div class=\"wirlitsch-card-content\">\n          <h3>Condiciones del mandato<\/h3>\n          <p>Las condiciones del mandato se encuentran aqu\u00ed en formato PDF.<\/p>\n        <\/div>\n        <a class=\"wirlitsch-btn\" href=\"https:\/\/wirlitsch-arbeitsrecht.de\/wordpress\/wp-content\/uploads\/2023\/11\/Mandatsbedingungen.pdf\" target=\"_blank\" rel=\"noopener\">\n Abrir las condiciones del mandato\n\u2197\n        <\/a>\n      <\/article>\n\n      \n      <article class=\"wirlitsch-card\">\n        <div class=\"wirlitsch-card-content\">\n          <h3>cuestionario<\/h3>\n          <p>Puede descargar nuestro cuestionario aqu\u00ed.<\/p>\n        <\/div>\n        <a class=\"wirlitsch-btn\" href=\"https:\/\/wirlitsch-arbeitsrecht.de\/wordpress\/wp-content\/uploads\/2023\/11\/1.pdf\" target=\"_blank\" rel=\"noopener\">\n Abrir el cuestionario\n\u2197\n        <\/a>\n      <\/article>\n\n      \n      <article class=\"wirlitsch-card\">\n        <div class=\"wirlitsch-card-content\">\n          <h3>poder notarial<\/h3>\n          <p>Aqu\u00ed encontrar\u00e1 nuestro poder notarial en formato PDF.<\/p>\n        <\/div>\n        <a class=\"wirlitsch-btn\" href=\"https:\/\/wirlitsch-arbeitsrecht.de\/wordpress\/wp-content\/uploads\/2023\/09\/Vollmacht_Arbeitsrecht.pdf\" target=\"_blank\" rel=\"noopener\">\n Abrir poder notarial\n\u2197\n        <\/a>\n      <\/article>\n\n      \n      <article class=\"wirlitsch-card\">\n        <div class=\"wirlitsch-card-content\">\n          <h3>Cuestionario (ingl\u00e9s)<\/h3>\n          <p>Cuestionario en ingl\u00e9s (hoja de datos).<\/p>\n        <\/div>\n        <a class=\"wirlitsch-btn\" href=\"https:\/\/wirlitsch-arbeitsrecht.de\/wordpress\/wp-content\/uploads\/2020\/07\/Erhebungsbogen-Englisch.docx\" target=\"_blank\" rel=\"noopener\">\n Abrir ficha t\u00e9cnica en ingl\u00e9s\n\u2197\n        <\/a>\n      <\/article>\n    <\/div>\n  <\/div>\n<\/section>\n\n<style>\n  \/* ===== Wirlitsch Look & Feel ===== *\/\n  .wirlitsch-downloads{\n    background: #ffffff;\n    padding: clamp(28px, 4vw, 56px) 0;\n  }\n  .wirlitsch-container{\n    width: min(1100px, 92%);\n    margin: 0 auto;\n  }\n  .wirlitsch-headline{\n    text-align: center;\n    margin-bottom: clamp(18px, 3vw, 30px);\n  }\n  .wirlitsch-headline h2{\n    font-size: clamp(22px, 3vw, 30px);\n    line-height: 1.25;\n    margin: 0 0 8px 0;\n    color: #111111;\n    letter-spacing: 0.2px;\n  }\n  .wirlitsch-headline p{\n    margin: 0 auto;\n    max-width: 720px;\n    color: #444444;\n    font-size: clamp(15px, 2vw, 17px);\n  }\n\n  .wirlitsch-grid{\n    display: grid;\n    grid-template-columns: repeat(2, minmax(0, 1fr));\n    gap: clamp(12px, 2vw, 18px);\n  }\n\n  .wirlitsch-card{\n    border: 1px solid #eeeeee;\n    border-radius: 14px;\n    background: #fafafa;\n    padding: clamp(14px, 2.2vw, 18px);\n    display: flex;\n    flex-direction: column;\n    justify-content: space-between;\n    box-shadow: 0 6px 18px rgba(0,0,0,0.05);\n    transition: transform .18s ease, box-shadow .18s ease, border-color .18s ease;\n  }\n  .wirlitsch-card:hover{\n    transform: translateY(-2px);\n    border-color: #e2e2e2;\n    box-shadow: 0 10px 24px rgba(0,0,0,0.08);\n  }\n\n  .wirlitsch-card-content h3{\n    margin: 0 0 6px 0;\n    font-size: clamp(17px, 2.2vw, 19px);\n    color: #111111;\n  }\n  .wirlitsch-card-content p{\n    margin: 0 0 12px 0;\n    color: #4a4a4a;\n    font-size: 15.5px;\n    line-height: 1.55;\n  }\n\n  .wirlitsch-btn{\n    display: inline-flex;\n    align-items: center;\n    justify-content: center;\n    gap: 8px;\n    text-decoration: none;\n    font-weight: 700;\n    font-size: 15.5px;\n    padding: 11px 14px;\n    border-radius: 10px;\n    color: #993300;\n    background: #fff;\n    border: 2px solid #993300;\n    transition: background .18s ease, color .18s ease, transform .18s ease;\n  }\n  .wirlitsch-btn:hover{\n    background: #993300;\n    color: #ffffff;\n    transform: translateY(-1px);\n  }\n\n  @media (max-width: 820px){\n    .wirlitsch-grid{ grid-template-columns: 1fr; }\n  }\n<\/style>\t\t\t\t\t\t\t\t<\/div>\n\t\t\t\t<\/div>\n\t\t\t\t\t<\/div>\n\t\t<\/div>\n\t\t\t\t\t<\/div>\n\t\t<\/section>\n\t\t\t\t<section class=\"elementor-section elementor-top-section elementor-element elementor-element-5e3d160 elementor-section-boxed elementor-section-height-default elementor-section-height-default\" data-id=\"5e3d160\" data-element_type=\"section\">\n\t\t\t\t\t\t<div class=\"elementor-container elementor-column-gap-default\">\n\t\t\t\t\t<div class=\"elementor-column elementor-col-100 elementor-top-column elementor-element elementor-element-70a14af\" data-id=\"70a14af\" data-element_type=\"column\">\n\t\t\t<div class=\"elementor-widget-wrap elementor-element-populated\">\n\t\t\t\t\t\t<div class=\"elementor-element elementor-element-7493afb elementor-widget elementor-widget-image\" data-id=\"7493afb\" data-element_type=\"widget\" data-widget_type=\"image.default\">\n\t\t\t\t<div class=\"elementor-widget-container\">\n\t\t\t\t\t\t\t\t\t\t\t\t\t\t\t<img decoding=\"async\" src=\"https:\/\/wirlitsch-arbeitsrecht.de\/wordpress\/wp-content\/uploads\/elementor\/thumbs\/WEBVERSION-Wirlitsch-Kanzlei-f\u00fcr-Arbeitsrecht-Konstanz-Fachanwalt-Rechtsanwalt-Bodensee-Kanzlei-Arbeitsrecht-31-rir0xk2v3vsx83xu65cg5i9dzzanpmswdjjfke8k06.jpg\" title=\"Abogado especializado en derecho laboral Wirlitsch Bufete especializado en derecho laboral, Constanza, abogado especializado, abogado, lago de Constanza, bufete, derecho laboral 31\" alt=\"Wirlitsch - Fachanwalt f\u00fcr Arbeitsrecht\" loading=\"lazy\" \/>\t\t\t\t\t\t\t\t\t\t\t\t\t\t\t<\/div>\n\t\t\t\t<\/div>\n\t\t\t\t<div class=\"elementor-element elementor-element-2edd8e4 elementor-widget elementor-widget-spacer\" data-id=\"2edd8e4\" data-element_type=\"widget\" data-widget_type=\"spacer.default\">\n\t\t\t\t<div class=\"elementor-widget-container\">\n\t\t\t\t\t\t\t<div class=\"elementor-spacer\">\n\t\t\t<div class=\"elementor-spacer-inner\"><\/div>\n\t\t<\/div>\n\t\t\t\t\t\t<\/div>\n\t\t\t\t<\/div>\n\t\t\t\t\t<\/div>\n\t\t<\/div>\n\t\t\t\t\t<\/div>\n\t\t<\/section>\n\t\t\t\t<\/div>\n\t\t","protected":false},"excerpt":{"rendered":"<p>Formularios Documentos del mandato para descargar Aqu\u00ed encontrar\u00e1 todos los documentos importantes para la concesi\u00f3n del mandato y la preparaci\u00f3n. Condiciones del mandato Las condiciones del mandato se encuentran aqu\u00ed en formato PDF. Abrir las condiciones del mandato \u2197 cuestionario Puede descargar nuestro cuestionario aqu\u00ed. Abrir el cuestionario \u2197 poder notarial Aqu\u00ed encontrar\u00e1 nuestro poder [&hellip;]<\/p>\n","protected":false},"author":4,"featured_media":0,"parent":0,"menu_order":0,"comment_status":"closed","ping_status":"closed","template":"","meta":{"footnotes":""},"class_list":["post-38364","page","type-page","status-publish","hentry"],"_links":{"self":[{"href":"https:\/\/wirlitsch-arbeitsrecht.de\/es\/wp-json\/wp\/v2\/pages\/38364","targetHints":{"allow":["GET"]}}],"collection":[{"href":"https:\/\/wirlitsch-arbeitsrecht.de\/es\/wp-json\/wp\/v2\/pages"}],"about":[{"href":"https:\/\/wirlitsch-arbeitsrecht.de\/es\/wp-json\/wp\/v2\/types\/page"}],"author":[{"embeddable":true,"href":"https:\/\/wirlitsch-arbeitsrecht.de\/es\/wp-json\/wp\/v2\/users\/4"}],"replies":[{"embeddable":true,"href":"https:\/\/wirlitsch-arbeitsrecht.de\/es\/wp-json\/wp\/v2\/comments?post=38364"}],"version-history":[{"count":2,"href":"https:\/\/wirlitsch-arbeitsrecht.de\/es\/wp-json\/wp\/v2\/pages\/38364\/revisions"}],"predecessor-version":[{"id":38366,"href":"https:\/\/wirlitsch-arbeitsrecht.de\/es\/wp-json\/wp\/v2\/pages\/38364\/revisions\/38366"}],"wp:attachment":[{"href":"https:\/\/wirlitsch-arbeitsrecht.de\/es\/wp-json\/wp\/v2\/media?parent=38364"}],"curies":[{"name":"wp","href":"https:\/\/api.w.org\/{rel}","templated":true}]}}