{"id":38397,"date":"2014-11-07T21:24:18","date_gmt":"2014-11-07T20:24:18","guid":{"rendered":"https:\/\/wirlitsch-arbeitsrecht.de\/curriculum-vitae-del-abogado-michael-wirlitsch\/"},"modified":"2026-02-20T17:17:29","modified_gmt":"2026-02-20T16:17:29","slug":"curriculum-vitae-del-abogado-michael-wirlitsch","status":"publish","type":"page","link":"https:\/\/wirlitsch-arbeitsrecht.de\/es\/nuestro-equipo\/curriculum-vitae-del-abogado-michael-wirlitsch\/","title":{"rendered":"Curr\u00edculum vitae del abogado Michael Wirlitsch"},"content":{"rendered":"<style>.elementor-widget-heading .elementor-heading-title{font-family:var( --e-global-typography-primary-font-family ), Sans-serif;font-weight:var( --e-global-typography-primary-font-weight );color:var( --e-global-color-primary );}.elementor-38397 .elementor-element.elementor-element-682df69{text-align:center;}.elementor-38397 .elementor-element.elementor-element-682df69 .elementor-heading-title{color:var( --e-global-color-primary );}.elementor-widget-image .widget-image-caption{color:var( --e-global-color-text );font-family:var( --e-global-typography-text-font-family ), Sans-serif;font-size:var( --e-global-typography-text-font-size );font-weight:var( --e-global-typography-text-font-weight );line-height:var( --e-global-typography-text-line-height );}.elementor-38397 .elementor-element.elementor-element-f7fd6a8 img{width:33%;}.elementor-38397 .elementor-element.elementor-element-49c4dc7{text-align:center;}.elementor-38397 .elementor-element.elementor-element-49c4dc7 .elementor-heading-title{font-family:\"Amiri\", Sans-serif;font-size:23px;font-weight:400;color:#000000;}.elementor-widget-text-editor{font-family:var( --e-global-typography-text-font-family ), Sans-serif;font-size:var( --e-global-typography-text-font-size );font-weight:var( --e-global-typography-text-font-weight );line-height:var( --e-global-typography-text-line-height );color:var( --e-global-color-text );}.elementor-widget-text-editor.elementor-drop-cap-view-stacked .elementor-drop-cap{background-color:var( --e-global-color-primary );}.elementor-widget-text-editor.elementor-drop-cap-view-framed .elementor-drop-cap, .elementor-widget-text-editor.elementor-drop-cap-view-default .elementor-drop-cap{color:var( --e-global-color-primary );border-color:var( --e-global-color-primary );}.elementor-38397 .elementor-element.elementor-element-acfa8d3{font-family:\"Didact Gothic\", Sans-serif;font-size:17px;font-weight:400;}.elementor-38397 .elementor-element.elementor-element-a848eae{text-align:center;}.elementor-38397 .elementor-element.elementor-element-a848eae .elementor-heading-title{font-family:\"Amiri\", Sans-serif;font-size:23px;font-weight:400;color:#000000;}.elementor-38397 .elementor-element.elementor-element-d89e036{font-family:\"Didact Gothic\", Sans-serif;font-size:17px;font-weight:400;}.elementor-38397 .elementor-element.elementor-element-1a1aaef{text-align:center;}.elementor-38397 .elementor-element.elementor-element-1a1aaef .elementor-heading-title{font-family:\"Amiri\", Sans-serif;font-size:23px;font-weight:400;color:#000000;}.elementor-38397 .elementor-element.elementor-element-fdbfe4e{font-family:\"Didact Gothic\", Sans-serif;font-size:17px;font-weight:400;}.elementor-38397 .elementor-element.elementor-element-5bd9981{text-align:center;}.elementor-38397 .elementor-element.elementor-element-5bd9981 .elementor-heading-title{font-family:\"Amiri\", Sans-serif;font-size:23px;font-weight:400;color:#000000;}.elementor-38397 .elementor-element.elementor-element-caebe0f{font-family:\"Didact Gothic\", Sans-serif;font-size:17px;font-weight:400;}.elementor-38397 .elementor-element.elementor-element-cf525c5{text-align:center;}.elementor-38397 .elementor-element.elementor-element-cf525c5 .elementor-heading-title{font-family:\"Amiri\", Sans-serif;font-size:23px;font-weight:400;color:#000000;}.elementor-38397 .elementor-element.elementor-element-7fe6022{font-family:\"Didact Gothic\", Sans-serif;font-size:17px;font-weight:400;}@media(max-width:1024px){.elementor-widget-image .widget-image-caption{font-size:var( --e-global-typography-text-font-size );line-height:var( --e-global-typography-text-line-height );}.elementor-widget-text-editor{font-size:var( --e-global-typography-text-font-size );line-height:var( --e-global-typography-text-line-height );}}@media(max-width:767px){.elementor-widget-image .widget-image-caption{font-size:var( --e-global-typography-text-font-size );line-height:var( --e-global-typography-text-line-height );}.elementor-38397 .elementor-element.elementor-element-f7fd6a8 img{width:63%;}.elementor-widget-text-editor{font-size:var( --e-global-typography-text-font-size );line-height:var( --e-global-typography-text-line-height );}}<\/style>\t\t<div data-elementor-type=\"wp-page\" data-elementor-id=\"38397\" class=\"elementor elementor-38397 elementor-503\" data-elementor-post-type=\"page\">\n\t\t\t\t\t\t<section class=\"elementor-section elementor-top-section elementor-element elementor-element-74aafdf elementor-section-boxed elementor-section-height-default elementor-section-height-default\" data-id=\"74aafdf\" data-element_type=\"section\">\n\t\t\t\t\t\t<div class=\"elementor-container elementor-column-gap-default\">\n\t\t\t\t\t<div class=\"elementor-column elementor-col-100 elementor-top-column elementor-element elementor-element-2450657\" data-id=\"2450657\" data-element_type=\"column\">\n\t\t\t<div class=\"elementor-widget-wrap elementor-element-populated\">\n\t\t\t\t\t\t<div class=\"elementor-element elementor-element-682df69 elementor-widget elementor-widget-heading\" data-id=\"682df69\" data-element_type=\"widget\" data-widget_type=\"heading.default\">\n\t\t\t\t<div class=\"elementor-widget-container\">\n\t\t\t\t\t<h1 class=\"elementor-heading-title elementor-size-default\">Abogado y abogado especializado en derecho laboral<\/h1>\t\t\t\t<\/div>\n\t\t\t\t<\/div>\n\t\t\t\t<div class=\"elementor-element elementor-element-f7fd6a8 elementor-widget elementor-widget-image\" data-id=\"f7fd6a8\" data-element_type=\"widget\" data-widget_type=\"image.default\">\n\t\t\t\t<div class=\"elementor-widget-container\">\n\t\t\t\t\t\t\t\t\t\t\t\t\t\t\t<img fetchpriority=\"high\" decoding=\"async\" width=\"1067\" height=\"1600\" src=\"https:\/\/wirlitsch-arbeitsrecht.de\/wordpress\/wp-content\/uploads\/2020\/06\/WEBVERSION-Wirlitsch-Kanzlei-f\u00fcr-Arbeitsrecht-Konstanz-Fachanwalt-Rechtsanwalt-Bodensee-Kanzlei-Arbeitsrecht-17.jpg\" class=\"attachment-full size-full wp-image-38392\" alt=\"Wirlitsch Despacho de abogados especializado en derecho laboral, Constanza, abogado especializado, abogado, lago de Constanza, despacho, derecho laboral 17\" srcset=\"https:\/\/wirlitsch-arbeitsrecht.de\/wordpress\/wp-content\/uploads\/2020\/06\/WEBVERSION-Wirlitsch-Kanzlei-f\u00fcr-Arbeitsrecht-Konstanz-Fachanwalt-Rechtsanwalt-Bodensee-Kanzlei-Arbeitsrecht-17.jpg 1067w, https:\/\/wirlitsch-arbeitsrecht.de\/wordpress\/wp-content\/uploads\/2020\/06\/WEBVERSION-Wirlitsch-Kanzlei-f\u00fcr-Arbeitsrecht-Konstanz-Fachanwalt-Rechtsanwalt-Bodensee-Kanzlei-Arbeitsrecht-17-200x300.jpg 200w, https:\/\/wirlitsch-arbeitsrecht.de\/wordpress\/wp-content\/uploads\/2020\/06\/WEBVERSION-Wirlitsch-Kanzlei-f\u00fcr-Arbeitsrecht-Konstanz-Fachanwalt-Rechtsanwalt-Bodensee-Kanzlei-Arbeitsrecht-17-683x1024.jpg 683w, https:\/\/wirlitsch-arbeitsrecht.de\/wordpress\/wp-content\/uploads\/2020\/06\/WEBVERSION-Wirlitsch-Kanzlei-f\u00fcr-Arbeitsrecht-Konstanz-Fachanwalt-Rechtsanwalt-Bodensee-Kanzlei-Arbeitsrecht-17-100x150.jpg 100w, https:\/\/wirlitsch-arbeitsrecht.de\/wordpress\/wp-content\/uploads\/2020\/06\/WEBVERSION-Wirlitsch-Kanzlei-f\u00fcr-Arbeitsrecht-Konstanz-Fachanwalt-Rechtsanwalt-Bodensee-Kanzlei-Arbeitsrecht-17-768x1152.jpg 768w, https:\/\/wirlitsch-arbeitsrecht.de\/wordpress\/wp-content\/uploads\/2020\/06\/WEBVERSION-Wirlitsch-Kanzlei-f\u00fcr-Arbeitsrecht-Konstanz-Fachanwalt-Rechtsanwalt-Bodensee-Kanzlei-Arbeitsrecht-17-1024x1536.jpg 1024w, https:\/\/wirlitsch-arbeitsrecht.de\/wordpress\/wp-content\/uploads\/2020\/06\/WEBVERSION-Wirlitsch-Kanzlei-f\u00fcr-Arbeitsrecht-Konstanz-Fachanwalt-Rechtsanwalt-Bodensee-Kanzlei-Arbeitsrecht-17-150x225.jpg 150w\" sizes=\"(max-width: 1067px) 100vw, 1067px\" \/>\t\t\t\t\t\t\t\t\t\t\t\t\t\t\t<\/div>\n\t\t\t\t<\/div>\n\t\t\t\t<div class=\"elementor-element elementor-element-49c4dc7 elementor-widget elementor-widget-heading\" data-id=\"49c4dc7\" data-element_type=\"widget\" data-widget_type=\"heading.default\">\n\t\t\t\t<div class=\"elementor-widget-container\">\n\t\t\t\t\t<p class=\"elementor-heading-title elementor-size-default\">Formaci\u00f3n<\/p>\t\t\t\t<\/div>\n\t\t\t\t<\/div>\n\t\t\t\t<div class=\"elementor-element elementor-element-acfa8d3 elementor-widget elementor-widget-text-editor\" data-id=\"acfa8d3\" data-element_type=\"widget\" data-widget_type=\"text-editor.default\">\n\t\t\t\t<div class=\"elementor-widget-container\">\n\t\t\t\t\t\t\t\t\t<ul><li>Estudios de Derecho en las universidades de Bielefeld y Constanza.<\/li><li>Primer examen estatal de Derecho en 1994 en Constanza.<\/li><li>Segundo examen estatal de Derecho en 1996 en Stuttgart.<\/li><li>M\u00e1ster en Estudios Europeos Avanzados (M.A.E.S.) en el Instituto Europeo, Universidad de Basilea, Suiza, especialidad en Derecho Laboral Europeo, 1998.<\/li><\/ul>\t\t\t\t\t\t\t\t<\/div>\n\t\t\t\t<\/div>\n\t\t\t\t<div class=\"elementor-element elementor-element-a848eae elementor-widget elementor-widget-heading\" data-id=\"a848eae\" data-element_type=\"widget\" data-widget_type=\"heading.default\">\n\t\t\t\t<div class=\"elementor-widget-container\">\n\t\t\t\t\t<p class=\"elementor-heading-title elementor-size-default\">Etapas profesionales<\/p>\t\t\t\t<\/div>\n\t\t\t\t<\/div>\n\t\t\t\t<div class=\"elementor-element elementor-element-d89e036 elementor-widget elementor-widget-text-editor\" data-id=\"d89e036\" data-element_type=\"widget\" data-widget_type=\"text-editor.default\">\n\t\t\t\t<div class=\"elementor-widget-container\">\n\t\t\t\t\t\t\t\t\t<ul><li>Desde 1996, ejerce como abogado, entre otros lugares, en Suiza.<\/li><li>De 1999 a 2003, director general del Centro de Formaci\u00f3n Kolping de Constanza.<\/li><li>1999 Fundaci\u00f3n del bufete de abogados Wirlitsch en Constanza, Alemania.<\/li><li>Desde 2008, abogado especializado en derecho laboral.<\/li><\/ul>\t\t\t\t\t\t\t\t<\/div>\n\t\t\t\t<\/div>\n\t\t\t\t<div class=\"elementor-element elementor-element-1a1aaef elementor-widget elementor-widget-heading\" data-id=\"1a1aaef\" data-element_type=\"widget\" data-widget_type=\"heading.default\">\n\t\t\t\t<div class=\"elementor-widget-container\">\n\t\t\t\t\t<p class=\"elementor-heading-title elementor-size-default\">Actividad docente<\/p>\t\t\t\t<\/div>\n\t\t\t\t<\/div>\n\t\t\t\t<div class=\"elementor-element elementor-element-fdbfe4e elementor-widget elementor-widget-text-editor\" data-id=\"fdbfe4e\" data-element_type=\"widget\" data-widget_type=\"text-editor.default\">\n\t\t\t\t<div class=\"elementor-widget-container\">\n\t\t\t\t\t\t\t\t\t<ul><li>Desde 1996, profesor de Derecho Laboral y Econ\u00f3mico en centros de formaci\u00f3n continua y universidades, entre otros, la HTWG de Constanza.<\/li><li>1999 \u00abProfesor asociado de Derecho Internacional\u00bb, Universidad Internacional Concordia de Estonia, Tallin, Estonia.<\/li><li>Ponente en cursos de formaci\u00f3n sobre derecho laboral para comit\u00e9s de empresa y comit\u00e9s de personal.<\/li><li>Desde el semestre de invierno 2017\/18, profesor en la Universidad de Constanza, impartiendo la asignatura \u00abDerecho laboral para humanistas\u00bb.<\/li><\/ul>\t\t\t\t\t\t\t\t<\/div>\n\t\t\t\t<\/div>\n\t\t\t\t<div class=\"elementor-element elementor-element-5bd9981 elementor-widget elementor-widget-heading\" data-id=\"5bd9981\" data-element_type=\"widget\" data-widget_type=\"heading.default\">\n\t\t\t\t<div class=\"elementor-widget-container\">\n\t\t\t\t\t<p class=\"elementor-heading-title elementor-size-default\">derecho de rescisi\u00f3n<\/p>\t\t\t\t<\/div>\n\t\t\t\t<\/div>\n\t\t\t\t<div class=\"elementor-element elementor-element-caebe0f elementor-widget elementor-widget-text-editor\" data-id=\"caebe0f\" data-element_type=\"widget\" data-widget_type=\"text-editor.default\">\n\t\t\t\t<div class=\"elementor-widget-container\">\n\t\t\t\t\t\t\t\t\t<ul><li>Derecho laboral individual<ul><li>Derecho laboral<\/li><li>derecho de rescisi\u00f3n<\/li><li>derecho a obtener certificados<\/li><li>Derecho de r\u00e9gimen interno de las empresas<\/li><\/ul><\/li><\/ul><ul><li>Derecho laboral colectivo<ul><li>Creaci\u00f3n y puesta en marcha de \u00f3rganos de conciliaci\u00f3n<\/li><li>Acuerdos de empresa y de servicio<\/li><li>Conciliaci\u00f3n de intereses y planes sociales<\/li><li>Legislaci\u00f3n sobre el tiempo de trabajo, organizaci\u00f3n del tiempo de trabajo en la empresa, horarios de servicio y turnos<\/li><li>Seguridad laboral, protecci\u00f3n laboral<\/li><li>ley de protecci\u00f3n de datos<\/li><\/ul><\/li><li>Derecho laboral del servicio p\u00fablico y derecho laboral eclesi\u00e1stico<\/li><li>derecho de los convenios colectivos<\/li><li>Derecho contractual laboral<\/li><li>Asesoramiento a directores generales y miembros de consejos de administraci\u00f3n<\/li><li>Responsabilidad civil de los gerentes, miembros del consejo de administraci\u00f3n y miembros del consejo de supervisi\u00f3n<\/li><li>Derecho econ\u00f3mico internacional<ul><li>Empleo de mano de obra en el extranjero<\/li><li>Constituci\u00f3n de una sociedad limitada (GmbH)<\/li><li>Creaci\u00f3n de consejos de supervisi\u00f3n seg\u00fan la Ley de participaci\u00f3n de un tercio<\/li><\/ul><\/li><\/ul><ul><li>Reorganizaci\u00f3n \/ Reestructuraci\u00f3n<\/li><\/ul>\t\t\t\t\t\t\t\t<\/div>\n\t\t\t\t<\/div>\n\t\t\t\t\t<\/div>\n\t\t<\/div>\n\t\t\t\t\t<\/div>\n\t\t<\/section>\n\t\t\t\t<section class=\"elementor-section elementor-top-section elementor-element elementor-element-4030834 elementor-section-boxed elementor-section-height-default elementor-section-height-default\" data-id=\"4030834\" data-element_type=\"section\">\n\t\t\t\t\t\t<div class=\"elementor-container elementor-column-gap-default\">\n\t\t\t\t\t<div class=\"elementor-column elementor-col-100 elementor-top-column elementor-element elementor-element-ea944d6\" data-id=\"ea944d6\" data-element_type=\"column\">\n\t\t\t<div class=\"elementor-widget-wrap elementor-element-populated\">\n\t\t\t\t\t\t<div class=\"elementor-element elementor-element-cf525c5 elementor-widget elementor-widget-heading\" data-id=\"cf525c5\" data-element_type=\"widget\" data-widget_type=\"heading.default\">\n\t\t\t\t<div class=\"elementor-widget-container\">\n\t\t\t\t\t<p class=\"elementor-heading-title elementor-size-default\">Publicaciones (selecci\u00f3n)<\/p>\t\t\t\t<\/div>\n\t\t\t\t<\/div>\n\t\t\t\t<div class=\"elementor-element elementor-element-7fe6022 elementor-widget elementor-widget-text-editor\" data-id=\"7fe6022\" data-element_type=\"widget\" data-widget_type=\"text-editor.default\">\n\t\t\t\t<div class=\"elementor-widget-container\">\n\t\t\t\t\t\t\t\t\t<ul><li>Libro \u00abArbeitszeit in Frage und Antwort\u00bb (El tiempo de trabajo en preguntas y respuestas), 1.\u00aa edici\u00f3n, 2023.<\/li><li>Ley de representaci\u00f3n del personal del estado federado de Baden-W\u00fcrttemberg, comentario b\u00e1sico \u2013 Editorial Bund, 3.\u00aa edici\u00f3n 2016, 4.\u00aa edici\u00f3n 2019, 5.\u00aa edici\u00f3n 2023   <\/li><li>NZA 2022, 1317 y ss., Michael D. Wirlitsch et al., Nueva competencia de los tribunales laborales en materia de derecho de representaci\u00f3n del personal.<\/li><li>NVwZ 2022, III. Editorial NVwZ, Michael D. Wirlitsch et al., Reforma de la Ley federal de representaci\u00f3n del personal: una oportunidad para los legisladores regionales.<\/li><li>\u00bfPuede ser pecado trabajar los domingos? \u2013 Derecho laboral en la empresa 2013, edici\u00f3n 1, p. 63<\/li><li>El comit\u00e9 de personal, edici\u00f3n 2012\/10, editorial Bund-Verlag, 2012.<\/li><li>Consecuencias jur\u00eddicas de la notificaci\u00f3n posterior en caso de transferencia de empresa \u2013 ArbRAktuell 2011, 450<\/li><li>Comit\u00e9 de empresa bajo presi\u00f3n temporal: Derecho laboral en la empresa 2010, edici\u00f3n 10, p. 618.<\/li><li>\u00bfCu\u00e1ndo debe guardar silencio el comit\u00e9 de empresa? \u2013 ArbRAktuell 2010, 415<\/li><li>El derecho de cesaci\u00f3n del comit\u00e9 de empresa \u2013 ArbRAktuell 2010, 521<\/li><li>Derechos de informaci\u00f3n del comit\u00e9 de empresa regulados fuera de la BetrVG (Ley alemana de organizaci\u00f3n empresarial) \u2013 ArbRAktuell 2009, 228<\/li><li>\u00bfQu\u00e9 es Europa? O el \u00abM\u00e1ster en Estudios Europeos Avanzados\u00bb suizo como oportunidad para los abogados suizos en Europa, Michael D. Wirlitsch, art\u00edculo publicado en la revista jur\u00eddica L\u00b4avocat, Suiza, septiembre de 2000. <\/li><li>\u00bfHacia un derecho laboral y social europeo? \u2013 Instituto Europeo de Basilea, 1998<\/li><\/ul>\t\t\t\t\t\t\t\t<\/div>\n\t\t\t\t<\/div>\n\t\t\t\t\t<\/div>\n\t\t<\/div>\n\t\t\t\t\t<\/div>\n\t\t<\/section>\n\t\t\t\t<\/div>\n\t\t","protected":false},"excerpt":{"rendered":"<p>Abogado y abogado especializado en derecho laboral Formaci\u00f3n Estudios de Derecho en las universidades de Bielefeld y Constanza. Primer examen estatal de Derecho en 1994 en Constanza. Segundo examen estatal de Derecho en 1996 en Stuttgart. M\u00e1ster en Estudios Europeos Avanzados (M.A.E.S.) en el Instituto Europeo, Universidad de Basilea, Suiza, especialidad en Derecho Laboral Europeo, [&hellip;]<\/p>\n","protected":false},"author":7,"featured_media":0,"parent":38430,"menu_order":0,"comment_status":"closed","ping_status":"open","template":"","meta":{"footnotes":""},"class_list":["post-38397","page","type-page","status-publish","hentry"],"_links":{"self":[{"href":"https:\/\/wirlitsch-arbeitsrecht.de\/es\/wp-json\/wp\/v2\/pages\/38397","targetHints":{"allow":["GET"]}}],"collection":[{"href":"https:\/\/wirlitsch-arbeitsrecht.de\/es\/wp-json\/wp\/v2\/pages"}],"about":[{"href":"https:\/\/wirlitsch-arbeitsrecht.de\/es\/wp-json\/wp\/v2\/types\/page"}],"author":[{"embeddable":true,"href":"https:\/\/wirlitsch-arbeitsrecht.de\/es\/wp-json\/wp\/v2\/users\/7"}],"replies":[{"embeddable":true,"href":"https:\/\/wirlitsch-arbeitsrecht.de\/es\/wp-json\/wp\/v2\/comments?post=38397"}],"version-history":[{"count":1,"href":"https:\/\/wirlitsch-arbeitsrecht.de\/es\/wp-json\/wp\/v2\/pages\/38397\/revisions"}],"predecessor-version":[{"id":38399,"href":"https:\/\/wirlitsch-arbeitsrecht.de\/es\/wp-json\/wp\/v2\/pages\/38397\/revisions\/38399"}],"up":[{"embeddable":true,"href":"https:\/\/wirlitsch-arbeitsrecht.de\/es\/wp-json\/wp\/v2\/pages\/38430"}],"wp:attachment":[{"href":"https:\/\/wirlitsch-arbeitsrecht.de\/es\/wp-json\/wp\/v2\/media?parent=38397"}],"curies":[{"name":"wp","href":"https:\/\/api.w.org\/{rel}","templated":true}]}}