{"id":38401,"date":"2017-03-06T12:10:13","date_gmt":"2017-03-06T11:10:13","guid":{"rendered":"https:\/\/wirlitsch-arbeitsrecht.de\/curriculum-vitae-dra-jur-astrid-deusch\/"},"modified":"2026-02-20T17:17:30","modified_gmt":"2026-02-20T16:17:30","slug":"curriculum-vitae-dra-jur-astrid-deusch","status":"publish","type":"page","link":"https:\/\/wirlitsch-arbeitsrecht.de\/es\/nuestro-equipo\/curriculum-vitae-dra-jur-astrid-deusch\/","title":{"rendered":"Curr\u00edculum vitae Dra. jur. Astrid Deusch"},"content":{"rendered":"<style>.elementor-38401 .elementor-element.elementor-element-4ac7fcd{--spacer-size:50px;}.elementor-widget-heading .elementor-heading-title{font-family:var( --e-global-typography-primary-font-family ), Sans-serif;font-weight:var( --e-global-typography-primary-font-weight );color:var( --e-global-color-primary );}.elementor-38401 .elementor-element.elementor-element-bd3c213{text-align:center;}.elementor-widget-image .widget-image-caption{color:var( --e-global-color-text );font-family:var( --e-global-typography-text-font-family ), Sans-serif;font-size:var( --e-global-typography-text-font-size );font-weight:var( --e-global-typography-text-font-weight );line-height:var( --e-global-typography-text-line-height );}.elementor-38401 .elementor-element.elementor-element-282d2c1 img{width:33%;}.elementor-widget-text-editor{font-family:var( --e-global-typography-text-font-family ), Sans-serif;font-size:var( --e-global-typography-text-font-size );font-weight:var( --e-global-typography-text-font-weight );line-height:var( --e-global-typography-text-line-height );color:var( --e-global-color-text );}.elementor-widget-text-editor.elementor-drop-cap-view-stacked .elementor-drop-cap{background-color:var( --e-global-color-primary );}.elementor-widget-text-editor.elementor-drop-cap-view-framed .elementor-drop-cap, .elementor-widget-text-editor.elementor-drop-cap-view-default .elementor-drop-cap{color:var( --e-global-color-primary );border-color:var( --e-global-color-primary );}.elementor-38401 .elementor-element.elementor-element-2bf2d9c{text-align:center;font-family:\"Didact Gothic\", Sans-serif;font-size:23px;font-weight:400;color:#000000;}.elementor-38401 .elementor-element.elementor-element-3b28a5d{font-family:\"Didact Gothic\", Sans-serif;font-size:17px;font-weight:400;}.elementor-38401 .elementor-element.elementor-element-1c44ee9{text-align:center;font-family:\"Didact Gothic\", Sans-serif;font-size:23px;font-weight:400;color:#000000;}.elementor-38401 .elementor-element.elementor-element-01ab29e{font-family:\"Didact Gothic\", Sans-serif;font-size:17px;font-weight:400;}.elementor-38401 .elementor-element.elementor-element-729b997{text-align:center;font-family:\"Didact Gothic\", Sans-serif;font-size:23px;font-weight:400;color:#000000;}.elementor-38401 .elementor-element.elementor-element-90e7d63{font-family:\"Didact Gothic\", Sans-serif;font-size:17px;font-weight:400;}.elementor-38401 .elementor-element.elementor-element-0d4024e{text-align:center;font-family:\"Didact Gothic\", Sans-serif;font-size:23px;font-weight:400;color:#000000;}.elementor-38401 .elementor-element.elementor-element-86dde7a{font-family:\"Didact Gothic\", Sans-serif;font-size:17px;font-weight:400;}.elementor-38401 .elementor-element.elementor-element-60d2949{text-align:center;font-family:\"Didact Gothic\", Sans-serif;font-size:23px;font-weight:400;color:#000000;}.elementor-38401 .elementor-element.elementor-element-b9e1a10{font-family:\"Didact Gothic\", Sans-serif;font-size:17px;font-weight:400;}@media(max-width:1024px){.elementor-widget-image .widget-image-caption{font-size:var( --e-global-typography-text-font-size );line-height:var( --e-global-typography-text-line-height );}.elementor-widget-text-editor{font-size:var( --e-global-typography-text-font-size );line-height:var( --e-global-typography-text-line-height );}}@media(max-width:767px){.elementor-widget-image .widget-image-caption{font-size:var( --e-global-typography-text-font-size );line-height:var( --e-global-typography-text-line-height );}.elementor-38401 .elementor-element.elementor-element-282d2c1 img{width:63%;}.elementor-widget-text-editor{font-size:var( --e-global-typography-text-font-size );line-height:var( --e-global-typography-text-line-height );}}<\/style>\t\t<div data-elementor-type=\"wp-page\" data-elementor-id=\"38401\" class=\"elementor elementor-38401 elementor-975\" data-elementor-post-type=\"page\">\n\t\t\t\t\t\t<section class=\"elementor-section elementor-top-section elementor-element elementor-element-198bee0 elementor-section-boxed elementor-section-height-default elementor-section-height-default\" data-id=\"198bee0\" data-element_type=\"section\">\n\t\t\t\t\t\t<div class=\"elementor-container elementor-column-gap-default\">\n\t\t\t\t\t<div class=\"elementor-column elementor-col-100 elementor-top-column elementor-element elementor-element-5defbf9\" data-id=\"5defbf9\" data-element_type=\"column\">\n\t\t\t<div class=\"elementor-widget-wrap elementor-element-populated\">\n\t\t\t\t\t\t<div class=\"elementor-element elementor-element-4ac7fcd elementor-widget elementor-widget-spacer\" data-id=\"4ac7fcd\" data-element_type=\"widget\" data-widget_type=\"spacer.default\">\n\t\t\t\t<div class=\"elementor-widget-container\">\n\t\t\t\t\t\t\t<div class=\"elementor-spacer\">\n\t\t\t<div class=\"elementor-spacer-inner\"><\/div>\n\t\t<\/div>\n\t\t\t\t\t\t<\/div>\n\t\t\t\t<\/div>\n\t\t\t\t<div class=\"elementor-element elementor-element-bd3c213 elementor-widget elementor-widget-heading\" data-id=\"bd3c213\" data-element_type=\"widget\" data-widget_type=\"heading.default\">\n\t\t\t\t<div class=\"elementor-widget-container\">\n\t\t\t\t\t<h1 class=\"elementor-heading-title elementor-size-default\">Abogada Dra. Jur. Astrid Deusch <\/h1>\t\t\t\t<\/div>\n\t\t\t\t<\/div>\n\t\t\t\t\t<\/div>\n\t\t<\/div>\n\t\t\t\t\t<\/div>\n\t\t<\/section>\n\t\t\t\t<section class=\"elementor-section elementor-top-section elementor-element elementor-element-dd08916 elementor-section-boxed elementor-section-height-default elementor-section-height-default\" data-id=\"dd08916\" data-element_type=\"section\">\n\t\t\t\t\t\t<div class=\"elementor-container elementor-column-gap-default\">\n\t\t\t\t\t<div class=\"elementor-column elementor-col-100 elementor-top-column elementor-element elementor-element-b4f7366\" data-id=\"b4f7366\" data-element_type=\"column\">\n\t\t\t<div class=\"elementor-widget-wrap elementor-element-populated\">\n\t\t\t\t\t\t<div class=\"elementor-element elementor-element-282d2c1 elementor-widget elementor-widget-image\" data-id=\"282d2c1\" data-element_type=\"widget\" data-widget_type=\"image.default\">\n\t\t\t\t<div class=\"elementor-widget-container\">\n\t\t\t\t\t\t\t\t\t\t\t\t\t\t\t<img fetchpriority=\"high\" decoding=\"async\" width=\"1067\" height=\"1600\" src=\"https:\/\/wirlitsch-arbeitsrecht.de\/wordpress\/wp-content\/uploads\/2021\/07\/Wirlitsch-Kanzlei-fuer-Arbeitsrecht-Konstanz-Fachanwalt-Rechtsanwalt-Bodensee-Kanzlei-Arbeitsrecht-40-web.jpg\" class=\"attachment-full size-full wp-image-38400\" alt=\"Dra. Jur. Astrid Deusch, abogada (en despacho compartido)\" srcset=\"https:\/\/wirlitsch-arbeitsrecht.de\/wordpress\/wp-content\/uploads\/2021\/07\/Wirlitsch-Kanzlei-fuer-Arbeitsrecht-Konstanz-Fachanwalt-Rechtsanwalt-Bodensee-Kanzlei-Arbeitsrecht-40-web.jpg 1067w, https:\/\/wirlitsch-arbeitsrecht.de\/wordpress\/wp-content\/uploads\/2021\/07\/Wirlitsch-Kanzlei-fuer-Arbeitsrecht-Konstanz-Fachanwalt-Rechtsanwalt-Bodensee-Kanzlei-Arbeitsrecht-40-web-200x300.jpg 200w, https:\/\/wirlitsch-arbeitsrecht.de\/wordpress\/wp-content\/uploads\/2021\/07\/Wirlitsch-Kanzlei-fuer-Arbeitsrecht-Konstanz-Fachanwalt-Rechtsanwalt-Bodensee-Kanzlei-Arbeitsrecht-40-web-683x1024.jpg 683w, https:\/\/wirlitsch-arbeitsrecht.de\/wordpress\/wp-content\/uploads\/2021\/07\/Wirlitsch-Kanzlei-fuer-Arbeitsrecht-Konstanz-Fachanwalt-Rechtsanwalt-Bodensee-Kanzlei-Arbeitsrecht-40-web-100x150.jpg 100w, https:\/\/wirlitsch-arbeitsrecht.de\/wordpress\/wp-content\/uploads\/2021\/07\/Wirlitsch-Kanzlei-fuer-Arbeitsrecht-Konstanz-Fachanwalt-Rechtsanwalt-Bodensee-Kanzlei-Arbeitsrecht-40-web-768x1152.jpg 768w, https:\/\/wirlitsch-arbeitsrecht.de\/wordpress\/wp-content\/uploads\/2021\/07\/Wirlitsch-Kanzlei-fuer-Arbeitsrecht-Konstanz-Fachanwalt-Rechtsanwalt-Bodensee-Kanzlei-Arbeitsrecht-40-web-1024x1536.jpg 1024w, https:\/\/wirlitsch-arbeitsrecht.de\/wordpress\/wp-content\/uploads\/2021\/07\/Wirlitsch-Kanzlei-fuer-Arbeitsrecht-Konstanz-Fachanwalt-Rechtsanwalt-Bodensee-Kanzlei-Arbeitsrecht-40-web-150x225.jpg 150w\" sizes=\"(max-width: 1067px) 100vw, 1067px\" \/>\t\t\t\t\t\t\t\t\t\t\t\t\t\t\t<\/div>\n\t\t\t\t<\/div>\n\t\t\t\t<div class=\"elementor-element elementor-element-2bf2d9c elementor-widget elementor-widget-text-editor\" data-id=\"2bf2d9c\" data-element_type=\"widget\" data-widget_type=\"text-editor.default\">\n\t\t\t\t<div class=\"elementor-widget-container\">\n\t\t\t\t\t\t\t\t\tFormaci\u00f3n\t\t\t\t\t\t\t\t<\/div>\n\t\t\t\t<\/div>\n\t\t\t\t<div class=\"elementor-element elementor-element-3b28a5d elementor-widget elementor-widget-text-editor\" data-id=\"3b28a5d\" data-element_type=\"widget\" data-widget_type=\"text-editor.default\">\n\t\t\t\t<div class=\"elementor-widget-container\">\n\t\t\t\t\t\t\t\t\t<ul><li>1981-1984 Estudios de Derecho en la Universidad de Constanza.<\/li><li>1984: primer examen estatal en Constanza.<\/li><li>1986, pr\u00e1cticas en dos bufetes de abogados en New Port Richey, Florida, EE. UU.<\/li><li>1987: Segundo examen estatal de Derecho en Stuttgart.<\/li><li>1993 Doctorado en el Instituto de Derecho Fiscal de la Universidad Westf\u00e4lische Wilhelms de M\u00fcnster.<\/li><\/ul>\t\t\t\t\t\t\t\t<\/div>\n\t\t\t\t<\/div>\n\t\t\t\t<div class=\"elementor-element elementor-element-1c44ee9 elementor-widget elementor-widget-text-editor\" data-id=\"1c44ee9\" data-element_type=\"widget\" data-widget_type=\"text-editor.default\">\n\t\t\t\t<div class=\"elementor-widget-container\">\n\t\t\t\t\t\t\t\t\tEtapas profesionales\t\t\t\t\t\t\t\t<\/div>\n\t\t\t\t<\/div>\n\t\t\t\t<div class=\"elementor-element elementor-element-01ab29e elementor-widget elementor-widget-text-editor\" data-id=\"01ab29e\" data-element_type=\"widget\" data-widget_type=\"text-editor.default\">\n\t\t\t\t<div class=\"elementor-widget-container\">\n\t\t\t\t\t\t\t\t\t<ul><li>1987-1991: ejercicio como abogada en Singen y Donaueschingen.<\/li><li>Desde 1991, directora del departamento de Educaci\u00f3n y Derecho de la Pastoral Laboral de la archidi\u00f3cesis de Friburgo.<\/li><li>Desde 2011, ejerce como abogada en Constanza a tiempo parcial.<\/li><\/ul>\t\t\t\t\t\t\t\t<\/div>\n\t\t\t\t<\/div>\n\t\t\t\t<div class=\"elementor-element elementor-element-729b997 elementor-widget elementor-widget-text-editor\" data-id=\"729b997\" data-element_type=\"widget\" data-widget_type=\"text-editor.default\">\n\t\t\t\t<div class=\"elementor-widget-container\">\n\t\t\t\t\t\t\t\t\tActividad docente\t\t\t\t\t\t\t\t<\/div>\n\t\t\t\t<\/div>\n\t\t\t\t<div class=\"elementor-element elementor-element-90e7d63 elementor-widget elementor-widget-text-editor\" data-id=\"90e7d63\" data-element_type=\"widget\" data-widget_type=\"text-editor.default\">\n\t\t\t\t<div class=\"elementor-widget-container\">\n\t\t\t\t\t\t\t\t\t<ul><li>Ponente en materia de derecho laboral, social, de r\u00e9gimen interno de las empresas, de representaci\u00f3n del personal y de representaci\u00f3n de los empleados eclesi\u00e1sticos, as\u00ed como en materia de derecho relativo a los domingos y festivos.<\/li><li>Formaci\u00f3n continua y perfeccionamiento profesional de miembros de comit\u00e9s de empresa y comit\u00e9s de personal, representantes de empleados eclesi\u00e1sticos y personas de confianza de personas con discapacidad grave.<\/li><li>Actividad como perito en audiencias en el Parlamento alem\u00e1n (Deutscher Bundestag)<\/li><li>Actividad como experto en el \u00e1mbito de cuestiones sociales fundamentales en el Comit\u00e9 Central de los Cat\u00f3licos Alemanes.<\/li><\/ul>\t\t\t\t\t\t\t\t<\/div>\n\t\t\t\t<\/div>\n\t\t\t\t<div class=\"elementor-element elementor-element-0d4024e elementor-widget elementor-widget-text-editor\" data-id=\"0d4024e\" data-element_type=\"widget\" data-widget_type=\"text-editor.default\">\n\t\t\t\t<div class=\"elementor-widget-container\">\n\t\t\t\t\t\t\t\t\t\u00c1reas de especializaci\u00f3n\t\t\t\t\t\t\t\t<\/div>\n\t\t\t\t<\/div>\n\t\t\t\t<div class=\"elementor-element elementor-element-86dde7a elementor-widget elementor-widget-text-editor\" data-id=\"86dde7a\" data-element_type=\"widget\" data-widget_type=\"text-editor.default\">\n\t\t\t\t<div class=\"elementor-widget-container\">\n\t\t\t\t\t\t\t\t\t<ul><li>Derecho laboral estatal y eclesi\u00e1stico<\/li><li>derecho social<\/li><li>Derecho de r\u00e9gimen de empresa y representaci\u00f3n del personal<\/li><li>Derecho de representaci\u00f3n de los empleados eclesi\u00e1sticos<\/li><li>Derecho de la comisi\u00f3n eclesi\u00e1stica a regular el contrato de trabajo.<\/li><li>Derecho laboral, domingos y festivos<\/li><li>Vertretungst\u00e4tigkeit vor innerkirchlichen Schlichtungsstellen<\/li><\/ul>\t\t\t\t\t\t\t\t<\/div>\n\t\t\t\t<\/div>\n\t\t\t\t<div class=\"elementor-element elementor-element-60d2949 elementor-widget elementor-widget-text-editor\" data-id=\"60d2949\" data-element_type=\"widget\" data-widget_type=\"text-editor.default\">\n\t\t\t\t<div class=\"elementor-widget-container\">\n\t\t\t\t\t\t\t\t\tPublicaciones\n\t\t\t\t\t\t\t\t<\/div>\n\t\t\t\t<\/div>\n\t\t\t\t<div class=\"elementor-element elementor-element-b9e1a10 elementor-widget elementor-widget-text-editor\" data-id=\"b9e1a10\" data-element_type=\"widget\" data-widget_type=\"text-editor.default\">\n\t\t\t\t<div class=\"elementor-widget-container\">\n\t\t\t\t\t\t\t\t\t<ul><li>Fundamentos jur\u00eddicos de la protecci\u00f3n de los domingos y festivos en Baden-W\u00fcrttemberg, 2017<\/li><li>Comentario sobre la Ley de Ejecuci\u00f3n Administrativa en Bader-Ronellenfitsch, Ley de Procedimiento Administrativo, Editorial C.H. Beck, 2016.<\/li><li>\u00bfPuede ser pecado trabajar los domingos? \u2013 Derecho laboral en la empresa 2013, edici\u00f3n 1, p. 63. <\/li><li>Participaci\u00f3n de los representantes de los trabajadores en la organizaci\u00f3n del trabajo, Revista sobre el derecho de representaci\u00f3n de los trabajadores, 1998.<\/li><li>Ley de constituci\u00f3n de empresas y derecho de representaci\u00f3n de los trabajadores: una comparaci\u00f3n, Bad Honnef, 1995.<\/li><li>La tributaci\u00f3n del matrimonio y de la convivencia no matrimonial en el Derecho tributario, tesis doctoral, M\u00fcnster 1993.<\/li><\/ul>\t\t\t\t\t\t\t\t<\/div>\n\t\t\t\t<\/div>\n\t\t\t\t\t<\/div>\n\t\t<\/div>\n\t\t\t\t\t<\/div>\n\t\t<\/section>\n\t\t\t\t<\/div>\n\t\t","protected":false},"excerpt":{"rendered":"<p>Abogada Dra. Jur. Astrid Deusch Formaci\u00f3n 1981-1984 Estudios de Derecho en la Universidad de Constanza. 1984: primer examen estatal en Constanza. 1986, pr\u00e1cticas en dos bufetes de abogados en New Port Richey, Florida, EE. UU. 1987: Segundo examen estatal de Derecho en Stuttgart. 1993 Doctorado en el Instituto de Derecho Fiscal de la Universidad Westf\u00e4lische [&hellip;]<\/p>\n","protected":false},"author":7,"featured_media":0,"parent":38430,"menu_order":0,"comment_status":"closed","ping_status":"closed","template":"","meta":{"footnotes":""},"class_list":["post-38401","page","type-page","status-publish","hentry"],"_links":{"self":[{"href":"https:\/\/wirlitsch-arbeitsrecht.de\/es\/wp-json\/wp\/v2\/pages\/38401","targetHints":{"allow":["GET"]}}],"collection":[{"href":"https:\/\/wirlitsch-arbeitsrecht.de\/es\/wp-json\/wp\/v2\/pages"}],"about":[{"href":"https:\/\/wirlitsch-arbeitsrecht.de\/es\/wp-json\/wp\/v2\/types\/page"}],"author":[{"embeddable":true,"href":"https:\/\/wirlitsch-arbeitsrecht.de\/es\/wp-json\/wp\/v2\/users\/7"}],"replies":[{"embeddable":true,"href":"https:\/\/wirlitsch-arbeitsrecht.de\/es\/wp-json\/wp\/v2\/comments?post=38401"}],"version-history":[{"count":1,"href":"https:\/\/wirlitsch-arbeitsrecht.de\/es\/wp-json\/wp\/v2\/pages\/38401\/revisions"}],"predecessor-version":[{"id":38403,"href":"https:\/\/wirlitsch-arbeitsrecht.de\/es\/wp-json\/wp\/v2\/pages\/38401\/revisions\/38403"}],"up":[{"embeddable":true,"href":"https:\/\/wirlitsch-arbeitsrecht.de\/es\/wp-json\/wp\/v2\/pages\/38430"}],"wp:attachment":[{"href":"https:\/\/wirlitsch-arbeitsrecht.de\/es\/wp-json\/wp\/v2\/media?parent=38401"}],"curies":[{"name":"wp","href":"https:\/\/api.w.org\/{rel}","templated":true}]}}