{"id":38412,"date":"2025-11-06T11:26:40","date_gmt":"2025-11-06T10:26:40","guid":{"rendered":"https:\/\/wirlitsch-arbeitsrecht.de\/derecho-laboral-internacional\/"},"modified":"2026-02-20T17:06:27","modified_gmt":"2026-02-20T16:06:27","slug":"derecho-laboral-internacional","status":"publish","type":"page","link":"https:\/\/wirlitsch-arbeitsrecht.de\/es\/derecho-laboral-internacional\/","title":{"rendered":"Derecho laboral internacional"},"content":{"rendered":"<style>.elementor-38412 .elementor-element.elementor-element-47c28d15{margin-top:0px;margin-bottom:0px;}.elementor-widget-image .widget-image-caption{color:var( --e-global-color-text );font-family:var( --e-global-typography-text-font-family ), Sans-serif;font-size:var( --e-global-typography-text-font-size );font-weight:var( --e-global-typography-text-font-weight );line-height:var( --e-global-typography-text-line-height );}.elementor-38412 .elementor-element.elementor-element-57efe00 img{width:53%;border-radius:5px 5px 5px 5px;}.elementor-widget-heading .elementor-heading-title{font-family:var( --e-global-typography-primary-font-family ), Sans-serif;font-weight:var( --e-global-typography-primary-font-weight );color:var( --e-global-color-primary );}.elementor-38412 .elementor-element.elementor-element-ed8bd90{text-align:start;}.elementor-widget-icon-box.elementor-view-stacked .elementor-icon{background-color:var( --e-global-color-primary );}.elementor-widget-icon-box.elementor-view-framed .elementor-icon, .elementor-widget-icon-box.elementor-view-default .elementor-icon{fill:var( --e-global-color-primary );color:var( --e-global-color-primary );border-color:var( --e-global-color-primary );}.elementor-widget-icon-box .elementor-icon-box-title, .elementor-widget-icon-box .elementor-icon-box-title a{font-family:var( --e-global-typography-primary-font-family ), Sans-serif;font-weight:var( --e-global-typography-primary-font-weight );}.elementor-widget-icon-box .elementor-icon-box-title{color:var( --e-global-color-primary );}.elementor-widget-icon-box:has(:hover) .elementor-icon-box-title,\n\t\t\t\t\t .elementor-widget-icon-box:has(:focus) .elementor-icon-box-title{color:var( --e-global-color-primary );}.elementor-widget-icon-box .elementor-icon-box-description{font-family:var( --e-global-typography-text-font-family ), Sans-serif;font-size:var( --e-global-typography-text-font-size );font-weight:var( --e-global-typography-text-font-weight );line-height:var( --e-global-typography-text-line-height );color:var( --e-global-color-text );}.elementor-38412 .elementor-element.elementor-element-7613978 .elementor-icon-box-wrapper{text-align:start;}.elementor-38412 .elementor-element.elementor-element-7613978 .elementor-icon-box-title{color:#000000;}.elementor-38412 .elementor-element.elementor-element-4bd78a0 .elementor-icon-box-wrapper{text-align:start;}.elementor-38412 .elementor-element.elementor-element-4bd78a0 .elementor-icon-box-title{color:#000000;}.elementor-38412 .elementor-element.elementor-element-4463538 .elementor-icon-box-wrapper{text-align:start;}.elementor-38412 .elementor-element.elementor-element-4463538 .elementor-icon-box-title{color:#000000;}.elementor-38412 .elementor-element.elementor-element-ea22416 .elementor-icon-box-wrapper{text-align:start;}.elementor-38412 .elementor-element.elementor-element-ea22416 .elementor-icon-box-title{color:#000000;}.elementor-38412 .elementor-element.elementor-element-a45633d .elementor-icon-box-wrapper{text-align:start;}.elementor-38412 .elementor-element.elementor-element-a45633d .elementor-icon-box-title{color:#000000;}.elementor-38412 .elementor-element.elementor-element-05ffe23 .elementor-icon-box-wrapper{text-align:start;}.elementor-38412 .elementor-element.elementor-element-05ffe23 .elementor-icon-box-title{color:#000000;}.elementor-38412 .elementor-element.elementor-element-a9cb85c{--spacer-size:50px;}.elementor-38412 .elementor-element.elementor-element-f4f15ac .elementor-heading-title{color:#000000;}.elementor-38412 .elementor-element.elementor-element-13b68f2 > .elementor-container > .elementor-column > .elementor-widget-wrap{align-content:center;align-items:center;}.elementor-38412 .elementor-element.elementor-element-13b68f2:not(.elementor-motion-effects-element-type-background), .elementor-38412 .elementor-element.elementor-element-13b68f2 > .elementor-motion-effects-container > .elementor-motion-effects-layer{background-color:#000000;}.elementor-38412 .elementor-element.elementor-element-13b68f2{transition:background 0.3s, border 0.3s, border-radius 0.3s, box-shadow 0.3s;padding:100px 0px 100px 0px;}.elementor-38412 .elementor-element.elementor-element-13b68f2 > .elementor-background-overlay{transition:background 0.3s, border-radius 0.3s, opacity 0.3s;}.elementor-38412 .elementor-element.elementor-element-3699da7 > .elementor-element-populated{padding:0% 10% 0% 0%;}.elementor-38412 .elementor-element.elementor-element-b61ed68 .elementor-heading-title{font-size:45px;font-weight:900;line-height:1.2em;color:#ffffff;}.elementor-widget-text-editor{font-family:var( --e-global-typography-text-font-family ), Sans-serif;font-size:var( --e-global-typography-text-font-size );font-weight:var( --e-global-typography-text-font-weight );line-height:var( --e-global-typography-text-line-height );color:var( --e-global-color-text );}.elementor-widget-text-editor.elementor-drop-cap-view-stacked .elementor-drop-cap{background-color:var( --e-global-color-primary );}.elementor-widget-text-editor.elementor-drop-cap-view-framed .elementor-drop-cap, .elementor-widget-text-editor.elementor-drop-cap-view-default .elementor-drop-cap{color:var( --e-global-color-primary );border-color:var( --e-global-color-primary );}.elementor-38412 .elementor-element.elementor-element-beac18a{font-family:var( --e-global-typography-text-font-family ), Sans-serif;font-size:var( --e-global-typography-text-font-size );font-weight:var( --e-global-typography-text-font-weight );line-height:var( --e-global-typography-text-line-height );color:#FFFFFF;}.elementor-widget-button .elementor-button{background-color:var( --e-global-color-accent );font-family:var( --e-global-typography-accent-font-family ), Sans-serif;font-weight:var( --e-global-typography-accent-font-weight );}.elementor-38412 .elementor-element.elementor-element-dcd38be img{border-radius:5px 5px 5px 5px;}@media(max-width:1024px){.elementor-widget-image .widget-image-caption{font-size:var( --e-global-typography-text-font-size );line-height:var( --e-global-typography-text-line-height );}.elementor-widget-icon-box .elementor-icon-box-description{font-size:var( --e-global-typography-text-font-size );line-height:var( --e-global-typography-text-line-height );}.elementor-38412 .elementor-element.elementor-element-13b68f2{padding:100px 25px 100px 25px;}.elementor-38412 .elementor-element.elementor-element-b61ed68 .elementor-heading-title{font-size:35px;}.elementor-widget-text-editor{font-size:var( --e-global-typography-text-font-size );line-height:var( --e-global-typography-text-line-height );}.elementor-38412 .elementor-element.elementor-element-beac18a{font-size:var( --e-global-typography-text-font-size );line-height:var( --e-global-typography-text-line-height );}}@media(max-width:767px){.elementor-widget-image .widget-image-caption{font-size:var( --e-global-typography-text-font-size );line-height:var( --e-global-typography-text-line-height );}.elementor-38412 .elementor-element.elementor-element-57efe00 img{width:100%;}.elementor-widget-icon-box .elementor-icon-box-description{font-size:var( --e-global-typography-text-font-size );line-height:var( --e-global-typography-text-line-height );}.elementor-38412 .elementor-element.elementor-element-13b68f2{padding:50px 20px 50px 20px;}.elementor-38412 .elementor-element.elementor-element-3699da7 > .elementor-element-populated{padding:25px 0px 0px 0px;}.elementor-widget-text-editor{font-size:var( --e-global-typography-text-font-size );line-height:var( --e-global-typography-text-line-height );}.elementor-38412 .elementor-element.elementor-element-beac18a{font-size:var( --e-global-typography-text-font-size );line-height:var( --e-global-typography-text-line-height );}}<\/style>\t\t<div data-elementor-type=\"wp-page\" data-elementor-id=\"38412\" class=\"elementor elementor-38412 elementor-37485\" data-elementor-post-type=\"page\">\n\t\t\t\t\t\t<section class=\"elementor-section elementor-top-section elementor-element elementor-element-47c28d15 elementor-section-boxed elementor-section-height-default elementor-section-height-default\" data-id=\"47c28d15\" data-element_type=\"section\">\n\t\t\t\t\t\t<div class=\"elementor-container elementor-column-gap-default\">\n\t\t\t\t\t<div class=\"elementor-column elementor-col-100 elementor-top-column elementor-element elementor-element-af0bc74\" data-id=\"af0bc74\" data-element_type=\"column\">\n\t\t\t<div class=\"elementor-widget-wrap elementor-element-populated\">\n\t\t\t\t\t\t<div class=\"elementor-element elementor-element-57efe00 elementor-widget elementor-widget-image\" data-id=\"57efe00\" data-element_type=\"widget\" data-widget_type=\"image.default\">\n\t\t\t\t<div class=\"elementor-widget-container\">\n\t\t\t\t\t\t\t\t\t\t\t\t\t\t\t<img fetchpriority=\"high\" decoding=\"async\" width=\"800\" height=\"534\" src=\"https:\/\/wirlitsch-arbeitsrecht.de\/wordpress\/wp-content\/uploads\/2025\/11\/IMG_1792-1024x683.webp\" class=\"attachment-large size-large wp-image-38250\" alt=\"\" srcset=\"https:\/\/wirlitsch-arbeitsrecht.de\/wordpress\/wp-content\/uploads\/2025\/11\/IMG_1792-1024x683.webp 1024w, https:\/\/wirlitsch-arbeitsrecht.de\/wordpress\/wp-content\/uploads\/2025\/11\/IMG_1792-300x200.webp 300w, https:\/\/wirlitsch-arbeitsrecht.de\/wordpress\/wp-content\/uploads\/2025\/11\/IMG_1792-150x100.webp 150w, https:\/\/wirlitsch-arbeitsrecht.de\/wordpress\/wp-content\/uploads\/2025\/11\/IMG_1792-768x512.webp 768w, https:\/\/wirlitsch-arbeitsrecht.de\/wordpress\/wp-content\/uploads\/2025\/11\/IMG_1792-1536x1025.webp 1536w, https:\/\/wirlitsch-arbeitsrecht.de\/wordpress\/wp-content\/uploads\/2025\/11\/IMG_1792-2048x1366.webp 2048w\" sizes=\"(max-width: 800px) 100vw, 800px\" \/>\t\t\t\t\t\t\t\t\t\t\t\t\t\t\t<\/div>\n\t\t\t\t<\/div>\n\t\t\t\t<div class=\"elementor-element elementor-element-ed8bd90 elementor-widget elementor-widget-heading\" data-id=\"ed8bd90\" data-element_type=\"widget\" data-widget_type=\"heading.default\">\n\t\t\t\t<div class=\"elementor-widget-container\">\n\t\t\t\t\t<h1 class=\"elementor-heading-title elementor-size-default\">Derecho laboral internacional: su puente hacia el mercado laboral global<\/h1>\t\t\t\t<\/div>\n\t\t\t\t<\/div>\n\t\t\t\t<div class=\"elementor-element elementor-element-7613978 elementor-widget elementor-widget-icon-box\" data-id=\"7613978\" data-element_type=\"widget\" data-widget_type=\"icon-box.default\">\n\t\t\t\t<div class=\"elementor-widget-container\">\n\t\t\t\t\t\t\t<div class=\"elementor-icon-box-wrapper\">\n\n\t\t\t\n\t\t\t\t\t\t<div class=\"elementor-icon-box-content\">\n\n\t\t\t\t\t\t\t\t\t<h2 class=\"elementor-icon-box-title\">\n\t\t\t\t\t\t<span  >\n\t\t\t\t\t\t\tClaridad jur\u00eddica para los trabajadores cualificados y cumplimiento normativo global en materia de recursos humanos\t\t\t\t\t\t<\/span>\n\t\t\t\t\t<\/h2>\n\t\t\t\t\n\t\t\t\t\t\t\t\t\t<p class=\"elementor-icon-box-description\">\n\t\t\t\t\t\tEn un mundo laboral cada vez m\u00e1s globalizado, es imprescindible contar con estructuras jur\u00eddicas claras y previsi\u00f3n estrat\u00e9gica. Nuestro bufete ofrece asesoramiento especializado en derecho laboral internacional y le presta apoyo cuando el derecho laboral alem\u00e1n se enfrenta a situaciones transfronterizas.\nSomos su socio de confianza en materia de inmigraci\u00f3n de trabajadores cualificados, desplazamientos y protecci\u00f3n laboral de empleados que trabajan a nivel internacional. \t\t\t\t\t<\/p>\n\t\t\t\t\n\t\t\t<\/div>\n\t\t\t\n\t\t<\/div>\n\t\t\t\t\t\t<\/div>\n\t\t\t\t<\/div>\n\t\t\t\t<div class=\"elementor-element elementor-element-4bd78a0 elementor-widget elementor-widget-icon-box\" data-id=\"4bd78a0\" data-element_type=\"widget\" data-widget_type=\"icon-box.default\">\n\t\t\t\t<div class=\"elementor-widget-container\">\n\t\t\t\t\t\t\t<div class=\"elementor-icon-box-wrapper\">\n\n\t\t\t\n\t\t\t\t\t\t<div class=\"elementor-icon-box-content\">\n\n\t\t\t\t\t\t\t\t\t<h2 class=\"elementor-icon-box-title\">\n\t\t\t\t\t\t<span  >\n\t\t\t\t\t\t\tSeguridad en el \u00e1mbito internacional\t\t\t\t\t\t<\/span>\n\t\t\t\t\t<\/h2>\n\t\t\t\t\n\t\t\t\t\t\t\t\t\t<p class=\"elementor-icon-box-description\">\n\t\t\t\t\t\tSimplificamos las complejidades legales de las diferentes jurisdicciones y, gracias a nuestra red internacional de abogados DIRO AG, siempre le ofrecemos una soluci\u00f3n bien fundamentada:\n\t\t\t\t\t<\/p>\n\t\t\t\t\n\t\t\t<\/div>\n\t\t\t\n\t\t<\/div>\n\t\t\t\t\t\t<\/div>\n\t\t\t\t<\/div>\n\t\t\t\t<div class=\"elementor-element elementor-element-4463538 elementor-widget elementor-widget-icon-box\" data-id=\"4463538\" data-element_type=\"widget\" data-widget_type=\"icon-box.default\">\n\t\t\t\t<div class=\"elementor-widget-container\">\n\t\t\t\t\t\t\t<div class=\"elementor-icon-box-wrapper\">\n\n\t\t\t\n\t\t\t\t\t\t<div class=\"elementor-icon-box-content\">\n\n\t\t\t\t\t\t\t\t\t<h3 class=\"elementor-icon-box-title\">\n\t\t\t\t\t\t<span  >\n\t\t\t\t\t\t\t1. Movilidad global y traslados (enfoque en las empresas)\t\t\t\t\t\t<\/span>\n\t\t\t\t\t<\/h3>\n\t\t\t\t\n\t\t\t\t\t\t\t\t\t<p class=\"elementor-icon-box-description\">\n\t\t\t\t\t\tContratos con seguridad jur\u00eddica: redacci\u00f3n de acuerdos laborales y de desplazamiento transfronterizos (entrantes\/salientes).\t\t\t\t\t<\/p>\n\t\t\t\t\n\t\t\t<\/div>\n\t\t\t\n\t\t<\/div>\n\t\t\t\t\t\t<\/div>\n\t\t\t\t<\/div>\n\t\t\t\t<div class=\"elementor-element elementor-element-ea22416 elementor-widget elementor-widget-icon-box\" data-id=\"ea22416\" data-element_type=\"widget\" data-widget_type=\"icon-box.default\">\n\t\t\t\t<div class=\"elementor-widget-container\">\n\t\t\t\t\t\t\t<div class=\"elementor-icon-box-wrapper\">\n\n\t\t\t\n\t\t\t\t\t\t<div class=\"elementor-icon-box-content\">\n\n\t\t\t\t\t\t\t\t\t<h3 class=\"elementor-icon-box-title\">\n\t\t\t\t\t\t<span  >\n\t\t\t\t\t\t\t2. Inmigraci\u00f3n de trabajadores cualificados (enfoque en empresas y trabajadores)\t\t\t\t\t\t<\/span>\n\t\t\t\t\t<\/h3>\n\t\t\t\t\n\t\t\t\t\t\t\t\t\t<p class=\"elementor-icon-box-description\">\n\t\t\t\t\t\tDe la A a la Z: Asistencia jur\u00eddica en la captaci\u00f3n, contrataci\u00f3n e integraci\u00f3n de talentos internacionales en el mercado laboral alem\u00e1n.\nEspecializaci\u00f3n: Gesti\u00f3n de los complejos procedimientos de inmigraci\u00f3n de trabajadores cualificados, en particular para los pa\u00edses hispanohablantes de Am\u00e9rica Central y del Sur (por ejemplo, Colombia).\t\t\t\t\t<\/p>\n\t\t\t\t\n\t\t\t<\/div>\n\t\t\t\n\t\t<\/div>\n\t\t\t\t\t\t<\/div>\n\t\t\t\t<\/div>\n\t\t\t\t<div class=\"elementor-element elementor-element-a45633d elementor-widget elementor-widget-icon-box\" data-id=\"a45633d\" data-element_type=\"widget\" data-widget_type=\"icon-box.default\">\n\t\t\t\t<div class=\"elementor-widget-container\">\n\t\t\t\t\t\t\t<div class=\"elementor-icon-box-wrapper\">\n\n\t\t\t\n\t\t\t\t\t\t<div class=\"elementor-icon-box-content\">\n\n\t\t\t\t\t\t\t\t\t<h3 class=\"elementor-icon-box-title\">\n\t\t\t\t\t\t<span  >\n\t\t\t\t\t\t\t3. Derecho europeo y libre circulaci\u00f3n de trabajadores (enfoque en los trabajadores)\t\t\t\t\t\t<\/span>\n\t\t\t\t\t<\/h3>\n\t\t\t\t\n\t\t\t\t\t\t\t\t\t<p class=\"elementor-icon-box-description\">\n\t\t\t\t\t\tIgualdad de derechos para todos: especializaci\u00f3n en cuestiones de derecho laboral en el contexto de la libre circulaci\u00f3n de trabajadores de la UE y la integraci\u00f3n en Alemania.\nTerceros pa\u00edses: aclaraci\u00f3n de cuestiones complejas de derecho laboral relacionadas con terceros pa\u00edses europeos (como Suiza, Europa del Este, en particular Ucrania y los Balcanes, por ejemplo, Kosovo).\nResoluci\u00f3n de conflictos: resoluci\u00f3n de cuestiones de conflicto de leyes para evitar la doble regulaci\u00f3n y la inseguridad jur\u00eddica.\t\t\t\t\t<\/p>\n\t\t\t\t\n\t\t\t<\/div>\n\t\t\t\n\t\t<\/div>\n\t\t\t\t\t\t<\/div>\n\t\t\t\t<\/div>\n\t\t\t\t<div class=\"elementor-element elementor-element-05ffe23 elementor-widget elementor-widget-icon-box\" data-id=\"05ffe23\" data-element_type=\"widget\" data-widget_type=\"icon-box.default\">\n\t\t\t\t<div class=\"elementor-widget-container\">\n\t\t\t\t\t\t\t<div class=\"elementor-icon-box-wrapper\">\n\n\t\t\t\n\t\t\t\t\t\t<div class=\"elementor-icon-box-content\">\n\n\t\t\t\t\t\t\t\t\t<h2 class=\"elementor-icon-box-title\">\n\t\t\t\t\t\t<span  >\n\t\t\t\t\t\t\tIhr Mehrwert: Globale Kompetenz, lokale Sicherheit\t\t\t\t\t\t<\/span>\n\t\t\t\t\t<\/h2>\n\t\t\t\t\n\t\t\t\t\t\t\t\t\t<p class=\"elementor-icon-box-description\">\n\t\t\t\t\t\tIgualdad de derechos para todos: especializaci\u00f3n en cuestiones de derecho laboral en el contexto de la libre circulaci\u00f3n de trabajadores de la UE y la integraci\u00f3n en Alemania.\nTerceros pa\u00edses: aclaraci\u00f3n de cuestiones complejas de derecho laboral relacionadas con terceros pa\u00edses europeos (como Suiza, Europa del Este, en particular Ucrania y los Balcanes, por ejemplo, Kosovo).\nResoluci\u00f3n de conflictos: resoluci\u00f3n de cuestiones de conflicto de leyes para evitar la doble regulaci\u00f3n y la inseguridad jur\u00eddica.\t\t\t\t\t<\/p>\n\t\t\t\t\n\t\t\t<\/div>\n\t\t\t\n\t\t<\/div>\n\t\t\t\t\t\t<\/div>\n\t\t\t\t<\/div>\n\t\t\t\t<div class=\"elementor-element elementor-element-a9cb85c elementor-widget elementor-widget-spacer\" data-id=\"a9cb85c\" data-element_type=\"widget\" data-widget_type=\"spacer.default\">\n\t\t\t\t<div class=\"elementor-widget-container\">\n\t\t\t\t\t\t\t<div class=\"elementor-spacer\">\n\t\t\t<div class=\"elementor-spacer-inner\"><\/div>\n\t\t<\/div>\n\t\t\t\t\t\t<\/div>\n\t\t\t\t<\/div>\n\t\t\t\t<div class=\"elementor-element elementor-element-f4f15ac elementor-widget elementor-widget-heading\" data-id=\"f4f15ac\" data-element_type=\"widget\" data-widget_type=\"heading.default\">\n\t\t\t\t<div class=\"elementor-widget-container\">\n\t\t\t\t\t<h2 class=\"elementor-heading-title elementor-size-default\">Otros \u00e1mbitos de especializaci\u00f3n del despacho<\/h2>\t\t\t\t<\/div>\n\t\t\t\t<\/div>\n\t\t\t\t<div class=\"elementor-element elementor-element-e0b3393 elementor-widget elementor-widget-html\" data-id=\"e0b3393\" data-element_type=\"widget\" data-widget_type=\"html.default\">\n\t\t\t\t<div class=\"elementor-widget-container\">\n\t\t\t\t\t<div>\n  <p><a href=\"https:\/\/wirlitsch-arbeitsrecht.de\/es\/trabajador\/\">Para los trabajadores: representamos sus derechos en casos de despido, indemnizaci\u00f3n y todos los conflictos laborales.<\/a><\/p>\n  <p><a href=\"https:\/\/wirlitsch-arbeitsrecht.de\/es\/empleador\/\">Para empleadores: asesoramiento estrat\u00e9gico, procesos legalmente seguros y representaci\u00f3n efectiva en todas las cuestiones laborales.<\/a><\/p>\n  <p><a href=\"\/mitbestimmungsrecht\/\">Para comit\u00e9s de empresa y de personal: apoyo estrat\u00e9gico y legalmente seguro para el trabajo de los \u00f3rganos de representaci\u00f3n.<\/a><\/p>\n<\/div>\t\t\t\t<\/div>\n\t\t\t\t<\/div>\n\t\t\t\t\t<\/div>\n\t\t<\/div>\n\t\t\t\t\t<\/div>\n\t\t<\/section>\n\t\t\t\t<section class=\"elementor-section elementor-top-section elementor-element elementor-element-13b68f2 elementor-section-content-middle elementor-reverse-mobile elementor-section-boxed elementor-section-height-default elementor-section-height-default\" data-id=\"13b68f2\" data-element_type=\"section\" data-settings=\"{&quot;background_background&quot;:&quot;classic&quot;}\">\n\t\t\t\t\t\t<div class=\"elementor-container elementor-column-gap-no\">\n\t\t\t\t\t<div class=\"elementor-column elementor-col-50 elementor-top-column elementor-element elementor-element-3699da7\" data-id=\"3699da7\" data-element_type=\"column\">\n\t\t\t<div class=\"elementor-widget-wrap elementor-element-populated\">\n\t\t\t\t\t\t<div class=\"elementor-element elementor-element-b61ed68 elementor-widget elementor-widget-heading\" data-id=\"b61ed68\" data-element_type=\"widget\" data-widget_type=\"heading.default\">\n\t\t\t\t<div class=\"elementor-widget-container\">\n\t\t\t\t\t<h2 class=\"elementor-heading-title elementor-size-default\">Es hora de actuar: \u00a1p\u00f3ngase en contacto con nosotros!<\/h2>\t\t\t\t<\/div>\n\t\t\t\t<\/div>\n\t\t\t\t<div class=\"elementor-element elementor-element-beac18a elementor-widget elementor-widget-text-editor\" data-id=\"beac18a\" data-element_type=\"widget\" data-widget_type=\"text-editor.default\">\n\t\t\t\t<div class=\"elementor-widget-container\">\n\t\t\t\t\t\t\t\t\t\u00bfSe enfrenta a un conflicto o a un despido? No espere m\u00e1s: en el derecho laboral suelen aplicarse plazos cortos. El abogado Michael D. Wirlitsch, especialista en derecho laboral en Constanza y Stuttgart, le asesorar\u00e1 con su experiencia y su capacidad de negociaci\u00f3n.  \t\t\t\t\t\t\t\t<\/div>\n\t\t\t\t<\/div>\n\t\t\t\t<div class=\"elementor-element elementor-element-45eafae elementor-align-left elementor-widget elementor-widget-button\" data-id=\"45eafae\" data-element_type=\"widget\" data-widget_type=\"button.default\">\n\t\t\t\t<div class=\"elementor-widget-container\">\n\t\t\t\t\t\t\t\t\t<div class=\"elementor-button-wrapper\">\n\t\t\t\t\t<a class=\"elementor-button elementor-button-link elementor-size-sm\" href=\"https:\/\/wirlitsch-arbeitsrecht.de\/es\/contacto\/\">\n\t\t\t\t\t\t<span class=\"elementor-button-content-wrapper\">\n\t\t\t\t\t\t\t\t\t<span class=\"elementor-button-text\">Solicitar asesoramiento ahora<\/span>\n\t\t\t\t\t<\/span>\n\t\t\t\t\t<\/a>\n\t\t\t\t<\/div>\n\t\t\t\t\t\t\t\t<\/div>\n\t\t\t\t<\/div>\n\t\t\t\t\t<\/div>\n\t\t<\/div>\n\t\t\t\t<div class=\"elementor-column elementor-col-50 elementor-top-column elementor-element elementor-element-e1e0a29\" data-id=\"e1e0a29\" data-element_type=\"column\">\n\t\t\t<div class=\"elementor-widget-wrap elementor-element-populated\">\n\t\t\t\t\t\t<div class=\"elementor-element elementor-element-dcd38be elementor-widget elementor-widget-image\" data-id=\"dcd38be\" data-element_type=\"widget\" data-widget_type=\"image.default\">\n\t\t\t\t<div class=\"elementor-widget-container\">\n\t\t\t\t\t\t\t\t\t\t\t\t\t\t\t<img decoding=\"async\" width=\"2560\" height=\"1705\" src=\"https:\/\/wirlitsch-arbeitsrecht.de\/wordpress\/wp-content\/uploads\/2025\/10\/Bilder_Kanzlei25_IMG_1461-scaled.webp\" class=\"attachment-full size-full wp-image-38251\" alt=\"\" srcset=\"https:\/\/wirlitsch-arbeitsrecht.de\/wordpress\/wp-content\/uploads\/2025\/10\/Bilder_Kanzlei25_IMG_1461-scaled.webp 2560w, https:\/\/wirlitsch-arbeitsrecht.de\/wordpress\/wp-content\/uploads\/2025\/10\/Bilder_Kanzlei25_IMG_1461-300x200.webp 300w, https:\/\/wirlitsch-arbeitsrecht.de\/wordpress\/wp-content\/uploads\/2025\/10\/Bilder_Kanzlei25_IMG_1461-1024x682.webp 1024w, https:\/\/wirlitsch-arbeitsrecht.de\/wordpress\/wp-content\/uploads\/2025\/10\/Bilder_Kanzlei25_IMG_1461-150x100.webp 150w, https:\/\/wirlitsch-arbeitsrecht.de\/wordpress\/wp-content\/uploads\/2025\/10\/Bilder_Kanzlei25_IMG_1461-768x512.webp 768w, https:\/\/wirlitsch-arbeitsrecht.de\/wordpress\/wp-content\/uploads\/2025\/10\/Bilder_Kanzlei25_IMG_1461-1536x1023.webp 1536w, https:\/\/wirlitsch-arbeitsrecht.de\/wordpress\/wp-content\/uploads\/2025\/10\/Bilder_Kanzlei25_IMG_1461-2048x1364.webp 2048w\" sizes=\"(max-width: 2560px) 100vw, 2560px\" \/>\t\t\t\t\t\t\t\t\t\t\t\t\t\t\t<\/div>\n\t\t\t\t<\/div>\n\t\t\t\t\t<\/div>\n\t\t<\/div>\n\t\t\t\t\t<\/div>\n\t\t<\/section>\n\t\t\t\t<\/div>\n\t\t","protected":false},"excerpt":{"rendered":"<p>Derecho laboral internacional: su puente hacia el mercado laboral global Claridad jur\u00eddica para los trabajadores cualificados y cumplimiento normativo global en materia de recursos humanos En un mundo laboral cada vez m\u00e1s globalizado, es imprescindible contar con estructuras jur\u00eddicas claras y previsi\u00f3n estrat\u00e9gica. Nuestro bufete ofrece asesoramiento especializado en derecho laboral internacional y le presta [&hellip;]<\/p>\n","protected":false},"author":8,"featured_media":38250,"parent":0,"menu_order":0,"comment_status":"closed","ping_status":"closed","template":"","meta":{"footnotes":""},"class_list":["post-38412","page","type-page","status-publish","has-post-thumbnail","hentry"],"_links":{"self":[{"href":"https:\/\/wirlitsch-arbeitsrecht.de\/es\/wp-json\/wp\/v2\/pages\/38412","targetHints":{"allow":["GET"]}}],"collection":[{"href":"https:\/\/wirlitsch-arbeitsrecht.de\/es\/wp-json\/wp\/v2\/pages"}],"about":[{"href":"https:\/\/wirlitsch-arbeitsrecht.de\/es\/wp-json\/wp\/v2\/types\/page"}],"author":[{"embeddable":true,"href":"https:\/\/wirlitsch-arbeitsrecht.de\/es\/wp-json\/wp\/v2\/users\/8"}],"replies":[{"embeddable":true,"href":"https:\/\/wirlitsch-arbeitsrecht.de\/es\/wp-json\/wp\/v2\/comments?post=38412"}],"version-history":[{"count":1,"href":"https:\/\/wirlitsch-arbeitsrecht.de\/es\/wp-json\/wp\/v2\/pages\/38412\/revisions"}],"predecessor-version":[{"id":38413,"href":"https:\/\/wirlitsch-arbeitsrecht.de\/es\/wp-json\/wp\/v2\/pages\/38412\/revisions\/38413"}],"wp:featuredmedia":[{"embeddable":true,"href":"https:\/\/wirlitsch-arbeitsrecht.de\/es\/wp-json\/wp\/v2\/media\/38250"}],"wp:attachment":[{"href":"https:\/\/wirlitsch-arbeitsrecht.de\/es\/wp-json\/wp\/v2\/media?parent=38412"}],"curies":[{"name":"wp","href":"https:\/\/api.w.org\/{rel}","templated":true}]}}