{"id":38419,"date":"2020-06-22T10:14:36","date_gmt":"2020-06-22T08:14:36","guid":{"rendered":"https:\/\/wirlitsch-arbeitsrecht.de\/derecho-laboral-economico-internacional\/"},"modified":"2026-02-20T17:09:56","modified_gmt":"2026-02-20T16:09:56","slug":"derecho-laboral-economico-internacional","status":"publish","type":"page","link":"https:\/\/wirlitsch-arbeitsrecht.de\/es\/derecho-laboral-economico-internacional\/","title":{"rendered":"DERECHO LABORAL ECON\u00d3MICO INTERNACIONAL"},"content":{"rendered":"<style>.elementor-widget-heading .elementor-heading-title{font-family:var( --e-global-typography-primary-font-family ), Sans-serif;font-weight:var( --e-global-typography-primary-font-weight );color:var( --e-global-color-primary );}.elementor-38419 .elementor-element.elementor-element-cd5e162{text-align:center;}.elementor-38419 .elementor-element.elementor-element-cd5e162 .elementor-heading-title{color:#000000;}.elementor-widget-text-editor{font-family:var( --e-global-typography-text-font-family ), Sans-serif;font-size:var( --e-global-typography-text-font-size );font-weight:var( --e-global-typography-text-font-weight );line-height:var( --e-global-typography-text-line-height );color:var( --e-global-color-text );}.elementor-widget-text-editor.elementor-drop-cap-view-stacked .elementor-drop-cap{background-color:var( --e-global-color-primary );}.elementor-widget-text-editor.elementor-drop-cap-view-framed .elementor-drop-cap, .elementor-widget-text-editor.elementor-drop-cap-view-default .elementor-drop-cap{color:var( --e-global-color-primary );border-color:var( --e-global-color-primary );}.elementor-widget-divider{--divider-color:var( --e-global-color-secondary );}.elementor-widget-divider .elementor-divider__text{color:var( --e-global-color-secondary );font-family:var( --e-global-typography-secondary-font-family ), Sans-serif;font-weight:var( --e-global-typography-secondary-font-weight );}.elementor-widget-divider.elementor-view-stacked .elementor-icon{background-color:var( --e-global-color-secondary );}.elementor-widget-divider.elementor-view-framed .elementor-icon, .elementor-widget-divider.elementor-view-default .elementor-icon{color:var( --e-global-color-secondary );border-color:var( --e-global-color-secondary );}.elementor-widget-divider.elementor-view-framed .elementor-icon, .elementor-widget-divider.elementor-view-default .elementor-icon svg{fill:var( --e-global-color-secondary );}.elementor-38419 .elementor-element.elementor-element-d2234a1{--divider-border-style:solid;--divider-color:#000;--divider-border-width:1px;}.elementor-38419 .elementor-element.elementor-element-d2234a1 .elementor-divider-separator{width:100%;}.elementor-38419 .elementor-element.elementor-element-d2234a1 .elementor-divider{padding-block-start:15px;padding-block-end:15px;}.elementor-38419 .elementor-element.elementor-element-2adc6f5{text-align:center;}.elementor-38419 .elementor-element.elementor-element-2adc6f5 .elementor-heading-title{font-family:\"Roboto\", Sans-serif;font-size:21px;font-weight:600;color:#000000;}.elementor-widget-button .elementor-button{background-color:var( --e-global-color-accent );font-family:var( --e-global-typography-accent-font-family ), Sans-serif;font-weight:var( --e-global-typography-accent-font-weight );}.elementor-38419 .elementor-element.elementor-element-302699c .elementor-button{background-color:#C20000;}@media(max-width:1024px){.elementor-widget-text-editor{font-size:var( --e-global-typography-text-font-size );line-height:var( --e-global-typography-text-line-height );}}@media(max-width:767px){.elementor-widget-text-editor{font-size:var( --e-global-typography-text-font-size );line-height:var( --e-global-typography-text-line-height );}}<\/style>\t\t<div data-elementor-type=\"wp-page\" data-elementor-id=\"38419\" class=\"elementor elementor-38419 elementor-1540\" data-elementor-post-type=\"page\">\n\t\t\t\t\t\t<section class=\"elementor-section elementor-top-section elementor-element elementor-element-c83b8cf elementor-section-boxed elementor-section-height-default elementor-section-height-default\" data-id=\"c83b8cf\" data-element_type=\"section\">\n\t\t\t\t\t\t<div class=\"elementor-container elementor-column-gap-default\">\n\t\t\t\t\t<div class=\"elementor-column elementor-col-100 elementor-top-column elementor-element elementor-element-29223b0\" data-id=\"29223b0\" data-element_type=\"column\">\n\t\t\t<div class=\"elementor-widget-wrap elementor-element-populated\">\n\t\t\t\t\t\t<div class=\"elementor-element elementor-element-cd5e162 elementor-widget elementor-widget-heading\" data-id=\"cd5e162\" data-element_type=\"widget\" data-widget_type=\"heading.default\">\n\t\t\t\t<div class=\"elementor-widget-container\">\n\t\t\t\t\t<h1 class=\"elementor-heading-title elementor-size-default\">DERECHO LABORAL ECON\u00d3MICO INTERNACIONAL\n<\/h1>\t\t\t\t<\/div>\n\t\t\t\t<\/div>\n\t\t\t\t<div class=\"elementor-element elementor-element-8c7c4cd elementor-widget elementor-widget-text-editor\" data-id=\"8c7c4cd\" data-element_type=\"widget\" data-widget_type=\"text-editor.default\">\n\t\t\t\t<div class=\"elementor-widget-container\">\n\t\t\t\t\t\t\t\t\t<p>Tambi\u00e9n en lo que respecta a las cuestiones jur\u00eddicas relacionadas con el empleo de mano de obra en el extranjero y de trabajadores extranjeros en Alemania, contamos con interlocutores competentes que garantizan la seguridad jur\u00eddica en la redacci\u00f3n de contratos transfronterizos.<\/p>\n<p>El desplazamiento internacional de trabajadores forma parte de las pr\u00e1cticas de recursos humanos tanto en Europa como en el resto del mundo. Cada vez es m\u00e1s frecuente que los \u00abexpatriados\u00bb sean enviados al extranjero por periodos cortos o largos. <\/p>\n<p>Acompa\u00f1amos el despliegue de empleados extranjeros en Alemania, as\u00ed como la actividad de empleados alemanes en el extranjero. Nuestra dilatada experiencia abarca todos los aspectos laborales, de seguridad social y fiscales relacionados con el despliegue de empleados m\u00e1s all\u00e1 de las fronteras nacionales. En Suiza y Austria, la representaci\u00f3n corre a cargo de socios colaboradores.  <\/p>\t\t\t\t\t\t\t\t<\/div>\n\t\t\t\t<\/div>\n\t\t\t\t<div class=\"elementor-element elementor-element-d2234a1 elementor-widget-divider--view-line elementor-widget elementor-widget-divider\" data-id=\"d2234a1\" data-element_type=\"widget\" data-widget_type=\"divider.default\">\n\t\t\t\t<div class=\"elementor-widget-container\">\n\t\t\t\t\t\t\t<div class=\"elementor-divider\">\n\t\t\t<span class=\"elementor-divider-separator\">\n\t\t\t\t\t\t<\/span>\n\t\t<\/div>\n\t\t\t\t\t\t<\/div>\n\t\t\t\t<\/div>\n\t\t\t\t\t<\/div>\n\t\t<\/div>\n\t\t\t\t\t<\/div>\n\t\t<\/section>\n\t\t\t\t<section class=\"elementor-section elementor-top-section elementor-element elementor-element-f426fba elementor-section-boxed elementor-section-height-default elementor-section-height-default\" data-id=\"f426fba\" data-element_type=\"section\">\n\t\t\t\t\t\t<div class=\"elementor-container elementor-column-gap-default\">\n\t\t\t\t\t<div class=\"elementor-column elementor-col-100 elementor-top-column elementor-element elementor-element-436ab81\" data-id=\"436ab81\" data-element_type=\"column\">\n\t\t\t<div class=\"elementor-widget-wrap elementor-element-populated\">\n\t\t\t\t\t\t<div class=\"elementor-element elementor-element-2adc6f5 elementor-widget elementor-widget-heading\" data-id=\"2adc6f5\" data-element_type=\"widget\" data-widget_type=\"heading.default\">\n\t\t\t\t<div class=\"elementor-widget-container\">\n\t\t\t\t\t<p class=\"elementor-heading-title elementor-size-default\">Para clientes de habla inglesa<\/p>\t\t\t\t<\/div>\n\t\t\t\t<\/div>\n\t\t\t\t<div class=\"elementor-element elementor-element-d6a4960 elementor-widget elementor-widget-text-editor\" data-id=\"d6a4960\" data-element_type=\"widget\" data-widget_type=\"text-editor.default\">\n\t\t\t\t<div class=\"elementor-widget-container\">\n\t\t\t\t\t\t\t\t\t<p>Somos profesionales que escuchamos activamente, traducimos, asesoramos y proporcionamos asesoramiento jur\u00eddico especializado. Nuestra amplia experiencia nos permite representar tanto a empleadores como a empleados, y abordar incluso las situaciones m\u00e1s complejas con claridad y precisi\u00f3n. <\/p><p>Nuestro pensamiento estrat\u00e9gico le guiar\u00e1 a trav\u00e9s de los pasos necesarios para lograr el mejor resultado. Implementamos nuevos contratos y pol\u00edticas para empresas consolidadas, presentamos reclamaciones en nombre de los trabajadores agraviados, apelamos despidos y defendemos reclamaciones ante los tribunales con explicaciones claras a lo largo de todo el proceso. Nuestras soluciones personalizadas satisfacen sus necesidades gracias a nuestro enfoque creativo. Representar tanto a empleadores como a empleados nos da una ventaja t\u00e1ctica, ya que comprendemos las perspectivas de ambas partes.   <\/p>\t\t\t\t\t\t\t\t<\/div>\n\t\t\t\t<\/div>\n\t\t\t\t<div class=\"elementor-element elementor-element-302699c elementor-button-danger elementor-widget elementor-widget-button\" data-id=\"302699c\" data-element_type=\"widget\" data-widget_type=\"button.default\">\n\t\t\t\t<div class=\"elementor-widget-container\">\n\t\t\t\t\t\t\t\t\t<div class=\"elementor-button-wrapper\">\n\t\t\t\t\t<a class=\"elementor-button elementor-button-link elementor-size-xs\" href=\"https:\/\/wirlitsch-arbeitsrecht.de\/karriere\/\">\n\t\t\t\t\t\t<span class=\"elementor-button-content-wrapper\">\n\t\t\t\t\t\t\t\t\t<span class=\"elementor-button-text\">Haga clic aqu\u00ed.<\/span>\n\t\t\t\t\t<\/span>\n\t\t\t\t\t<\/a>\n\t\t\t\t<\/div>\n\t\t\t\t\t\t\t\t<\/div>\n\t\t\t\t<\/div>\n\t\t\t\t\t<\/div>\n\t\t<\/div>\n\t\t\t\t\t<\/div>\n\t\t<\/section>\n\t\t\t\t<\/div>\n\t\t","protected":false},"excerpt":{"rendered":"<p>DERECHO LABORAL ECON\u00d3MICO INTERNACIONAL Tambi\u00e9n en lo que respecta a las cuestiones jur\u00eddicas relacionadas con el empleo de mano de obra en el extranjero y de trabajadores extranjeros en Alemania, contamos con interlocutores competentes que garantizan la seguridad jur\u00eddica en la redacci\u00f3n de contratos transfronterizos. El desplazamiento internacional de trabajadores forma parte de las pr\u00e1cticas [&hellip;]<\/p>\n","protected":false},"author":4,"featured_media":0,"parent":0,"menu_order":0,"comment_status":"closed","ping_status":"closed","template":"","meta":{"footnotes":""},"class_list":["post-38419","page","type-page","status-publish","hentry"],"_links":{"self":[{"href":"https:\/\/wirlitsch-arbeitsrecht.de\/es\/wp-json\/wp\/v2\/pages\/38419","targetHints":{"allow":["GET"]}}],"collection":[{"href":"https:\/\/wirlitsch-arbeitsrecht.de\/es\/wp-json\/wp\/v2\/pages"}],"about":[{"href":"https:\/\/wirlitsch-arbeitsrecht.de\/es\/wp-json\/wp\/v2\/types\/page"}],"author":[{"embeddable":true,"href":"https:\/\/wirlitsch-arbeitsrecht.de\/es\/wp-json\/wp\/v2\/users\/4"}],"replies":[{"embeddable":true,"href":"https:\/\/wirlitsch-arbeitsrecht.de\/es\/wp-json\/wp\/v2\/comments?post=38419"}],"version-history":[{"count":1,"href":"https:\/\/wirlitsch-arbeitsrecht.de\/es\/wp-json\/wp\/v2\/pages\/38419\/revisions"}],"predecessor-version":[{"id":38420,"href":"https:\/\/wirlitsch-arbeitsrecht.de\/es\/wp-json\/wp\/v2\/pages\/38419\/revisions\/38420"}],"wp:attachment":[{"href":"https:\/\/wirlitsch-arbeitsrecht.de\/es\/wp-json\/wp\/v2\/media?parent=38419"}],"curies":[{"name":"wp","href":"https:\/\/api.w.org\/{rel}","templated":true}]}}