{"id":38421,"date":"2017-03-06T12:10:05","date_gmt":"2017-03-06T11:10:05","guid":{"rendered":"https:\/\/wirlitsch-arbeitsrecht.de\/curriculum-vitae-de-anja-reinke\/"},"modified":"2026-02-20T17:17:29","modified_gmt":"2026-02-20T16:17:29","slug":"curriculum-vitae-de-anja-reinke","status":"publish","type":"page","link":"https:\/\/wirlitsch-arbeitsrecht.de\/es\/nuestro-equipo\/curriculum-vitae-de-anja-reinke\/","title":{"rendered":"Curr\u00edculum vitae de Anja Reinke"},"content":{"rendered":"<style>.elementor-widget-heading .elementor-heading-title{font-family:var( --e-global-typography-primary-font-family ), Sans-serif;font-weight:var( --e-global-typography-primary-font-weight );color:var( --e-global-color-primary );}.elementor-38421 .elementor-element.elementor-element-c1c0a16{text-align:center;}.elementor-38421 .elementor-element.elementor-element-c1c0a16 .elementor-heading-title{color:var( --e-global-color-primary );}.elementor-widget-image .widget-image-caption{color:var( --e-global-color-text );font-family:var( --e-global-typography-text-font-family ), Sans-serif;font-size:var( --e-global-typography-text-font-size );font-weight:var( --e-global-typography-text-font-weight );line-height:var( --e-global-typography-text-line-height );}.elementor-38421 .elementor-element.elementor-element-4a0d62a img{width:40%;}.elementor-widget-text-editor{font-family:var( --e-global-typography-text-font-family ), Sans-serif;font-size:var( --e-global-typography-text-font-size );font-weight:var( --e-global-typography-text-font-weight );line-height:var( --e-global-typography-text-line-height );color:var( --e-global-color-text );}.elementor-widget-text-editor.elementor-drop-cap-view-stacked .elementor-drop-cap{background-color:var( --e-global-color-primary );}.elementor-widget-text-editor.elementor-drop-cap-view-framed .elementor-drop-cap, .elementor-widget-text-editor.elementor-drop-cap-view-default .elementor-drop-cap{color:var( --e-global-color-primary );border-color:var( --e-global-color-primary );}.elementor-38421 .elementor-element.elementor-element-5660d32{text-align:center;font-family:\"Amiri\", Sans-serif;font-size:23px;font-weight:400;color:#000000;}.elementor-38421 .elementor-element.elementor-element-cd84a50{font-family:\"Didact Gothic\", Sans-serif;font-size:17px;font-weight:400;}.elementor-38421 .elementor-element.elementor-element-1a6b333{text-align:center;font-family:\"Amiri\", Sans-serif;font-size:23px;font-weight:400;color:#000000;}.elementor-38421 .elementor-element.elementor-element-4bf794c{font-family:\"Didact Gothic\", Sans-serif;font-size:17px;font-weight:400;}.elementor-38421 .elementor-element.elementor-element-1ea20b0{text-align:center;font-family:\"Amiri\", Sans-serif;font-size:23px;font-weight:400;color:#000000;}.elementor-38421 .elementor-element.elementor-element-07c848f{font-family:\"Didact Gothic\", Sans-serif;font-size:17px;font-weight:400;}.elementor-38421 .elementor-element.elementor-element-0b78305{text-align:center;font-family:\"Amiri\", Sans-serif;font-size:23px;font-weight:400;color:#000000;}.elementor-38421 .elementor-element.elementor-element-9cbbad8{font-family:\"Didact Gothic\", Sans-serif;font-size:17px;font-weight:400;}.elementor-38421 .elementor-element.elementor-element-e29cda0{text-align:center;font-family:\"Amiri\", Sans-serif;font-size:23px;font-weight:400;color:#000000;}.elementor-38421 .elementor-element.elementor-element-2ae5f01{font-family:\"Didact Gothic\", Sans-serif;font-size:17px;font-weight:400;}@media(max-width:1024px){.elementor-widget-image .widget-image-caption{font-size:var( --e-global-typography-text-font-size );line-height:var( --e-global-typography-text-line-height );}.elementor-widget-text-editor{font-size:var( --e-global-typography-text-font-size );line-height:var( --e-global-typography-text-line-height );}}@media(max-width:767px){.elementor-widget-image .widget-image-caption{font-size:var( --e-global-typography-text-font-size );line-height:var( --e-global-typography-text-line-height );}.elementor-38421 .elementor-element.elementor-element-4a0d62a img{width:100%;}.elementor-widget-text-editor{font-size:var( --e-global-typography-text-font-size );line-height:var( --e-global-typography-text-line-height );}}<\/style>\t\t<div data-elementor-type=\"wp-page\" data-elementor-id=\"38421\" class=\"elementor elementor-38421 elementor-974\" data-elementor-post-type=\"page\">\n\t\t\t\t\t\t<section class=\"elementor-section elementor-top-section elementor-element elementor-element-9a94ae0 elementor-section-boxed elementor-section-height-default elementor-section-height-default\" data-id=\"9a94ae0\" data-element_type=\"section\">\n\t\t\t\t\t\t<div class=\"elementor-container elementor-column-gap-default\">\n\t\t\t\t\t<div class=\"elementor-column elementor-col-100 elementor-top-column elementor-element elementor-element-5fce4c9\" data-id=\"5fce4c9\" data-element_type=\"column\">\n\t\t\t<div class=\"elementor-widget-wrap elementor-element-populated\">\n\t\t\t\t\t\t<div class=\"elementor-element elementor-element-c1c0a16 elementor-widget elementor-widget-heading\" data-id=\"c1c0a16\" data-element_type=\"widget\" data-widget_type=\"heading.default\">\n\t\t\t\t<div class=\"elementor-widget-container\">\n\t\t\t\t\t<h1 class=\"elementor-heading-title elementor-size-default\">Abogada y especialista en derecho laboral <\/h1>\t\t\t\t<\/div>\n\t\t\t\t<\/div>\n\t\t\t\t<div class=\"elementor-element elementor-element-4a0d62a elementor-widget elementor-widget-image\" data-id=\"4a0d62a\" data-element_type=\"widget\" data-widget_type=\"image.default\">\n\t\t\t\t<div class=\"elementor-widget-container\">\n\t\t\t\t\t\t\t\t\t\t\t\t\t\t\t<img fetchpriority=\"high\" decoding=\"async\" width=\"1600\" height=\"1067\" src=\"https:\/\/wirlitsch-arbeitsrecht.de\/wordpress\/wp-content\/uploads\/2020\/06\/WEBVERSION-Wirlitsch-Kanzlei-f\u00fcr-Arbeitsrecht-Konstanz-Fachanwalt-Rechtsanwalt-Bodensee-Kanzlei-Arbeitsrecht-04.jpg\" class=\"attachment-full size-full wp-image-38418\" alt=\"Abogada y especialista en derecho laboral Anja Reinke\" srcset=\"https:\/\/wirlitsch-arbeitsrecht.de\/wordpress\/wp-content\/uploads\/2020\/06\/WEBVERSION-Wirlitsch-Kanzlei-f\u00fcr-Arbeitsrecht-Konstanz-Fachanwalt-Rechtsanwalt-Bodensee-Kanzlei-Arbeitsrecht-04.jpg 1600w, https:\/\/wirlitsch-arbeitsrecht.de\/wordpress\/wp-content\/uploads\/2020\/06\/WEBVERSION-Wirlitsch-Kanzlei-f\u00fcr-Arbeitsrecht-Konstanz-Fachanwalt-Rechtsanwalt-Bodensee-Kanzlei-Arbeitsrecht-04-300x200.jpg 300w, https:\/\/wirlitsch-arbeitsrecht.de\/wordpress\/wp-content\/uploads\/2020\/06\/WEBVERSION-Wirlitsch-Kanzlei-f\u00fcr-Arbeitsrecht-Konstanz-Fachanwalt-Rechtsanwalt-Bodensee-Kanzlei-Arbeitsrecht-04-1024x683.jpg 1024w, https:\/\/wirlitsch-arbeitsrecht.de\/wordpress\/wp-content\/uploads\/2020\/06\/WEBVERSION-Wirlitsch-Kanzlei-f\u00fcr-Arbeitsrecht-Konstanz-Fachanwalt-Rechtsanwalt-Bodensee-Kanzlei-Arbeitsrecht-04-150x100.jpg 150w, https:\/\/wirlitsch-arbeitsrecht.de\/wordpress\/wp-content\/uploads\/2020\/06\/WEBVERSION-Wirlitsch-Kanzlei-f\u00fcr-Arbeitsrecht-Konstanz-Fachanwalt-Rechtsanwalt-Bodensee-Kanzlei-Arbeitsrecht-04-768x512.jpg 768w, https:\/\/wirlitsch-arbeitsrecht.de\/wordpress\/wp-content\/uploads\/2020\/06\/WEBVERSION-Wirlitsch-Kanzlei-f\u00fcr-Arbeitsrecht-Konstanz-Fachanwalt-Rechtsanwalt-Bodensee-Kanzlei-Arbeitsrecht-04-1536x1024.jpg 1536w\" sizes=\"(max-width: 1600px) 100vw, 1600px\" \/>\t\t\t\t\t\t\t\t\t\t\t\t\t\t\t<\/div>\n\t\t\t\t<\/div>\n\t\t\t\t<div class=\"elementor-element elementor-element-5660d32 elementor-widget elementor-widget-text-editor\" data-id=\"5660d32\" data-element_type=\"widget\" data-widget_type=\"text-editor.default\">\n\t\t\t\t<div class=\"elementor-widget-container\">\n\t\t\t\t\t\t\t\t\tFormaci\u00f3n\t\t\t\t\t\t\t\t<\/div>\n\t\t\t\t<\/div>\n\t\t\t\t<div class=\"elementor-element elementor-element-cd84a50 elementor-widget elementor-widget-text-editor\" data-id=\"cd84a50\" data-element_type=\"widget\" data-widget_type=\"text-editor.default\">\n\t\t\t\t<div class=\"elementor-widget-container\">\n\t\t\t\t\t\t\t\t\t<ul><li>Estudios de Derecho en las universidades de Constanza y Madrid.<\/li><li>Primer examen estatal de Derecho en 2001 en Constanza.<\/li><li>Segundo examen estatal de Derecho en 2003 en Mannheim.<\/li><li>Desde 2013, abogada especializada en derecho laboral.<\/li><\/ul>\t\t\t\t\t\t\t\t<\/div>\n\t\t\t\t<\/div>\n\t\t\t\t<div class=\"elementor-element elementor-element-1a6b333 elementor-widget elementor-widget-text-editor\" data-id=\"1a6b333\" data-element_type=\"widget\" data-widget_type=\"text-editor.default\">\n\t\t\t\t<div class=\"elementor-widget-container\">\n\t\t\t\t\t\t\t\t\tEtapas profesionales\t\t\t\t\t\t\t\t<\/div>\n\t\t\t\t<\/div>\n\t\t\t\t<div class=\"elementor-element elementor-element-4bf794c elementor-widget elementor-widget-text-editor\" data-id=\"4bf794c\" data-element_type=\"widget\" data-widget_type=\"text-editor.default\">\n\t\t\t\t<div class=\"elementor-widget-container\">\n\t\t\t\t\t\t\t\t\t<ul><li>Desde 2003, secretaria jur\u00eddica en DGB Rechtsschutz GmbH.<\/li><li>2010 Incorporaci\u00f3n como abogada en Wirlitsch &#8211; Despacho especializado en derecho laboral<\/li><\/ul>\t\t\t\t\t\t\t\t<\/div>\n\t\t\t\t<\/div>\n\t\t\t\t<div class=\"elementor-element elementor-element-1ea20b0 elementor-widget elementor-widget-text-editor\" data-id=\"1ea20b0\" data-element_type=\"widget\" data-widget_type=\"text-editor.default\">\n\t\t\t\t<div class=\"elementor-widget-container\">\n\t\t\t\t\t\t\t\t\tActividad docente\t\t\t\t\t\t\t\t<\/div>\n\t\t\t\t<\/div>\n\t\t\t\t<div class=\"elementor-element elementor-element-07c848f elementor-widget elementor-widget-text-editor\" data-id=\"07c848f\" data-element_type=\"widget\" data-widget_type=\"text-editor.default\">\n\t\t\t\t<div class=\"elementor-widget-container\">\n\t\t\t\t\t\t\t\t\t<ul><li>Ponente en cursos de formaci\u00f3n sobre derecho laboral para comit\u00e9s de empresa y comit\u00e9s de personal.<\/li><\/ul>\t\t\t\t\t\t\t\t<\/div>\n\t\t\t\t<\/div>\n\t\t\t\t<div class=\"elementor-element elementor-element-0b78305 elementor-widget elementor-widget-text-editor\" data-id=\"0b78305\" data-element_type=\"widget\" data-widget_type=\"text-editor.default\">\n\t\t\t\t<div class=\"elementor-widget-container\">\n\t\t\t\t\t\t\t\t\t\u00c1reas de especializaci\u00f3n\t\t\t\t\t\t\t\t<\/div>\n\t\t\t\t<\/div>\n\t\t\t\t<div class=\"elementor-element elementor-element-9cbbad8 elementor-widget elementor-widget-text-editor\" data-id=\"9cbbad8\" data-element_type=\"widget\" data-widget_type=\"text-editor.default\">\n\t\t\t\t<div class=\"elementor-widget-container\">\n\t\t\t\t\t\t\t\t\t<ul><li>Derecho laboral\/Derecho contractual<\/li><li>Acuerdos de empresa y de servicio \/ Planes sociales<\/li><li>Derecho laboral individual y colectivo<\/li><\/ul>\t\t\t\t\t\t\t\t<\/div>\n\t\t\t\t<\/div>\n\t\t\t\t<div class=\"elementor-element elementor-element-e29cda0 elementor-widget elementor-widget-text-editor\" data-id=\"e29cda0\" data-element_type=\"widget\" data-widget_type=\"text-editor.default\">\n\t\t\t\t<div class=\"elementor-widget-container\">\n\t\t\t\t\t\t\t\t\tPublicaciones\t\t\t\t\t\t\t\t<\/div>\n\t\t\t\t<\/div>\n\t\t\t\t<div class=\"elementor-element elementor-element-2ae5f01 elementor-widget elementor-widget-text-editor\" data-id=\"2ae5f01\" data-element_type=\"widget\" data-widget_type=\"text-editor.default\">\n\t\t\t\t<div class=\"elementor-widget-container\">\n\t\t\t\t\t\t\t\t\t<ul><li>Comentario pr\u00e1ctico en Der Personalrat, edici\u00f3n 4\/2017, Bund-Verlag, 2017.<\/li><li>Ley de representaci\u00f3n del personal del estado federado de Baden-W\u00fcrttemberg, comentario b\u00e1sico Bund-Verlag, 4.\u00aa edici\u00f3n, 2019.<\/li><li>Comentario pr\u00e1ctico en Der Personalrat, edici\u00f3n 01\/2021, Bund-Verlag, 2021.<\/li><\/ul>\t\t\t\t\t\t\t\t<\/div>\n\t\t\t\t<\/div>\n\t\t\t\t\t<\/div>\n\t\t<\/div>\n\t\t\t\t\t<\/div>\n\t\t<\/section>\n\t\t\t\t<\/div>\n\t\t","protected":false},"excerpt":{"rendered":"<p>Abogada y especialista en derecho laboral Formaci\u00f3n Estudios de Derecho en las universidades de Constanza y Madrid. Primer examen estatal de Derecho en 2001 en Constanza. Segundo examen estatal de Derecho en 2003 en Mannheim. Desde 2013, abogada especializada en derecho laboral. Etapas profesionales Desde 2003, secretaria jur\u00eddica en DGB Rechtsschutz GmbH. 2010 Incorporaci\u00f3n como [&hellip;]<\/p>\n","protected":false},"author":7,"featured_media":0,"parent":38430,"menu_order":0,"comment_status":"closed","ping_status":"closed","template":"","meta":{"footnotes":""},"class_list":["post-38421","page","type-page","status-publish","hentry"],"_links":{"self":[{"href":"https:\/\/wirlitsch-arbeitsrecht.de\/es\/wp-json\/wp\/v2\/pages\/38421","targetHints":{"allow":["GET"]}}],"collection":[{"href":"https:\/\/wirlitsch-arbeitsrecht.de\/es\/wp-json\/wp\/v2\/pages"}],"about":[{"href":"https:\/\/wirlitsch-arbeitsrecht.de\/es\/wp-json\/wp\/v2\/types\/page"}],"author":[{"embeddable":true,"href":"https:\/\/wirlitsch-arbeitsrecht.de\/es\/wp-json\/wp\/v2\/users\/7"}],"replies":[{"embeddable":true,"href":"https:\/\/wirlitsch-arbeitsrecht.de\/es\/wp-json\/wp\/v2\/comments?post=38421"}],"version-history":[{"count":1,"href":"https:\/\/wirlitsch-arbeitsrecht.de\/es\/wp-json\/wp\/v2\/pages\/38421\/revisions"}],"predecessor-version":[{"id":38422,"href":"https:\/\/wirlitsch-arbeitsrecht.de\/es\/wp-json\/wp\/v2\/pages\/38421\/revisions\/38422"}],"up":[{"embeddable":true,"href":"https:\/\/wirlitsch-arbeitsrecht.de\/es\/wp-json\/wp\/v2\/pages\/38430"}],"wp:attachment":[{"href":"https:\/\/wirlitsch-arbeitsrecht.de\/es\/wp-json\/wp\/v2\/media?parent=38421"}],"curies":[{"name":"wp","href":"https:\/\/api.w.org\/{rel}","templated":true}]}}