{"id":38478,"date":"2020-06-22T10:24:14","date_gmt":"2020-06-22T08:24:14","guid":{"rendered":"https:\/\/wirlitsch-arbeitsrecht.de\/seminarios-cursos-de-formacion\/"},"modified":"2026-02-23T14:19:37","modified_gmt":"2026-02-23T13:19:37","slug":"seminarios-cursos-de-formacion","status":"publish","type":"page","link":"https:\/\/wirlitsch-arbeitsrecht.de\/es\/seminarios-cursos-de-formacion\/","title":{"rendered":"Seminarios\/Cursos de formaci\u00f3n"},"content":{"rendered":"<style>.elementor-widget-heading .elementor-heading-title{font-family:var( --e-global-typography-primary-font-family ), Sans-serif;font-weight:var( --e-global-typography-primary-font-weight );color:var( --e-global-color-primary );}.elementor-38478 .elementor-element.elementor-element-5e34095{text-align:center;}.elementor-38478 .elementor-element.elementor-element-5e34095 .elementor-heading-title{color:#050505;}.elementor-38478 .elementor-element.elementor-element-7766edc{text-align:center;}.elementor-38478 .elementor-element.elementor-element-7766edc .elementor-heading-title{color:#000000;}.elementor-widget-text-editor{font-family:var( --e-global-typography-text-font-family ), Sans-serif;font-size:var( --e-global-typography-text-font-size );font-weight:var( --e-global-typography-text-font-weight );line-height:var( --e-global-typography-text-line-height );color:var( --e-global-color-text );}.elementor-widget-text-editor.elementor-drop-cap-view-stacked .elementor-drop-cap{background-color:var( --e-global-color-primary );}.elementor-widget-text-editor.elementor-drop-cap-view-framed .elementor-drop-cap, .elementor-widget-text-editor.elementor-drop-cap-view-default .elementor-drop-cap{color:var( --e-global-color-primary );border-color:var( --e-global-color-primary );}.elementor-widget-button .elementor-button{background-color:var( --e-global-color-accent );font-family:var( --e-global-typography-accent-font-family ), Sans-serif;font-weight:var( --e-global-typography-accent-font-weight );}.elementor-38478 .elementor-element.elementor-element-48a19ea0 .elementor-button{background-color:#CF0000;border-style:solid;border-width:1px 1px 1px 1px;border-color:#CF0000;}.elementor-38478 .elementor-element.elementor-element-48a19ea0 .elementor-button:hover, .elementor-38478 .elementor-element.elementor-element-48a19ea0 .elementor-button:focus{background-color:#FFFFFF;color:#CF0000;}.elementor-38478 .elementor-element.elementor-element-48a19ea0 .elementor-button:hover svg, .elementor-38478 .elementor-element.elementor-element-48a19ea0 .elementor-button:focus svg{fill:#CF0000;}.elementor-38478 .elementor-element.elementor-element-8830330{--spacer-size:50px;}.elementor-38478 .elementor-element.elementor-element-76cf13c:not(.elementor-motion-effects-element-type-background), .elementor-38478 .elementor-element.elementor-element-76cf13c > .elementor-motion-effects-container > .elementor-motion-effects-layer{background-color:#656565;}.elementor-38478 .elementor-element.elementor-element-76cf13c{transition:background 0.3s, border 0.3s, border-radius 0.3s, box-shadow 0.3s;}.elementor-38478 .elementor-element.elementor-element-76cf13c > .elementor-background-overlay{transition:background 0.3s, border-radius 0.3s, opacity 0.3s;}.elementor-38478 .elementor-element.elementor-element-040cdd5{text-align:center;font-family:\"Roboto\", Sans-serif;font-size:26px;font-weight:400;color:#FFFFFF;}@media(max-width:1024px){.elementor-widget-text-editor{font-size:var( --e-global-typography-text-font-size );line-height:var( --e-global-typography-text-line-height );}}@media(max-width:767px){.elementor-widget-text-editor{font-size:var( --e-global-typography-text-font-size );line-height:var( --e-global-typography-text-line-height );}.elementor-38478 .elementor-element.elementor-element-040cdd5{font-size:19px;}}<\/style>\t\t<div data-elementor-type=\"wp-page\" data-elementor-id=\"38478\" class=\"elementor elementor-38478 elementor-1544\" data-elementor-post-type=\"page\">\n\t\t\t\t\t\t<section class=\"elementor-section elementor-top-section elementor-element elementor-element-2b9f584 elementor-section-boxed elementor-section-height-default elementor-section-height-default\" data-id=\"2b9f584\" data-element_type=\"section\">\n\t\t\t\t\t\t<div class=\"elementor-container elementor-column-gap-default\">\n\t\t\t\t\t<div class=\"elementor-column elementor-col-100 elementor-top-column elementor-element elementor-element-775ea14\" data-id=\"775ea14\" data-element_type=\"column\">\n\t\t\t<div class=\"elementor-widget-wrap elementor-element-populated\">\n\t\t\t\t\t\t<div class=\"elementor-element elementor-element-5e34095 elementor-widget elementor-widget-heading\" data-id=\"5e34095\" data-element_type=\"widget\" data-widget_type=\"heading.default\">\n\t\t\t\t<div class=\"elementor-widget-container\">\n\t\t\t\t\t<p class=\"elementor-heading-title elementor-size-default\">Seminarios\/Cursos de formaci\u00f3n<\/p>\t\t\t\t<\/div>\n\t\t\t\t<\/div>\n\t\t\t\t<div class=\"elementor-element elementor-element-7766edc elementor-widget elementor-widget-heading\" data-id=\"7766edc\" data-element_type=\"widget\" data-widget_type=\"heading.default\">\n\t\t\t\t<div class=\"elementor-widget-container\">\n\t\t\t\t\t<h1 class=\"elementor-heading-title elementor-size-default\">Profesora adjunta de Derecho laboral<\/h1>\t\t\t\t<\/div>\n\t\t\t\t<\/div>\n\t\t\t\t<div class=\"elementor-element elementor-element-52e377b elementor-widget elementor-widget-text-editor\" data-id=\"52e377b\" data-element_type=\"widget\" data-widget_type=\"text-editor.default\">\n\t\t\t\t<div class=\"elementor-widget-container\">\n\t\t\t\t\t\t\t\t\t<p>Para completar nuestra competencia principal en derecho laboral, llevamos muchos a\u00f1os trabajando como profesores y docentes en derecho laboral, por ejemplo, como docentes en la Universidad de Constanza o en el Arbeitsrechtsforum Bodensee GmbH (Foro de Derecho Laboral del Lago de Constanza).<\/p><p>Adem\u00e1s, impartimos regularmente conferencias sobre derecho laboral en diversos centros educativos. <\/p><p>Adem\u00e1s, impartimos cursos de formaci\u00f3n internos para empresas, especialmente dise\u00f1ados para abordar cuestiones operativas. Los cursos de formaci\u00f3n internos pueden impartirse in situ en la empresa o a trav\u00e9s de ArbeitsrechtsforumBodensee GmbH como organizador. <\/p>\t\t\t\t\t\t\t\t<\/div>\n\t\t\t\t<\/div>\n\t\t\t\t<div class=\"elementor-element elementor-element-48a19ea0 elementor-button-warning elementor-align-center elementor-widget elementor-widget-button\" data-id=\"48a19ea0\" data-element_type=\"widget\" data-widget_type=\"button.default\">\n\t\t\t\t<div class=\"elementor-widget-container\">\n\t\t\t\t\t\t\t\t\t<div class=\"elementor-button-wrapper\">\n\t\t\t\t\t<a class=\"elementor-button elementor-button-link elementor-size-xs elementor-animation-shrink\" href=\"https:\/\/wirlitsch-arbeitsrecht.de\/es\/cursos-de-formacion\/\">\n\t\t\t\t\t\t<span class=\"elementor-button-content-wrapper\">\n\t\t\t\t\t\t\t\t\t<span class=\"elementor-button-text\">Aqu\u00ed encontrar\u00e1 nuestros temas sobre los cursos de formaci\u00f3n...<\/span>\n\t\t\t\t\t<\/span>\n\t\t\t\t\t<\/a>\n\t\t\t\t<\/div>\n\t\t\t\t\t\t\t\t<\/div>\n\t\t\t\t<\/div>\n\t\t\t\t<div class=\"elementor-element elementor-element-8830330 elementor-widget elementor-widget-spacer\" data-id=\"8830330\" data-element_type=\"widget\" data-widget_type=\"spacer.default\">\n\t\t\t\t<div class=\"elementor-widget-container\">\n\t\t\t\t\t\t\t<div class=\"elementor-spacer\">\n\t\t\t<div class=\"elementor-spacer-inner\"><\/div>\n\t\t<\/div>\n\t\t\t\t\t\t<\/div>\n\t\t\t\t<\/div>\n\t\t\t\t\t<\/div>\n\t\t<\/div>\n\t\t\t\t\t<\/div>\n\t\t<\/section>\n\t\t\t\t<section class=\"elementor-section elementor-top-section elementor-element elementor-element-76cf13c elementor-section-boxed elementor-section-height-default elementor-section-height-default\" data-id=\"76cf13c\" data-element_type=\"section\" data-settings=\"{&quot;background_background&quot;:&quot;classic&quot;}\">\n\t\t\t\t\t\t<div class=\"elementor-container elementor-column-gap-default\">\n\t\t\t\t\t<div class=\"elementor-column elementor-col-100 elementor-top-column elementor-element elementor-element-74d1dc3\" data-id=\"74d1dc3\" data-element_type=\"column\">\n\t\t\t<div class=\"elementor-widget-wrap elementor-element-populated\">\n\t\t\t\t\t\t<div class=\"elementor-element elementor-element-040cdd5 elementor-widget elementor-widget-text-editor\" data-id=\"040cdd5\" data-element_type=\"widget\" data-widget_type=\"text-editor.default\">\n\t\t\t\t<div class=\"elementor-widget-container\">\n\t\t\t\t\t\t\t\t\tponerse en contacto con nosotros. Estaremos encantados de prepararle una oferta personalizada.\t\t\t\t\t\t\t\t<\/div>\n\t\t\t\t<\/div>\n\t\t\t\t\t<\/div>\n\t\t<\/div>\n\t\t\t\t\t<\/div>\n\t\t<\/section>\n\t\t\t\t<\/div>\n\t\t","protected":false},"excerpt":{"rendered":"<p>Seminarios\/Cursos de formaci\u00f3n Profesora adjunta de Derecho laboral Para completar nuestra competencia principal en derecho laboral, llevamos muchos a\u00f1os trabajando como profesores y docentes en derecho laboral, por ejemplo, como docentes en la Universidad de Constanza o en el Arbeitsrechtsforum Bodensee GmbH (Foro de Derecho Laboral del Lago de Constanza). Adem\u00e1s, impartimos regularmente conferencias sobre [&hellip;]<\/p>\n","protected":false},"author":4,"featured_media":0,"parent":0,"menu_order":0,"comment_status":"closed","ping_status":"closed","template":"","meta":{"footnotes":""},"class_list":["post-38478","page","type-page","status-publish","hentry"],"_links":{"self":[{"href":"https:\/\/wirlitsch-arbeitsrecht.de\/es\/wp-json\/wp\/v2\/pages\/38478","targetHints":{"allow":["GET"]}}],"collection":[{"href":"https:\/\/wirlitsch-arbeitsrecht.de\/es\/wp-json\/wp\/v2\/pages"}],"about":[{"href":"https:\/\/wirlitsch-arbeitsrecht.de\/es\/wp-json\/wp\/v2\/types\/page"}],"author":[{"embeddable":true,"href":"https:\/\/wirlitsch-arbeitsrecht.de\/es\/wp-json\/wp\/v2\/users\/4"}],"replies":[{"embeddable":true,"href":"https:\/\/wirlitsch-arbeitsrecht.de\/es\/wp-json\/wp\/v2\/comments?post=38478"}],"version-history":[{"count":1,"href":"https:\/\/wirlitsch-arbeitsrecht.de\/es\/wp-json\/wp\/v2\/pages\/38478\/revisions"}],"predecessor-version":[{"id":38479,"href":"https:\/\/wirlitsch-arbeitsrecht.de\/es\/wp-json\/wp\/v2\/pages\/38478\/revisions\/38479"}],"wp:attachment":[{"href":"https:\/\/wirlitsch-arbeitsrecht.de\/es\/wp-json\/wp\/v2\/media?parent=38478"}],"curies":[{"name":"wp","href":"https:\/\/api.w.org\/{rel}","templated":true}]}}