{"id":38491,"date":"2025-11-21T20:39:24","date_gmt":"2025-11-21T19:39:24","guid":{"rendered":"https:\/\/wirlitsch-arbeitsrecht.de\/socios-colaboradores\/"},"modified":"2026-02-23T16:35:53","modified_gmt":"2026-02-23T15:35:53","slug":"socios-colaboradores","status":"publish","type":"page","link":"https:\/\/wirlitsch-arbeitsrecht.de\/es\/socios-colaboradores\/","title":{"rendered":"socios colaboradores"},"content":{"rendered":"<style>.elementor-38491 .elementor-element.elementor-element-87052da{margin-top:100px;margin-bottom:100px;}:root{--page-title-display:none;}@media(max-width:767px){.elementor-38491 .elementor-element.elementor-element-87052da{margin-top:50px;margin-bottom:50px;}}<\/style>\t\t<div data-elementor-type=\"wp-page\" data-elementor-id=\"38491\" class=\"elementor elementor-38491 elementor-37744\" data-elementor-post-type=\"page\">\n\t\t\t\t\t\t<section class=\"elementor-section elementor-top-section elementor-element elementor-element-87052da elementor-section-boxed elementor-section-height-default elementor-section-height-default\" data-id=\"87052da\" data-element_type=\"section\">\n\t\t\t\t\t\t<div class=\"elementor-container elementor-column-gap-default\">\n\t\t\t\t\t<div class=\"elementor-column elementor-col-100 elementor-top-column elementor-element elementor-element-24f753a\" data-id=\"24f753a\" data-element_type=\"column\">\n\t\t\t<div class=\"elementor-widget-wrap elementor-element-populated\">\n\t\t\t\t\t\t<div class=\"elementor-element elementor-element-68743d9 elementor-widget elementor-widget-html\" data-id=\"68743d9\" data-element_type=\"widget\" data-widget_type=\"html.default\">\n\t\t\t\t<div class=\"elementor-widget-container\">\n\t\t\t\t\t<!-- Google Font Amiri -->\n<link href=\"https:\/\/fonts.googleapis.com\/css2?family=Amiri:wght@400;700&amp;display=swap\" rel=\"stylesheet\">\n\n<section class=\"wirlitsch-partner\">\n  <div class=\"wirlitsch-container\">\n    <header class=\"partner-headline\">\n      <h2>socios colaboradores<\/h2>\n      <p>Socios s\u00f3lidos para un asesoramiento y una formaci\u00f3n continua excelentes en materia de derecho laboral.<\/p>\n    <\/header>\n\n    <div class=\"partner-grid\">\n\n      <!-- Partner 1 \u2013 AFB-Schulung -->\n      <article class=\"partner-card\">\n        <div class=\"partner-card-content\">\n          <h3>Formaci\u00f3n AFB<\/h3>\n          <p>Cursos, seminarios y formaci\u00f3n continua en derecho laboral alem\u00e1n y europeo.<\/p>\n        <\/div>\n        <a class=\"partner-btn\" href=\"https:\/\/arbeitsrecht-schulungen.de\/\" target=\"_blank\" rel=\"noopener\">\n Visitar el sitio web \u2197\n        <\/a>\n      <\/article>\n\n      <!-- Partner 2 \u2013 DIRO -->\n      <article class=\"partner-card\">\n        <div class=\"partner-card-content\">\n          <h3>DIRO<\/h3>\n          <p>Muchos bufetes. Una red s\u00f3lida. <\/p>\n        <\/div>\n        <a class=\"partner-btn\" href=\"https:\/\/diro.eu\/de\" target=\"_blank\" rel=\"noopener\">\n Visitar la red \u2197\n        <\/a>\n      <\/article>\n\n    <\/div>\n  <\/div>\n<\/section>\n\n<style>\n  \/* ===== Partner Section (Wirlitsch Design) ===== *\/\n  .wirlitsch-partner{\n    background: #ffffff;\n    padding: clamp(28px, 4vw, 56px) 0;\n  }\n  .wirlitsch-container{\n    width: min(1100px, 92%);\n    margin: 0 auto;\n  }\n\n  \/* \u00dcberschriften in Amiri *\/\n  .partner-headline h2,\n  .partner-card-content h3 {\n    font-family: 'Amiri', serif !important;\n    font-weight: 700;\n  }\n\n  .partner-headline{\n    text-align: center;\n    margin-bottom: clamp(18px, 3vw, 30px);\n  }\n  .partner-headline h2{\n    font-size: clamp(22px, 3vw, 30px);\n    margin: 0 0 8px 0;\n    color: #111;\n    letter-spacing: .2px;\n  }\n  .partner-headline p{\n    margin: 0 auto;\n    max-width: 720px;\n    color: #444;\n    font-size: clamp(15px, 2vw, 17px);\n  }\n\n  .partner-grid{\n    display: grid;\n    grid-template-columns: repeat(2, minmax(0, 1fr));\n    gap: clamp(12px, 2vw, 18px);\n  }\n\n  .partner-card{\n    border: 1px solid #eeeeee;\n    border-radius: 14px;\n    background: #fafafa;\n    padding: clamp(14px, 2.2vw, 18px);\n    display: flex;\n    flex-direction: column;\n    justify-content: space-between;\n    box-shadow: 0 6px 18px rgba(0,0,0,0.05);\n    transition: transform .18s ease, box-shadow .18s ease, border-color .18s ease;\n  }\n  .partner-card:hover{\n    transform: translateY(-2px);\n    border-color: #e2e2e2;\n    box-shadow: 0 10px 24px rgba(0,0,0,0.08);\n  }\n\n  .partner-card-content h3{\n    margin: 0 0 6px 0;\n    font-size: clamp(17px, 2.2vw, 19px);\n    color: #111;\n  }\n  .partner-card-content p{\n    margin: 0 0 12px 0;\n    color: #4a4a4a;\n    font-size: 15.5px;\n    line-height: 1.55;\n  }\n\n  .partner-btn{\n    display: inline-flex;\n    align-items: center;\n    justify-content: center;\n    gap: 8px;\n    text-decoration: none;\n    font-weight: 700;\n    font-size: 15.5px;\n    padding: 11px 14px;\n    border-radius: 10px;\n    color: #993300;\n    background: #fff;\n    border: 2px solid #993300;\n    transition: background .18s ease, color .18s ease, transform .18s ease;\n  }\n  .partner-btn:hover{\n    background: #993300;\n    color: #fff;\n    transform: translateY(-1px);\n  }\n\n  @media (max-width: 820px){\n    .partner-grid{ grid-template-columns: 1fr; }\n  }\n<\/style>\t\t\t\t<\/div>\n\t\t\t\t<\/div>\n\t\t\t\t\t<\/div>\n\t\t<\/div>\n\t\t\t\t\t<\/div>\n\t\t<\/section>\n\t\t\t\t<\/div>\n\t\t","protected":false},"excerpt":{"rendered":"<p>socios colaboradores Socios s\u00f3lidos para un asesoramiento y una formaci\u00f3n continua excelentes en materia de derecho laboral. Formaci\u00f3n AFB Cursos, seminarios y formaci\u00f3n continua en derecho laboral alem\u00e1n y europeo. Visitar el sitio web \u2197 DIRO Muchos bufetes. Una red s\u00f3lida. Visitar la red \u2197<\/p>\n","protected":false},"author":8,"featured_media":0,"parent":0,"menu_order":0,"comment_status":"closed","ping_status":"closed","template":"","meta":{"footnotes":""},"class_list":["post-38491","page","type-page","status-publish","hentry"],"_links":{"self":[{"href":"https:\/\/wirlitsch-arbeitsrecht.de\/es\/wp-json\/wp\/v2\/pages\/38491","targetHints":{"allow":["GET"]}}],"collection":[{"href":"https:\/\/wirlitsch-arbeitsrecht.de\/es\/wp-json\/wp\/v2\/pages"}],"about":[{"href":"https:\/\/wirlitsch-arbeitsrecht.de\/es\/wp-json\/wp\/v2\/types\/page"}],"author":[{"embeddable":true,"href":"https:\/\/wirlitsch-arbeitsrecht.de\/es\/wp-json\/wp\/v2\/users\/8"}],"replies":[{"embeddable":true,"href":"https:\/\/wirlitsch-arbeitsrecht.de\/es\/wp-json\/wp\/v2\/comments?post=38491"}],"version-history":[{"count":1,"href":"https:\/\/wirlitsch-arbeitsrecht.de\/es\/wp-json\/wp\/v2\/pages\/38491\/revisions"}],"predecessor-version":[{"id":38492,"href":"https:\/\/wirlitsch-arbeitsrecht.de\/es\/wp-json\/wp\/v2\/pages\/38491\/revisions\/38492"}],"wp:attachment":[{"href":"https:\/\/wirlitsch-arbeitsrecht.de\/es\/wp-json\/wp\/v2\/media?parent=38491"}],"curies":[{"name":"wp","href":"https:\/\/api.w.org\/{rel}","templated":true}]}}